{"id":28201,"date":"2020-09-17T14:09:34","date_gmt":"2020-09-17T12:09:34","guid":{"rendered":"https:\/\/www.linvosges-hotellerie.com\/allgemeine-nutzungsbedingungen\/"},"modified":"2024-06-06T10:36:21","modified_gmt":"2024-06-06T08:36:21","slug":"allgemeine-nutzungsbedingungen","status":"publish","type":"page","link":"https:\/\/www.linvosges-hotellerie.com\/de\/allgemeine-nutzungsbedingungen\/","title":{"rendered":"Allgemeine Nutzungsbedingungen"},"content":{"rendered":"<\/p>\n<p>Aktualisiert am 05 \/ 05 \/ 2023<\/p>\n<ul>\n<li>ARTIKEL 1 &#8211; VORHERIGE ANNAHME DER ALLGEMEINEN GESCH\u00c4FTSBEDINGUNGEN F\u00dcR DIE NUTZUNG DER WEBSITE &#8211; \u00c4NDERUNG<\/li>\n<li>ARTIKEL 2 &#8211; ZUGANG ZUM STANDORT &#8211; BETRIEB &#8211; SICHERHEIT<\/li>\n<li>ARTIKEL 3 &#8211; ACHTUNG DER RECHTE ANDERER<\/li>\n<li>ARTIKEL 4 &#8211; EINRICHTUNG VON HYPERLINKS<\/li>\n<li>ARTIKEL 5 &#8211; ERKL\u00c4RUNGEN &#8211; HAFTUNG<\/li>\n<li>ARTIKEL 6 &#8211; VERS\u00c4UMNISSE DES NUTZERS<\/li>\n<li>ARTIKEL 7 &#8211; PERS\u00d6NLICHE DATEN &#8211; NAVIGATIONSDATEN<\/li>\n<li>ARTIKEL 8 &#8211; ACHTUNG DER RECHTE AN GEISTIGEM EIGENTUM<\/li>\n<li>ARTIKEL 9 &#8211; DOMIZILWAHL UND ANWENDBARES RECHT<\/li>\n<\/ul>\n<p>Die vorliegenden Allgemeinen Nutzungsbedingungen, oder kurz &#8220;ANB&#8221;, haben zum Ziel, die Modalit\u00e4ten und Bedingungen f\u00fcr den Besuch und die Nutzung der Website sowie die Rechte und Pflichten der Gesellschaft Linvosges, im Folgenden Linvosges, Herausgeber der Website, und jedes Besuchers der Website, unabh\u00e4ngig davon, ob er einen Online-Kauf t\u00e4tigt oder nicht (im Folgenden auch als &#8220;Nutzer&#8221; bezeichnet), festzulegen.<\/p>\n<h2>ARTIKEL 1 &#8211; ANNAHME DER ALLGEMEINEN GESCH\u00c4FTSBEDINGUNGEN F\u00dcR DIE NUTZUNG DER WEBSITE &#8211; \u00c4NDERUNG<\/h2>\n<p>1.1. Diese Allgemeinen Nutzungsbedingungen oder abgek\u00fcrzt &#8220;ANB&#8221; gelten f\u00fcr jeden Besuch oder jede Nutzung der von Linvosges betriebenen Website(s) mit der Internetadresse www.linvosges-hotellerie.fr oder einer anderen von Linvosges gew\u00e4hlten Internetadresse, unabh\u00e4ngig von ihrem Gegenstand, einschlie\u00dflich eventueller \u00c4nderungen und aller nachfolgenden zus\u00e4tzlichen Bedingungen (nachfolgend als die Website bezeichnet). Mit der Nutzung der Website erkl\u00e4rt sich der Nutzer vorbehaltlos mit den Allgemeinen Nutzungsbedingungen einverstanden und kann diese nur unter strikter Einhaltung dieser Bedingungen nutzen.<\/p>\n<p>1.2 Linvosges beh\u00e4lt sich das Recht vor, die Allgemeinen Nutzungsbedingungen und\/oder die Website jederzeit ganz oder teilweise zu \u00e4ndern. Alle Erg\u00e4nzungen oder \u00c4nderungen treten sofort nach ihrer Ver\u00f6ffentlichung in Kraft, und es wird davon ausgegangen, dass der Nutzer dies allein durch den Zugang und die Nutzung der Website zu diesem Zeitpunkt akzeptiert hat.<\/p>\n<p>1.3 Sollten eine oder mehrere Bestimmungen der Allgemeinen Nutzungsbedingungen aufgrund eines Gesetzes, eines Vertrages oder einer endg\u00fcltigen gerichtlichen oder administrativen Entscheidung eines zust\u00e4ndigen Gerichts f\u00fcr ung\u00fcltig oder nichtig erkl\u00e4rt werden, so bleiben die \u00fcbrigen Bestimmungen, die nicht im Widerspruch zu diesen Bestimmungen stehen, in Kraft und behalten ihre G\u00fcltigkeit.<\/p>\n<h2>ARTIKEL 2 &#8211; ZUGANG ZUM STANDORT &#8211; BETRIEB &#8211; SICHERHEIT<\/h2>\n<p>2.1 Als Internetnutzer erkl\u00e4rt jeder Besucher und\/oder Kunde, dass er die Unw\u00e4gbarkeiten und Gegebenheiten des Internets kennt, insbesondere seine funktionellen Merkmale und technischen Leistungen, die Risiken von Unterbrechungen, die Antwortzeiten zum Abrufen, Abfragen oder \u00dcbertragen von Informationen, die Risiken insbesondere von Datenverletzungen, die durch ein betr\u00fcgerisches Eindringen in die Website entstehen k\u00f6nnen, ungeachtet der Sicherheitsma\u00dfnahmen, die wir ergreifen und entsprechend den Fortschritten weiterentwickeln, sowie die Risiken, die durch die Nutzung der Website entstehen k\u00f6nnen.<br \/>technischen Aspekte.<\/p>\n<p>Die Website ist sicher.<\/p>\n<p>Wie k\u00f6nnen Sie ihn erkennen?<br \/>Durch die Angabe https, die der Adresse der Website vorangestellt ist und best\u00e4tigt, dass es sich um die offizielle Website handelt. Das &#8220;s&#8221;, das an das \u00fcbliche http angeh\u00e4ngt wird, bedeutet &#8220;sicher&#8221; (Hyper Text Transfer Protocol Secure); das Symbol eines geschlossenen Vorh\u00e4ngeschlosses erscheint auch in der Adressleiste der E-Commerce-Website mit dem Hinweis &#8220;sicher&#8221;. Wir empfehlen dem Nutzer, vorsichtshalber zu \u00fcberpr\u00fcfen, ob die Adresse der Website, zu der er eine Verbindung herstellt, diese Hinweise enth\u00e4lt.<\/p>\n<p>2.2. Es obliegt dem Internetnutzer, sich angemessen auszustatten, insbesondere in Bezug auf Computer, Telekommunikation und Sicherheit, und alle Ma\u00dfnahmen zu ergreifen, um seine Daten und\/oder Software, die auf seiner Computerausr\u00fcstung gespeichert sind, gegen jede Beeintr\u00e4chtigung zu sch\u00fctzen, insbesondere durch die Durchf\u00fchrung aller notwendigen Ausdrucke, Sicherungen und Virenscans. Insbesondere im Hinblick auf die Kommunikationstechnik des Internets m\u00fcssen wir jede Haftung f\u00fcr Sch\u00e4den ablehnen, die aus der Nutzung der Website entstehen.<br \/>Haftung im Falle von :<\/p>\n<\/p>\n<ul>\n<li>Alle Sch\u00e4den, die aus einem betr\u00fcgerischen Eindringen eines Dritten resultieren, das nicht unserem Unternehmen zugerechnet werden kann,<br \/>die zu einer \u00c4nderung der auf der Website zur Verf\u00fcgung gestellten Informationen gef\u00fchrt haben k\u00f6nnten;<\/li>\n<li>Allgemeiner gesagt, alle direkten oder indirekten, materiellen oder immateriellen Sch\u00e4den, unabh\u00e4ngig von der Art des Schadens.<br \/>Ursachen, Urspr\u00fcngen, Natur oder Folgen, die durch den Zugriff einer nicht autorisierten Person auf das Internet verursacht werden.<br \/>Die Nutzung der Website oder die Unm\u00f6glichkeit des Zugriffs auf die Website aufgrund von Unterbrechungen, Aussetzungen oder Fehlfunktionen.<\/li>\n<\/ul>\n<p>2.3. Linvosges bem\u00fcht sich, die Website 24 Stunden am Tag und 7 Tage in der Woche zug\u00e4nglich zu machen. Dennoch kann Linvosges jederzeit Test-, Kontroll- und Wartungsmodalit\u00e4ten und -operationen sowie notwendige Eingriffe im Falle von St\u00f6rungen durchf\u00fchren, was zu Unterbrechungen des Dienstes der Website f\u00fchren kann.<\/p>\n<p>2.4 Die Nutzer verpflichten sich, den ordnungsgem\u00e4\u00dfen Betrieb der Website in keiner Weise zu beeintr\u00e4chtigen und insbesondere die Bandbreiten nicht missbr\u00e4uchlich zu \u00fcberlasten und keine Elemente auf oder \u00fcber die Website zu \u00fcbertragen, die einen Virus, ein trojanisches Pferd, eine logische Bombe oder ein anderes Element enthalten k\u00f6nnen, das die Systeme und\/oder die Informationen der Internetnutzer sch\u00e4digen kann.<\/p>\n<h2>ARTIKEL 3 &#8211; ACHTUNG DER RECHTE ANDERER<\/h2>\n<p>Sie m\u00fcssen sich bei der Nutzung des Internets so verhalten, dass Sie die Rechte Dritter und unsere Gesellschaft respektieren. Insbesondere wird darauf hingewiesen, dass es Internetnutzern untersagt ist, beleidigende, rassistische, diskriminierende, sittenwidrige, gewaltverherrlichende oder den Ruf oder das Bild einer Person sch\u00e4digende Nachrichten in die freien Textbereiche der Website und\/oder auf die offiziellen Linvosges-Seiten in sozialen Netzwerken einzutragen, da dies zu einer Haftung f\u00fchren kann.<\/p>\n<h2>ARTIKEL 4 &#8211; ERSTELLUNG VON HYPERLINKS<\/h2>\n<p>Jeder Nutzer kann von seiner\/seinen Website(s) aus Hyperlinks zu dieser Website erstellen, vorausgesetzt, dass (i) die Einrichtung und Umsetzung eines solchen Hypertext-Links Gegenstand einer vorherigen Benachrichtigung von Linvosges ist und von diesem ausdr\u00fccklich und schriftlich genehmigt wurde, (ii) die Hinweise auf die Rechte von Linvosges oder andere Hinweise, die auf der Website enthalten sind, nicht ver\u00e4ndert oder verschleiert werden, (iii) der Hyperlink nach einer einfachen Mitteilung auf erste Aufforderung von Linvosges entfernt wird, und zwar auch dann, wenn dieser Gegenstand einer fr\u00fcheren Genehmigung war. Jeder Hyperlink, der auf die Website verweist und die Technik des Framing und des Inline-Linking verwendet, ist ausdr\u00fccklich verboten.<\/p>\n<h2>ARTIKEL 5 &#8211; ERKL\u00c4RUNGEN &#8211; HAFTUNG<\/h2>\n<p>5.1 Die Verbindung des Nutzers mit der Website erfolgt unter seiner alleinigen Verantwortung.<\/p>\n<p>5.2 Hyperlinks k\u00f6nnen auf der Website enthalten sein und zu anderen Websites f\u00fchren, einschlie\u00dflich der Websites von Partnern von Linvosges, wie z. B. den Partnern und Vertriebspartnern von Linvosges. Es wird darauf hingewiesen, dass Linvosges keine Kontrolle \u00fcber den Inhalt dieser Websites hat, insbesondere nicht \u00fcber die Produkte, Dienstleistungen und andere Informationen, die auf und\/oder \u00fcber diese Websites verf\u00fcgbar sind.<\/p>\n<h2>ARTIKEL 6 &#8211; VERS\u00c4UMNISSE DES NUTZERS<\/h2>\n<p>Jeder Versto\u00df gegen die Allgemeinen Nutzungsbedingungen kann dazu f\u00fchren, dass einem Nutzer die Nutzung der Website untersagt wird, und zwar nach alleinigem Ermessen von Linvosges und unbeschadet der anderen Rechte und Rechtsmittel von Linvosges im Falle einer Systemverletzung und\/oder eines Schadens.<\/p>\n<\/p>\n<h2>ARTIKEL 7 &#8211; PERS\u00d6NLICHE DATEN UND NAVIGATIONSDATEN<\/h2>\n<p>7.1 Linvosges sammelt pers\u00f6nliche und\/oder Navigationsinformationen \u00fcber den Nutzer im Zusammenhang mit der Nutzung der Website, der Aufgabe einer Bestellung oder der Verwaltung seines Kundenkontos. Einige dieser Informationen k\u00f6nnen auch f\u00fcr Dritte bestimmt sein, f\u00fcr Dienstleister, die direkt oder indirekt am Betrieb der Website beteiligt sind, um es Linvosges zu erm\u00f6glichen, die vom Benutzer angeforderte Dienstleistung zu erbringen, f\u00fcr unsere Gesch\u00e4fte und unsere Gesch\u00e4ftspartner, um Ihnen ihre Angebote per Post oder Telefon zukommen zu lassen. Kunden k\u00f6nnen auch unsere Angebote f\u00fcr Haushaltsprodukte per E-Mail an die E-Mail-Adresse erhalten, die sie uns mitgeteilt haben. Der Benutzer kann die Newsletter von Linvosges Hotellerie sowie die Angebote und Mitteilungen der Partner von Linvosges per E-Mail erhalten, wenn er Kunde ist oder wenn der Benutzer dem Erhalt zugestimmt hat, indem er die entsprechenden K\u00e4stchen auf den Formularen, die auf der Website von Linvosges Hotellerie zug\u00e4nglich sind, speziell angekreuzt hat. Der Nutzer, der ein Konto hat, kann bestimmte pers\u00f6nliche Informationen hinzuf\u00fcgen, \u00e4ndern oder l\u00f6schen, indem er sich direkt zu seinem Konto begibt.<\/p>\n<p>7.2 Die Website kann Informationen vom Browser des Nutzers speichern oder abrufen, in der Regel in Form von Cookies. Diese Informationen, die sich auf die Kontaktdaten, das Surfverhalten, die Vorlieben des Nutzers oder sein Internetger\u00e4t (Computer, Tablet oder mobiles Ger\u00e4t usw.) beziehen k\u00f6nnen, erm\u00f6glichen es uns, unsere Website und\/oder unsere Angebote an die Erwartungen der Nutzer anzupassen. Cookies werden von der besuchten Website oder von Partnern f\u00fcr bestimmte Zwecke platziert, z. B. f\u00fcr die Messung der Besucherzahlen, Analysen, zielgerichtete Werbung usw. Die Cookies werden von der besuchten Website oder von Partnern f\u00fcr bestimmte Zwecke platziert. F\u00fcr weitere Informationen \u00fcber unsere Politik zum Datenschutz und zur Verarbeitung personenbezogener Daten sowie \u00fcber die Verwendung von Cookies <a href=\"https:\/\/www.linvosges-hotellerie.com\/de\/datenschutzrichtlinie\/\">klicken Sie hier<\/a>. Bei Fragen zum Schutz personenbezogener Daten k\u00f6nnen Sie auch unseren Datenschutzbeauftragten unter der E-Mail-Adresse: dpo@linvosges.com kontaktieren.<\/p>\n<h2>ARTIKEL 8 &#8211; ACHTUNG DER RECHTE AN GEISTIGEM EIGENTUM<\/h2>\n<p>8.1 Alle Marken und Logos sind Eigentum der Gesellschaft Linvosges oder der betreffenden Einheiten und durch das Markenrecht gesch\u00fctzt. Insbesondere, aber nicht ausschlie\u00dflich, sind die Marken Linvosges\u00ae und Linvosges l&#8217;amour du beau linge\u00ae eingetragene Marken der Gesellschaft Linvosges. Die geistigen Eigentumsrechte an den Grafiken, Zeichnungen, Modellen, Produktdesigns und Produktnamen oder Namen von Kollektionen und im Allgemeinen an allen kreativen Elementen sind das ausschlie\u00dfliche Eigentum der Gesellschaft.<br \/>Linvosges oder seine Lieferanten, wobei diese keine Lizenz oder andere Rechte als das Recht, die Website zu besuchen, gew\u00e4hren.Die Nutzer werden darauf hingewiesen, dass die Website, ihre Baumstruktur und ihr Inhalt (einschlie\u00dflich aller Informationen, die im Rahmen des Dienstes zug\u00e4nglich sind, insbesondere in Form von Texten, Fotos, Bildern, T\u00f6nen, Daten, Datenbanken und herunterladbaren Programmen, einschlie\u00dflich der zugrunde liegenden Technologie) sowie alle auf der Website enthaltenen oder f\u00fcr die Website erstellten Elemente durch geistige und\/oder gewerbliche Eigentumsrechte gesch\u00fctzt sind, die Linvosges besitzt oder zu deren Nutzung sie berechtigt ist.<\/p>\n<p>8.2. Das einzige Recht, das einem Nutzer gew\u00e4hrt wird, besteht darin, die gesamte Website oder einen Teil davon vor\u00fcbergehend auf seiner Ausr\u00fcstung zu empfangen, um sie zu besuchen. Den Nutzern ist es unter keinen Umst\u00e4nden gestattet, ohne vorherige schriftliche Genehmigung von Linvosges die Elemente der Website und die Website selbst au\u00dferhalb der Verbindungssitzung zu speichern, zu reproduzieren, darzustellen, zu modifizieren, zu \u00fcbertragen, zu ver\u00f6ffentlichen, auf welchem Medium auch immer und mit welchen Mitteln auch immer anzupassen oder auf welche Weise auch immer zu verwerten. Die Vervielf\u00e4ltigung jeglichen Materials, das auf der Website ver\u00f6ffentlicht wird, ist ausschlie\u00dflich zu Informationszwecken f\u00fcr den pers\u00f6nlichen und privaten Gebrauch gestattet, und die Vervielf\u00e4ltigung oder Nutzung von Kopien f\u00fcr andere Zwecke ist ausdr\u00fccklich untersagt. Folglich stellt jede Vervielf\u00e4ltigung und\/oder jede Nutzung und\/oder jede Darstellung ohne die vorherige schriftliche Zustimmung von Linvosges oder der betreffenden Einheit eine F\u00e4lschung dar und wird gem\u00e4\u00df dem Markenrecht und dem Urheberrecht in \u00dcbereinstimmung mit dem Gesetz \u00fcber geistiges Eigentum verfolgt und bestraft. Sie kann auch zu einer Verfolgung wegen unlauteren Wettbewerbs und Parasitismus f\u00fchren.<\/p>\n<h2>ARTIKEL 9 &#8211; DOMIZILWAHL UND ANWENDBARES RECHT<\/h2>\n<p>F\u00fcr die Anwendung der Allgemeinen Nutzungsbedingungen und ihrer Folgen meldet Linvosges seinen Sitz als Wohnsitz an.<\/p>\n<\/p>\n<p>Die Allgemeinen Nutzungsbedingungen unterliegen in ihrer Anwendung, Auslegung und Ausf\u00fchrung dem franz\u00f6sischen Recht, das dem Recht des Herkunftslandes des Herausgebers der Website entspricht. Diese Website wird von der Firma Linvosges herausgegeben, einer Gesellschaft nach franz\u00f6sischem Recht, die der franz\u00f6sischen Gesetzgebung \u00fcber Fernabsatz, Verbraucherinformation und Verbraucherschutz unterliegt.<\/p><\/p>\n","protected":false},"excerpt":{"rendered":"<p>Aktualisiert am 05 \/ 05 \/ 2023 ARTIKEL 1 &#8211; VORHERIGE ANNAHME DER ALLGEMEINEN GESCH\u00c4FTSBEDINGUNGEN F\u00dcR DIE NUTZUNG DER WEBSITE &#8211; \u00c4NDERUNG ARTIKEL 2 &#8211; ZUGANG ZUM STANDORT &#8211; BETRIEB &#8211; SICHERHEIT ARTIKEL 3 &#8211; ACHTUNG DER RECHTE ANDERER ARTIKEL 4 &#8211; EINRICHTUNG VON HYPERLINKS ARTIKEL 5 &#8211; ERKL\u00c4RUNGEN &#8211; HAFTUNG ARTIKEL 6 &#8211; VERS\u00c4UMNISSE [&hellip;]<\/p>\n","protected":false},"author":3,"featured_media":10416,"parent":0,"menu_order":32,"comment_status":"closed","ping_status":"closed","template":"","meta":{"_acf_changed":false,"footnotes":""},"class_list":["post-28201","page","type-page","status-publish","has-post-thumbnail","hentry"],"acf":[],"_links":{"self":[{"href":"https:\/\/www.linvosges-hotellerie.com\/de\/wp-json\/wp\/v2\/pages\/28201","targetHints":{"allow":["GET"]}}],"collection":[{"href":"https:\/\/www.linvosges-hotellerie.com\/de\/wp-json\/wp\/v2\/pages"}],"about":[{"href":"https:\/\/www.linvosges-hotellerie.com\/de\/wp-json\/wp\/v2\/types\/page"}],"author":[{"embeddable":true,"href":"https:\/\/www.linvosges-hotellerie.com\/de\/wp-json\/wp\/v2\/users\/3"}],"replies":[{"embeddable":true,"href":"https:\/\/www.linvosges-hotellerie.com\/de\/wp-json\/wp\/v2\/comments?post=28201"}],"version-history":[{"count":0,"href":"https:\/\/www.linvosges-hotellerie.com\/de\/wp-json\/wp\/v2\/pages\/28201\/revisions"}],"wp:featuredmedia":[{"embeddable":true,"href":"https:\/\/www.linvosges-hotellerie.com\/de\/wp-json\/wp\/v2\/media\/10416"}],"wp:attachment":[{"href":"https:\/\/www.linvosges-hotellerie.com\/de\/wp-json\/wp\/v2\/media?parent=28201"}],"curies":[{"name":"wp","href":"https:\/\/api.w.org\/{rel}","templated":true}]}}