{"id":28213,"date":"2020-12-02T10:01:19","date_gmt":"2020-12-02T09:01:19","guid":{"rendered":"https:\/\/www.linvosges-hotellerie.com\/mein-konto-2\/"},"modified":"2025-03-19T12:05:58","modified_gmt":"2025-03-19T11:05:58","slug":"mein-konto-2","status":"publish","type":"page","link":"https:\/\/www.linvosges-hotellerie.com\/de\/mein-konto-2\/","title":{"rendered":"Mein Konto"},"content":{"rendered":"<div class=\"woocommerce\"><\/div>\n<h2>Berufliche Informationen<\/h2>\n<p>\u00dcberpr\u00fcfen und aktualisieren Sie die Informationen \u00fcber Ihr Unternehmen.<\/p>\n<p><br \/>\n\t\t\t<a href=\"\/mon-compte\/details\"><br \/>\n\t\t\t\t\t\t\t\t\tInformationen bearbeiten<br \/>\n\t\t\t\t\t<\/a><\/p>\n<h2>Bestellhistorie<\/h2>\n<p>Hier finden Sie alle Ihre Bestellungen, verfolgen Sie Ihre Lieferungen&#8230;<\/p>\n<p><br \/>\n\t\t\t<a href=\"\/mon-compte\/commandes\"><br \/>\n\t\t\t\t\t\t\t\t\tAlle Bestellungen<br \/>\n\t\t\t\t\t<\/a><\/p>\n<h2>Zahlungsmethoden<\/h2>\n<p>Finden Sie Ihre gespeicherten Zahlungsmethoden<\/p>\n<p>\t\t\t<a href=\"\/mon-compte\/moyens-de-paiement\"><br \/>\n\t\t\t\t\t\t\t\t\tBesuchen Sie<br \/>\n\t\t\t\t\t<\/a><\/p>\n<h2>Kontaktinformationen<\/h2>\n<p>\u00dcberpr\u00fcfen und aktualisieren Sie Ihre Lieferadressen.  <\/p>\n<p>\t\t\t<a href=\"\/mon-compte\/coordonnees\"><br \/>\n\t\t\t\t\t\t\t\t\tBesuchen Sie<br \/>\n\t\t\t\t\t<\/a><\/p>\n<h2>Abmeldung<\/h2>\n<p>In der Hoffnung, Sie bald wiederzusehen<\/p>\n<p>\t\t\t<a href=\"\/mon-compte\/deconnexion\"><br \/>\n\t\t\t\t\t\t\t\t\tAbmeldung<br \/>\n\t\t\t\t\t<\/a><\/p>\n","protected":false},"excerpt":{"rendered":"<p>Berufliche Informationen \u00dcberpr\u00fcfen und aktualisieren Sie die Informationen \u00fcber Ihr Unternehmen. Informationen bearbeiten Bestellhistorie Hier finden Sie alle Ihre Bestellungen, verfolgen Sie Ihre Lieferungen&#8230; Alle Bestellungen Zahlungsmethoden Finden Sie Ihre gespeicherten Zahlungsmethoden Besuchen Sie Kontaktinformationen \u00dcberpr\u00fcfen und aktualisieren Sie Ihre Lieferadressen. Besuchen Sie Abmeldung In der Hoffnung, Sie bald wiederzusehen Abmeldung<\/p>\n","protected":false},"author":1,"featured_media":10416,"parent":0,"menu_order":15,"comment_status":"closed","ping_status":"closed","template":"","meta":{"_acf_changed":false,"footnotes":""},"class_list":["post-28213","page","type-page","status-publish","has-post-thumbnail","hentry"],"acf":[],"_links":{"self":[{"href":"https:\/\/www.linvosges-hotellerie.com\/de\/wp-json\/wp\/v2\/pages\/28213","targetHints":{"allow":["GET"]}}],"collection":[{"href":"https:\/\/www.linvosges-hotellerie.com\/de\/wp-json\/wp\/v2\/pages"}],"about":[{"href":"https:\/\/www.linvosges-hotellerie.com\/de\/wp-json\/wp\/v2\/types\/page"}],"author":[{"embeddable":true,"href":"https:\/\/www.linvosges-hotellerie.com\/de\/wp-json\/wp\/v2\/users\/1"}],"replies":[{"embeddable":true,"href":"https:\/\/www.linvosges-hotellerie.com\/de\/wp-json\/wp\/v2\/comments?post=28213"}],"version-history":[{"count":1,"href":"https:\/\/www.linvosges-hotellerie.com\/de\/wp-json\/wp\/v2\/pages\/28213\/revisions"}],"predecessor-version":[{"id":60665,"href":"https:\/\/www.linvosges-hotellerie.com\/de\/wp-json\/wp\/v2\/pages\/28213\/revisions\/60665"}],"wp:featuredmedia":[{"embeddable":true,"href":"https:\/\/www.linvosges-hotellerie.com\/de\/wp-json\/wp\/v2\/media\/10416"}],"wp:attachment":[{"href":"https:\/\/www.linvosges-hotellerie.com\/de\/wp-json\/wp\/v2\/media?parent=28213"}],"curies":[{"name":"wp","href":"https:\/\/api.w.org\/{rel}","templated":true}]}}