{"id":28280,"date":"2020-09-17T14:05:20","date_gmt":"2020-09-17T12:05:20","guid":{"rendered":"https:\/\/www.linvosges-hotellerie.com\/unsere-stoffkollektionen\/"},"modified":"2025-03-19T11:24:21","modified_gmt":"2025-03-19T10:24:21","slug":"unsere-stoffkollektionen","status":"publish","type":"page","link":"https:\/\/www.linvosges-hotellerie.com\/de\/massgeschneidertes-ambiente\/unsere-stoffkollektionen\/","title":{"rendered":"Unsere Stoffkollektionen"},"content":{"rendered":"<p><img decoding=\"async\" width=\"800\" height=\"741\" src=\"https:\/\/www.linvosges-hotellerie.com\/wp-content\/uploads\/2020\/12\/collection-tissus-confection-sur-mesure-hotel-professionnel-linvosges-hotellerie-1024x948.jpg\" alt=\"Nos Collections De Tissus Linvosges H\u00f4tellerie\" srcset=\"https:\/\/www.linvosges-hotellerie.com\/wp-content\/uploads\/2020\/12\/collection-tissus-confection-sur-mesure-hotel-professionnel-linvosges-hotellerie-1024x948.jpg 1024w, https:\/\/www.linvosges-hotellerie.com\/wp-content\/uploads\/2020\/12\/collection-tissus-confection-sur-mesure-hotel-professionnel-linvosges-hotellerie-600x555.jpg 600w, https:\/\/www.linvosges-hotellerie.com\/wp-content\/uploads\/2020\/12\/collection-tissus-confection-sur-mesure-hotel-professionnel-linvosges-hotellerie-300x278.jpg 300w, https:\/\/www.linvosges-hotellerie.com\/wp-content\/uploads\/2020\/12\/collection-tissus-confection-sur-mesure-hotel-professionnel-linvosges-hotellerie-768x711.jpg 768w, https:\/\/www.linvosges-hotellerie.com\/wp-content\/uploads\/2020\/12\/collection-tissus-confection-sur-mesure-hotel-professionnel-linvosges-hotellerie-1536x1421.jpg 1536w, https:\/\/www.linvosges-hotellerie.com\/wp-content\/uploads\/2020\/12\/collection-tissus-confection-sur-mesure-hotel-professionnel-linvosges-hotellerie.jpg 1140w\" sizes=\"(max-width: 800px) 100vw, 800px\" \/>\t\t\t\t\t\t\t\t\t\t\t\t\t<\/p>\n<h1>Unsere Stoffe<\/br> nach <strong>Ma\u00df f\u00fcr Profis<\/strong><\/h1>\n<h2>Die Native Collection<\/h2>\n<p>Ein Sortiment, das im Laufe der Jahreszeiten und Trends erneuert wird, mit Voile und M\u00f6belstoffen von leicht bis schwer, um Ihre Betten und Fenster mit Pers\u00f6nlichkeit zu schm\u00fccken.<\/p>\n<h2>Die Kollektion Resist<br \/>\n<\/h2>\n<p>Diese Kollektion, die f\u00fcr \u00f6ffentliche Bereiche empfohlen wird, entspricht den NON FEUER Sicherheitsstandards und bietet eine sehr gro\u00dfe Auswahl an Stoffen, von schlicht bis gewagt, die auch mit intelligenten Zusatzfunktionen ausgestattet werden k\u00f6nnen: L\u00e4rm d\u00e4mpfen, das Bakterienwachstum einschr\u00e4nken, schlechte Ger\u00fcche abfangen.<\/p>\n<h2>Die Creative Collection<\/h2>\n<p>F\u00fcr den K\u00fcnstler in jedem von Ihnen bietet diese Kollektion die M\u00f6glichkeit, einen Stoff nach Ihrem Geschmack zu entwerfen, Ihren Ideen freien Lauf zu lassen und das gew\u00fcnschte Motiv auf ein Material zu drucken, das Sie aus verschiedenen Stoffqualit\u00e4ten ausw\u00e4hlen k\u00f6nnen.<\/p>\n<h3>Entdecken Sie unsere ma\u00dfgeschneiderten Umgebungen<\/h3>\n<p>\t\t\t<a role=\"button\"><br \/>\n\t\t\t\t\t\t\t\t\tDas Fenster<br \/>\n\t\t\t\t\t<\/a><br \/>\n\t\t\t<a role=\"button\"><br \/>\n\t\t\t\t\t\t\t\t\tDas Bett<br \/>\n\t\t\t\t\t<\/a><br \/>\n\t\t\t<a role=\"button\"><br \/>\n\t\t\t\t\t\t\t\t\tUnsere Realisierungen<br \/>\n\t\t\t\t\t<\/a><\/p>\n","protected":false},"excerpt":{"rendered":"<p>Unsere Stoffe nach Ma\u00df f\u00fcr Profis Die Native Collection Ein Sortiment, das im Laufe der Jahreszeiten und Trends erneuert wird, mit Voile und M\u00f6belstoffen von leicht bis schwer, um Ihre Betten und Fenster mit Pers\u00f6nlichkeit zu schm\u00fccken. Die Kollektion Resist Diese Kollektion, die f\u00fcr \u00f6ffentliche Bereiche empfohlen wird, entspricht den NON FEUER Sicherheitsstandards und bietet [&hellip;]<\/p>\n","protected":false},"author":3,"featured_media":10416,"parent":28455,"menu_order":2,"comment_status":"closed","ping_status":"closed","template":"","meta":{"_acf_changed":false,"footnotes":""},"class_list":["post-28280","page","type-page","status-publish","has-post-thumbnail","hentry"],"acf":[],"_links":{"self":[{"href":"https:\/\/www.linvosges-hotellerie.com\/de\/wp-json\/wp\/v2\/pages\/28280","targetHints":{"allow":["GET"]}}],"collection":[{"href":"https:\/\/www.linvosges-hotellerie.com\/de\/wp-json\/wp\/v2\/pages"}],"about":[{"href":"https:\/\/www.linvosges-hotellerie.com\/de\/wp-json\/wp\/v2\/types\/page"}],"author":[{"embeddable":true,"href":"https:\/\/www.linvosges-hotellerie.com\/de\/wp-json\/wp\/v2\/users\/3"}],"replies":[{"embeddable":true,"href":"https:\/\/www.linvosges-hotellerie.com\/de\/wp-json\/wp\/v2\/comments?post=28280"}],"version-history":[{"count":1,"href":"https:\/\/www.linvosges-hotellerie.com\/de\/wp-json\/wp\/v2\/pages\/28280\/revisions"}],"predecessor-version":[{"id":60617,"href":"https:\/\/www.linvosges-hotellerie.com\/de\/wp-json\/wp\/v2\/pages\/28280\/revisions\/60617"}],"up":[{"embeddable":true,"href":"https:\/\/www.linvosges-hotellerie.com\/de\/wp-json\/wp\/v2\/pages\/28455"}],"wp:featuredmedia":[{"embeddable":true,"href":"https:\/\/www.linvosges-hotellerie.com\/de\/wp-json\/wp\/v2\/media\/10416"}],"wp:attachment":[{"href":"https:\/\/www.linvosges-hotellerie.com\/de\/wp-json\/wp\/v2\/media?parent=28280"}],"curies":[{"name":"wp","href":"https:\/\/api.w.org\/{rel}","templated":true}]}}