{"id":28502,"date":"2020-09-17T13:55:25","date_gmt":"2020-09-17T11:55:25","guid":{"rendered":"https:\/\/www.linvosges-hotellerie.com\/das-fenster\/"},"modified":"2025-03-19T11:23:45","modified_gmt":"2025-03-19T10:23:45","slug":"das-fenster","status":"publish","type":"page","link":"https:\/\/www.linvosges-hotellerie.com\/de\/massgeschneidertes-ambiente\/das-fenster\/","title":{"rendered":"Das Fenster"},"content":{"rendered":"<h1>Das Fenster<\/br> <strong>MASSGESCHNEIDERT<\/strong><\/h1>\n<p>Ein Projekt starten<\/p>\n<p><strong> <a href=\"http:\/\/+33329601122\" data-wplink-url-error=\"true\">+33 (0) 3 29 60 11 22<\/a><\/strong><\/p>\n<p>\t\t\t<a role=\"button\"><br \/>\n\t\t\t\t\t\t\t\t\tEIN ANGEBOT ANFORDERN<br \/>\n\t\t\t\t\t<\/a><br \/>\n\t\t\t<a role=\"button\"><\/p>\n<h2>Die Vorh\u00e4nge<\/h2>\n<p>\t\t\t\t\t<\/a><br \/>\n\t\t\t<a role=\"button\"><\/p>\n<h2>Die Vorh\u00e4nge<\/h2>\n<p>\t\t\t\t\t<\/a><br \/>\n\t\t\t<a role=\"button\"><\/p>\n<h2>Jalousien und<\/br>Japanische W\u00e4nde<\/h2>\n<p>\t\t\t\t\t<\/a><br \/>\n\t\t\t<a role=\"button\"><\/p>\n<h2>Die Vorhangstangen<\/h2>\n<p>\t\t\t\t\t<\/a><\/p>\n<p>Das nach au\u00dfen ge\u00f6ffnete Fenster wird mit Vorh\u00e4ngen geschm\u00fcckt, um den G\u00e4sten eine angenehme Atmosph\u00e4re zu bieten.<\/p>\n<p>eine einzigartige Atmosph\u00e4re in Ihrem Zuhause.<\/p>\n<p>Unsere Vorh\u00e4nge, Gardinen, Rollos und Fl\u00e4chenvorh\u00e4nge, die auf Stangen montiert sind, die f\u00fcr den professionellen Gebrauch geeignet sind, werden nach Ma\u00df in den Texturen, Farben, Materialien und Ausf\u00fchrungen Ihrer Wahl hergestellt und passen sich perfekt dem Stil und der Ergonomie Ihrer Zimmer, Hallen und Speises\u00e4le an. Ob Sie nun verdunkeln, isolieren oder einfach nur dekorativ sein wollen, unsere Experten beraten Sie gerne und helfen Ihnen, Ihr Projekt zu verwirklichen.<\/p>\n<h3>Entdecken Sie unsere neuesten<\/br> Ma\u00dfgeschneiderte Projekte<\/h3>\n<p>\t\t\t<a role=\"button\"><br \/>\n\t\t\t\t\t\t\t\t\tSIEHE DIE REALISIERUNGEN<br \/>\n\t\t\t\t\t<\/a><\/p>\n<h3>Abonnieren Sie den Newsletter von Linvosges Hotellerie<br \/>\n<\/h3>\n<p>und profitieren Sie von exklusiven Angeboten!<\/p>\n<p>Meine E-Mail-Adresse<\/p>\n<p>ICH MELDE MICH AN<\/p>\n","protected":false},"excerpt":{"rendered":"<p>Das Fenster MASSGESCHNEIDERT Ein Projekt starten +33 (0) 3 29 60 11 22 EIN ANGEBOT ANFORDERN Die Vorh\u00e4nge Die Vorh\u00e4nge Jalousien undJapanische W\u00e4nde Die Vorhangstangen Das nach au\u00dfen ge\u00f6ffnete Fenster wird mit Vorh\u00e4ngen geschm\u00fcckt, um den G\u00e4sten eine angenehme Atmosph\u00e4re zu bieten. eine einzigartige Atmosph\u00e4re in Ihrem Zuhause. Unsere Vorh\u00e4nge, Gardinen, Rollos und Fl\u00e4chenvorh\u00e4nge, die [&hellip;]<\/p>\n","protected":false},"author":3,"featured_media":10416,"parent":28455,"menu_order":0,"comment_status":"closed","ping_status":"closed","template":"","meta":{"_acf_changed":false,"footnotes":""},"class_list":["post-28502","page","type-page","status-publish","has-post-thumbnail","hentry"],"acf":[],"_links":{"self":[{"href":"https:\/\/www.linvosges-hotellerie.com\/de\/wp-json\/wp\/v2\/pages\/28502","targetHints":{"allow":["GET"]}}],"collection":[{"href":"https:\/\/www.linvosges-hotellerie.com\/de\/wp-json\/wp\/v2\/pages"}],"about":[{"href":"https:\/\/www.linvosges-hotellerie.com\/de\/wp-json\/wp\/v2\/types\/page"}],"author":[{"embeddable":true,"href":"https:\/\/www.linvosges-hotellerie.com\/de\/wp-json\/wp\/v2\/users\/3"}],"replies":[{"embeddable":true,"href":"https:\/\/www.linvosges-hotellerie.com\/de\/wp-json\/wp\/v2\/comments?post=28502"}],"version-history":[{"count":1,"href":"https:\/\/www.linvosges-hotellerie.com\/de\/wp-json\/wp\/v2\/pages\/28502\/revisions"}],"predecessor-version":[{"id":60564,"href":"https:\/\/www.linvosges-hotellerie.com\/de\/wp-json\/wp\/v2\/pages\/28502\/revisions\/60564"}],"up":[{"embeddable":true,"href":"https:\/\/www.linvosges-hotellerie.com\/de\/wp-json\/wp\/v2\/pages\/28455"}],"wp:featuredmedia":[{"embeddable":true,"href":"https:\/\/www.linvosges-hotellerie.com\/de\/wp-json\/wp\/v2\/media\/10416"}],"wp:attachment":[{"href":"https:\/\/www.linvosges-hotellerie.com\/de\/wp-json\/wp\/v2\/media?parent=28502"}],"curies":[{"name":"wp","href":"https:\/\/api.w.org\/{rel}","templated":true}]}}