{"id":28506,"date":"2020-09-17T13:56:11","date_gmt":"2020-09-17T11:56:11","guid":{"rendered":"https:\/\/www.linvosges-hotellerie.com\/das-bett\/"},"modified":"2025-04-07T18:55:50","modified_gmt":"2025-04-07T16:55:50","slug":"das-bett","status":"publish","type":"page","link":"https:\/\/www.linvosges-hotellerie.com\/de\/massgeschneidertes-ambiente\/das-bett\/","title":{"rendered":"Das Bett"},"content":{"rendered":"<h1>Das Bett<\/br> <strong>MASSGESCHNEIDERT<\/strong><\/h1>\n<p>Ein Projekt starten<\/p>\n<p><strong> <a href=\"http:\/\/+33329601122\" data-wplink-url-error=\"true\">+33 (0) 3 29 60 11 22<\/a><\/strong><\/p>\n<p>\t\t\t<a role=\"button\"><br \/>\n\t\t\t\t\t\t\t\t\tEIN ANGEBOT ANFORDERN<br \/>\n\t\t\t\t\t<\/a><br \/>\n\t\t\t<a role=\"button\"><\/p>\n<h2>Die<\/br> Kissen<\/h2>\n<p>\t\t\t\t\t<\/a><br \/>\n\t\t\t<a role=\"button\"><\/p>\n<h2>Wege<\/br> des Bettes<\/h2>\n<p>\t\t\t\t\t<\/a><br \/>\n\t\t\t<a role=\"button\"><\/p>\n<h2>Die<\/br> Bett\u00fcberw\u00fcrfe<\/h2>\n<p>\t\t\t\t\t<\/a><br \/>\n\t\t\t<a role=\"button\"><\/p>\n<h2>Die Abdeckungen<\/br> <\/h2>\n<p>\t\t\t\t\t<\/a><br \/>\n\t\t\t<a role=\"button\"><\/p>\n<h2>Die Kopfteile<\/br> des Bettes<\/h2>\n<p>\t\t\t\t\t<\/a><\/p>\n<p>Dekorative Accessoires schm\u00fccken das Bett, um dem Bett eine besondere Note zu verleihen.<\/p>\n<p>eine pers\u00f6nliche Note zu Ihrer wei\u00dfen Bettw\u00e4sche.<\/p>\n<p>Mit Hilfe von ma\u00dfgeschneiderten Bett\u00fcberw\u00fcrfen, Kissen, Schals und Kopfteilen schaffen wir eine Atmosph\u00e4re, die zu Ihnen passt. Die M\u00f6belstoffkollektion besteht aus einer breiten Palette von unifarbenen, gebl\u00fcmten und geometrischen Stoffen in schlichten oder auff\u00e4lligen T\u00f6nen mit verschiedenen Texturen, die sich an jeden Stil anpassen.<\/p>\n<h2>Eine breite Palette von Produkten zur Ausstattung von Betten<\/h2>\n<p>Um Ihr Schlafzimmer einzigartig zu machen, ist Bettw\u00e4sche mit Accessoires ein Muss. Linvosges bietet eine <strong>gro\u00dfe Auswahl an Textilien<\/strong> f\u00fcr Ihre <a href=\"https:\/\/www.linvosges-hotellerie.com\/de\/massgeschneidertes-ambiente\/das-bett\/bettwege\/\">Bettw\u00e4sche<\/a>. Kissen sind das kleine bisschen Fantasie, das die Atmosph\u00e4re Ihres Raumes entscheidend beeinflussen kann. Quadratisch oder rechteckig, in gro\u00dfer Zahl oder nur zu zweit oder zu dritt, aus satiniertem Material oder aus seidigem Samt, sie machen ein Bett leicht und einladend.<br \/>Der Bettl\u00e4ufer, der \u00fcber die Bettdecke oder den Bett\u00fcberwurf gelegt wird, ist ebenfalls ein wichtiges Element der Dekoration und des Komforts geworden. Dieser Stoffstreifen kann aus dem gleichen Material wie die Kissen gefertigt sein oder eine dezente wei\u00dfe Farbe annehmen. Er dient sowohl der <strong>Veredelung<\/strong> der Bettw\u00e4sche als auch der Erw\u00e4rmung Ihrer G\u00e4ste, wenn die N\u00e4chte etwas k\u00fchler sind.<br \/>Der <a href=\"https:\/\/www.linvosges-hotellerie.com\/de\/massgeschneidertes-ambiente\/das-bett\/bettueberwuerfe\/\">Bett\u00fcberwurf<\/a> verleiht Ihrem Schlafzimmer ebenfalls Charakter. Er kann farbig sein und das Bett gro\u00dffl\u00e4chig bedecken oder einfarbig mit abgerundeten Ecken und einer dekorativen Steppung. Es dient sowohl dem Schutz der Bettw\u00e4sche als auch dem zus\u00e4tzlichen Komfort beim Schlafengehen.<br \/>F\u00fcr das Bett selbst k\u00f6nnen Sie ein Kopfteil hinzuf\u00fcgen, das Sie ben\u00f6tigen, um die Wand nicht durch die Reibung des Rahmens zu besch\u00e4digen, aber auch um die Liegefl\u00e4che zu schm\u00fccken. Und f\u00fcr den perfekten Abschluss w\u00e4hlen Sie eine Abdeckung in den Farben Ihrer Einrichtung.<\/p>\n<h2>Materialien und Muster f\u00fcr jeden Stil<\/h2>\n<p>Bei Linvosges finden Sie Fertigprodukte, die in Farbe und Material variieren. Bei den Kissen haben Sie z.B. die Wahl zwischen verschiedenen Formen, einfarbigen oder gemusterten Stoffen, abnehmbaren Bez\u00fcgen oder Rei\u00dfverschl\u00fcssen. Es gibt auch Modelle aus zwei Materialien, die eine Seite aus Samt mit geometrischen Mustern und eine glatte, einfarbige R\u00fcckseite kombinieren.<br \/>Bei den Tagesdecken k\u00f6nnen Sie aus <strong>sechs trendigen Farben<\/strong> und einem ethnischen Muster w\u00e4hlen, um jedem Einrichtungsstil gerecht zu werden. Sie k\u00f6nnen ihn im Sommer anstelle einer Bettdecke verwenden, um einen authentischen Effekt zu erzielen, oder ihn auf das Bett werfen, um <strong>eine<\/strong> reinwei\u00dfe <strong>Bettw\u00e4sche zu vervollst\u00e4ndigen<\/strong>. Bettl\u00e4ufer gibt es auch in gemusterten, einfarbigen oder zweifarbigen Stoffen, die mit der Farbe Ihrer W\u00e4nde oder Vorh\u00e4nge harmonieren und Ihrer Dekoration den letzten Schliff verleihen.<br \/>Die<a href=\"https:\/\/www.linvosges-hotellerie.com\/de\/massgeschneidertes-ambiente\/das-bett\/die-kopfteile-des-bettes\/\"> Kopfteile<\/a> sind in einer <strong>Vielzahl von Textilien und Ausf\u00fchrungen<\/strong> erh\u00e4ltlich. F\u00fcr welches Modell Sie sich auch entscheiden, Sie haben die Wahl aus \u00fcber 200 Farb- und Musterreferenzen, um Ihren W\u00fcnschen am n\u00e4chsten zu kommen. Aber mit ma\u00dfgefertigter Bettw\u00e4sche k\u00f6nnen Sie das Element schaffen, das Ihre Einrichtung einzigartig macht.<\/p>\n<h2>Unendlich viele M\u00f6glichkeiten durch Ma\u00dfanfertigung<\/h2>\n<p>Wenn Sie ein einzigartiges Produkt suchen, wenden Sie sich an die Experten von Linvosges, um <strong>eine ma\u00dfgeschneiderte Bettw\u00e4sche<\/strong> zu erhalten. Nachdem Sie sich Ihre Bed\u00fcrfnisse und Einschr\u00e4nkungen angeh\u00f6rt haben, werden die Spezialisten des Hauses Sie zu den Modellen f\u00fchren, die Ihrem Stil entsprechen. Dank unseres Know-hows, das Tradition und Moderne verbindet, ist unser Haus in der Lage, einen ma\u00dfgeschneiderten Service f\u00fcr seine gesamte Hausw\u00e4sche anzubieten. Sie k\u00f6nnen z.B. die Ausf\u00fchrung Ihrer Kissen w\u00e4hlen (Paspel, Zierknopf, Wickelverschluss&#8230;), aber auch die Gr\u00f6\u00dfe, die Farben und das Material.<br \/>Dasselbe gilt f\u00fcr Bett\u00fcberw\u00fcrfe und Bettl\u00e4ufer, die Ecken k\u00f6nnen abgerundet, quadratisch oder kastenf\u00f6rmig sein und die Steppung kann eine dekorative Steppung oder eine mehr oder weniger schwere Wattef\u00fcllung haben, je nachdem, wie Sie fallen m\u00f6chten.<br \/>F\u00fcr das Bett selbst sind die fertigen Kopfteile in drei Modellen erh\u00e4ltlich: Eleo mit gepolsterter Oberfl\u00e4che, Cadr\u00e9o in Form eines Gem\u00e4ldes und Slim\u00e9o f\u00fcr eine einfache und universelle Oberfl\u00e4che. Sie k\u00f6nnen das Format, das Material und die Farbe der einzelnen Elemente frei w\u00e4hlen. Die<a href=\"https:\/\/www.linvosges-hotellerie.com\/de\/massgeschneidertes-ambiente\/das-bett\/abdeckungen-von-bettgestellen\/\"> Bett\u00fcberw\u00fcrfe<\/a> passen sich perfekt an den Rahmen des Bettes an, das sie sch\u00fctzen, und machen es zu einem vollwertigen Dekorationselement durch elegante Ausf\u00fchrungen wie Hohl- oder Kellerfalten, Kastenecken, mit oder ohne R\u00fccksprung auf die Platte, mehr oder weniger hohe Volants&#8230;<\/p>\n<h3>Entdecken Sie unsere neuesten<\/br> Ma\u00dfgeschneiderte Projekte<\/h3>\n<p>\t\t\t<a role=\"button\"><br \/>\n\t\t\t\t\t\t\t\t\tSIEHE DIE REALISIERUNGEN<br \/>\n\t\t\t\t\t<\/a><\/p>\n<p>Sie werden auch m\u00f6gen<\/p>\n<h3>Abonnieren Sie den Newsletter von Linvosges Hotellerie<br \/>\n<\/h3>\n<p>und profitieren Sie von exklusiven Angeboten!<\/p>\n<p>Meine E-Mail-Adresse<\/p>\n<p>ICH MELDE MICH AN<\/p>\n","protected":false},"excerpt":{"rendered":"<p>Das Bett MASSGESCHNEIDERT Ein Projekt starten +33 (0) 3 29 60 11 22 EIN ANGEBOT ANFORDERN Die Kissen Wege des Bettes Die Bett\u00fcberw\u00fcrfe Die Abdeckungen Die Kopfteile des Bettes Dekorative Accessoires schm\u00fccken das Bett, um dem Bett eine besondere Note zu verleihen. eine pers\u00f6nliche Note zu Ihrer wei\u00dfen Bettw\u00e4sche. Mit Hilfe von ma\u00dfgeschneiderten Bett\u00fcberw\u00fcrfen, Kissen, [&hellip;]<\/p>\n","protected":false},"author":3,"featured_media":10416,"parent":28455,"menu_order":1,"comment_status":"closed","ping_status":"closed","template":"","meta":{"_acf_changed":false,"footnotes":""},"class_list":["post-28506","page","type-page","status-publish","has-post-thumbnail","hentry"],"acf":[],"_links":{"self":[{"href":"https:\/\/www.linvosges-hotellerie.com\/de\/wp-json\/wp\/v2\/pages\/28506","targetHints":{"allow":["GET"]}}],"collection":[{"href":"https:\/\/www.linvosges-hotellerie.com\/de\/wp-json\/wp\/v2\/pages"}],"about":[{"href":"https:\/\/www.linvosges-hotellerie.com\/de\/wp-json\/wp\/v2\/types\/page"}],"author":[{"embeddable":true,"href":"https:\/\/www.linvosges-hotellerie.com\/de\/wp-json\/wp\/v2\/users\/3"}],"replies":[{"embeddable":true,"href":"https:\/\/www.linvosges-hotellerie.com\/de\/wp-json\/wp\/v2\/comments?post=28506"}],"version-history":[{"count":2,"href":"https:\/\/www.linvosges-hotellerie.com\/de\/wp-json\/wp\/v2\/pages\/28506\/revisions"}],"predecessor-version":[{"id":60680,"href":"https:\/\/www.linvosges-hotellerie.com\/de\/wp-json\/wp\/v2\/pages\/28506\/revisions\/60680"}],"up":[{"embeddable":true,"href":"https:\/\/www.linvosges-hotellerie.com\/de\/wp-json\/wp\/v2\/pages\/28455"}],"wp:featuredmedia":[{"embeddable":true,"href":"https:\/\/www.linvosges-hotellerie.com\/de\/wp-json\/wp\/v2\/media\/10416"}],"wp:attachment":[{"href":"https:\/\/www.linvosges-hotellerie.com\/de\/wp-json\/wp\/v2\/media?parent=28506"}],"curies":[{"name":"wp","href":"https:\/\/api.w.org\/{rel}","templated":true}]}}