{"id":28708,"date":"2020-09-17T13:51:19","date_gmt":"2020-09-17T11:51:19","guid":{"rendered":"https:\/\/www.linvosges-hotellerie.com\/der-geist-von-linvosges\/"},"modified":"2025-03-19T11:24:55","modified_gmt":"2025-03-19T10:24:55","slug":"der-geist-von-linvosges","status":"publish","type":"page","link":"https:\/\/www.linvosges-hotellerie.com\/de\/der-geist-von-linvosges\/","title":{"rendered":"Der Geist von Linvosges"},"content":{"rendered":"<h1>Der Geist von Linvosges<\/h1>\n<p>Die Frauen und M\u00e4nner von Linvosges sorgen jeden Tag daf\u00fcr, dass die Exzellenz erhalten bleibt. <br \/>und Qualit\u00e4t, die den Geist von Linvosges seit fast einem Jahrhundert antreiben.<\/p>\n<p>Die Verarbeitung sch\u00f6ner Materialien, die Raffinesse unserer Endbearbeitung, die Originalit\u00e4t, die Modernit\u00e4t und Tradition verbindet, haben ihren Ursprung im kulturellen Erbe von Linvosges: Die Liebe zur sch\u00f6nen W\u00e4sche.<\/p>\n<h2>Von der Beratung<\/br>bis zur Einrichtung<\/h2>\n<p>Aus den einfachsten Ideen k\u00f6nnen die sch\u00f6nsten Projekte entstehen. Linvosges begleitet Sie bei der Umsetzung und Veredelung Ihrer Ideen.<\/p>\n<p>Seit Anfang des letzten Jahrhunderts stellen wir alle Talente und F\u00e4higkeiten unseres Unternehmens in Ihren Dienst, indem wir Tradition und Moderne, Gr\u00fcndlichkeit und Exzellenz miteinander verbinden. Ob es sich um die Einrichtung eines Hotels, G\u00e4stezimmers oder Restaurants handelt oder um den Wunsch, die Dekoration Ihres Hauses zu erneuern, Linvosges H\u00f4tellerie verpflichtet sich, Ihnen das Beste zu geben.<\/p>\n<p>Um diesen Qualit\u00e4tsanspruch aufrechtzuerhalten, wendet unser Team von Hotelfachleuten ein einfaches Verfahren in 7 Schritten an.<\/p>\n<p>1<\/p>\n<h3>Diagnose<\/h3>\n<p>Gemeinsam untersuchen wir Ihre Bed\u00fcrfnisse und Einschr\u00e4nkungen.<\/p>\n<p>Wir h\u00f6ren Ihnen zu und sammeln alle notwendigen Informationen, um Ihre Erwartungen zu verstehen.<\/p>\n<p>2<\/p>\n<h3>Rat<\/h3>\n<p>Wir bieten Ihnen einen professionellen Blick, um Sie bei Ihren Entscheidungen zu unterst\u00fctzen und Sie bei Ihrem Projekt zu f\u00fchren.<\/p>\n<p>Wir pr\u00fcfen die \u00e4sthetischen Kriterien, die technischen Aspekte, aber auch die Pflegebedingungen, die Verlegung und alle Details, die f\u00fcr den Erfolg Ihres Projekts entscheidend sind.<\/p>\n<p>3<\/p>\n<h3>Die Auswahl<br \/>\nder Materialien,<br \/>\nFarben<br \/>\n<\/h3>\n<p>Die Kollektion Linvosges H\u00f4tellerie ist sehr vielseitig, so dass sich jeder darin wiedererkennen kann.<\/p>\n<p>Ob Sie Ihre Betten drapieren, Ihr Badezimmer ausstatten, Ihren Tisch decken oder Ihre Fenster schm\u00fccken m\u00f6chten, wir bieten Ihnen eine gro\u00dfe Auswahl an gewebten Stoffen aus nat\u00fcrlichen Fasern wie Baumwolle und Leinen oder synthetischen Fasern wie Polyester, eine gro\u00dfe Vielfalt an Texturen, Satin, Velours&#8230;  in einer unendlichen Palette von Nuancen, von mattem Wei\u00df bis zu kr\u00e4ftigen Farben.<\/p>\n<p>Wir k\u00f6nnen auch ma\u00dfgeschneiderte Stoffe entwerfen, die perfekt zu Ihrem Projekt passen.<\/p>\n<p>4<\/p>\n<h3>Vorschl\u00e4ge<\/h3>\n<p>Unser Kundenservice in G\u00e9rardmer erstellt Ihren pers\u00f6nlichen Kostenvoranschlag.<\/p>\n<p>Dieser enth\u00e4lt alle Punkte, die Sie mit Ihrem Experten besprochen haben, und ber\u00fccksichtigt die verschiedenen Anforderungskriterien wie Qualit\u00e4t, Abmessungen, Budget, Lieferzeit und -adresse.<\/p>\n<p>Diesem Angebot k\u00f6nnen Muster beigef\u00fcgt werden.<\/p>\n<p>5<\/p>\n<h3>Austausch, Validierung<\/h3>\n<p>Ihr Hotelexperte wird sich mit Ihnen \u00fcber den Vorschlag austauschen und Ihre Fragen beantworten.<\/p>\n<p>Nachdem Sie die Informationen in Ihrem Angebot \u00fcberpr\u00fcft und best\u00e4tigt haben, wird Ihre unterschriebene Einverst\u00e4ndniserkl\u00e4rung Ihren Auftrag best\u00e4tigen und den Herstellungsprozess in Gang setzen.<\/p>\n<p>6<\/p>\n<h3>Konfektionierung in unseren Werkst\u00e4tten<\/h3>\n<p>Seit fast einem Jahrhundert setzen unsere kleinen H\u00e4nde alles daran, eine sorgf\u00e4ltige Verarbeitung mit der Raffinesse der Stoffe zu verbinden. Alle Ma\u00dfanfertigungen werden in unserem Atelier in G\u00e9rardmer, in den Vogesen, von hochqualifizierten und sorgf\u00e4ltigen Handwerkern hergestellt. Sie folgen einem Herstellungsprotokoll, das unseren strengen Qualit\u00e4tsanforderungen entspricht. N\u00e4herinnen, Stickerinnen, Stepperinnen, Schneiderinnen sind die besten Tr\u00fcmpfe unserer Marke. Je nach Art Ihres Projekts st\u00fctzt sich Linvosges auch auf Partnerhandwerker in Frankreich und Europa, die sich strikt an unser Lastenheft halten.<\/p>\n<p>7<\/p>\n<h3>Lieferung und Verlegung<\/h3>\n<p>Ihre Bestellung wird von unserer Logistikabteilung sorgf\u00e4ltig vorbereitet und an einen vertrauensw\u00fcrdigen Spediteur weitergeleitet, um eine Lieferung unter den besten Bedingungen zu gew\u00e4hrleisten.  <br \/>Auf Wunsch und nach Kostenvoranschlag wird ein qualifizierter Monteur Ihre Gardinenstangen, Rollos, Vorh\u00e4nge oder Kopfteile anbringen.<\/p>\n<p>\t\t\t<a role=\"button\"><br \/>\n\t\t\t\t\t\t\t\t\tDie Anfertigung <\/br>der Tischdecke<br \/>\n\t\t\t\t\t<\/a><\/p>\n<p>Unsere Tischdecken und Servietten werden aus einem mit Ihnen ausgew\u00e4hlten Sortiment in den von Ihnen gew\u00fcnschten Ma\u00dfen und mit den von Ihnen gew\u00e4hlten Endbearbeitungen geradlinig gefertigt.<\/p>\n<p>\t\t\t<a role=\"button\"><br \/>\n\t\t\t\t\t\t\t\t\tDer Tag <\/br>Venedig<br \/>\n\t\t\t\t\t<\/a><\/p>\n<p>Linvosges ist eines der wenigen franz\u00f6sischen Unternehmen, die noch heute ein solch authentisches und au\u00dfergew\u00f6hnliches Know-how beherrschen. Die F\u00e4den werden zuerst gezogen und dann getrennt. und schlie\u00dflich gestickt.<\/p>\n<p>\t\t\t<a role=\"button\"><br \/>\n\t\t\t\t\t\t\t\t\tDie handgef\u00fchrte Stickerei <\/br><br \/>\n\t\t\t\t\t<\/a><\/p>\n<p>Diese Art der Stickerei, die die Herstellung von raffinierten Monogrammen erm\u00f6glicht, wird handwerklich und in der reinsten Tradition der Heimtextilien hergestellt und erfordert die Erfahrung einer qualifizierten Arbeiterin.<\/p>\n<p>\t\t\t<a role=\"button\"><br \/>\n\t\t\t\t\t\t\t\t\tDer Schnitt <\/br>mit Faden<br \/>\n\t\t\t\t\t<\/a><\/p>\n<p>Er wird von einem erfahrenen Schneider durchgef\u00fchrt und besteht darin, die verschiedenen Stoffst\u00fccke, die f\u00fcr die Herstellung unserer Produkte ben\u00f6tigt werden, auf den richtigen Faden zuzuschneiden.<\/p>\n<p>\t\t\t<a role=\"button\"><br \/>\n\t\t\t\t\t\t\t\t\tKonfektionierung <\/br>von M\u00f6beln<br \/>\n\t\t\t\t\t<\/a><\/p>\n<p>Unsere spezialisierten N\u00e4herinnen fertigen Ihre Vorh\u00e4nge, Gardinen, Kissen und Bettschals nach Ma\u00df, in den von Ihnen gew\u00fcnschten Ma\u00dfen, in den von Ihnen gew\u00e4hlten Stoffen und Ausf\u00fchrungen.<\/p>\n<h2>Personalisieren Sie<\/br> Ihre Produkte<\/h2>\n<p>Wir sticken alle gew\u00fcnschten Motive, Logos, Namen oder Slogans; der digitale Transfer erm\u00f6glicht die perfekte Reproduktion der komplexesten Grafiken f\u00fcr eine effektive Kommunikation. Der digitale Textildruck im Sublimationsverfahren wird wegen der makellosen Wiedergabe von Mustern, Farben und Kontrasten sehr gesch\u00e4tzt.<\/p>\n<p>\t\t\t\t\t\t\t\t\t\t\t\t\t<img decoding=\"async\" width=\"800\" height=\"600\" src=\"https:\/\/www.linvosges-hotellerie.com\/wp-content\/uploads\/2021\/04\/Personnalisation.png\" alt=\"\" srcset=\"https:\/\/www.linvosges-hotellerie.com\/wp-content\/uploads\/2021\/04\/Personnalisation.png 800w, https:\/\/www.linvosges-hotellerie.com\/wp-content\/uploads\/2021\/04\/Personnalisation-300x225.png 300w, https:\/\/www.linvosges-hotellerie.com\/wp-content\/uploads\/2021\/04\/Personnalisation-768x576.png 768w, https:\/\/www.linvosges-hotellerie.com\/wp-content\/uploads\/2021\/04\/Personnalisation-600x450.png 600w\" sizes=\"(max-width: 800px) 100vw, 800px\" \/>\t\t\t\t\t\t\t\t\t\t\t\t\t<\/p>\n<h3>Stickerei<\/h3>\n<p>Wir sticken alle gew\u00fcnschten Motive, Logos, Namen oder Slogans auf Bettw\u00e4sche, Frottierw\u00e4sche, Tischdecken und Servietten&#8230;, um eine zus\u00e4tzliche Raffinesse zu erzielen.<\/p>\n<h3>Handgef\u00fchrte Stickerei<\/h3>\n<p>Die handgestickten, d.h. handgef\u00fchrten Monogramme werden in der reinsten Tradition der Heimtextilien hergestellt.<\/p>\n<h3>Digitaler Druck<\/h3>\n<p>Der digitale Textildruck im Sublimationsverfahren wird wegen der makellosen Wiedergabe von Mustern, Farben und Kontrasten sehr gesch\u00e4tzt.<\/p>\n<h3>Der Transfer<\/h3>\n<p>Der Digitaltransfer ist eine Drucktechnik, die f\u00fcr die Verwendung bei Veranstaltungen gedacht ist. Sie erm\u00f6glicht die perfekte Reproduktion selbst komplexester Grafiken f\u00fcr eine effektive Kommunikation.<\/p>\n<h3>Entdecken Sie unsere ma\u00dfgeschneiderten Umgebungen<\/h3>\n<p>\t\t\t<a role=\"button\"><br \/>\n\t\t\t\t\t\t\t\t\tDas Fenster<br \/>\n\t\t\t\t\t<\/a><br \/>\n\t\t\t<a role=\"button\"><br \/>\n\t\t\t\t\t\t\t\t\tDas Bett<br \/>\n\t\t\t\t\t<\/a><br \/>\n\t\t\t<a role=\"button\"><br \/>\n\t\t\t\t\t\t\t\t\tUnsere Realisierungen<br \/>\n\t\t\t\t\t<\/a><\/p>\n","protected":false},"excerpt":{"rendered":"<p>Der Geist von Linvosges Die Frauen und M\u00e4nner von Linvosges sorgen jeden Tag daf\u00fcr, dass die Exzellenz erhalten bleibt. und Qualit\u00e4t, die den Geist von Linvosges seit fast einem Jahrhundert antreiben. Die Verarbeitung sch\u00f6ner Materialien, die Raffinesse unserer Endbearbeitung, die Originalit\u00e4t, die Modernit\u00e4t und Tradition verbindet, haben ihren Ursprung im kulturellen Erbe von Linvosges: Die [&hellip;]<\/p>\n","protected":false},"author":3,"featured_media":10416,"parent":0,"menu_order":24,"comment_status":"closed","ping_status":"closed","template":"","meta":{"_acf_changed":false,"footnotes":""},"class_list":["post-28708","page","type-page","status-publish","has-post-thumbnail","hentry"],"acf":[],"_links":{"self":[{"href":"https:\/\/www.linvosges-hotellerie.com\/de\/wp-json\/wp\/v2\/pages\/28708","targetHints":{"allow":["GET"]}}],"collection":[{"href":"https:\/\/www.linvosges-hotellerie.com\/de\/wp-json\/wp\/v2\/pages"}],"about":[{"href":"https:\/\/www.linvosges-hotellerie.com\/de\/wp-json\/wp\/v2\/types\/page"}],"author":[{"embeddable":true,"href":"https:\/\/www.linvosges-hotellerie.com\/de\/wp-json\/wp\/v2\/users\/3"}],"replies":[{"embeddable":true,"href":"https:\/\/www.linvosges-hotellerie.com\/de\/wp-json\/wp\/v2\/comments?post=28708"}],"version-history":[{"count":1,"href":"https:\/\/www.linvosges-hotellerie.com\/de\/wp-json\/wp\/v2\/pages\/28708\/revisions"}],"predecessor-version":[{"id":60649,"href":"https:\/\/www.linvosges-hotellerie.com\/de\/wp-json\/wp\/v2\/pages\/28708\/revisions\/60649"}],"wp:featuredmedia":[{"embeddable":true,"href":"https:\/\/www.linvosges-hotellerie.com\/de\/wp-json\/wp\/v2\/media\/10416"}],"wp:attachment":[{"href":"https:\/\/www.linvosges-hotellerie.com\/de\/wp-json\/wp\/v2\/media?parent=28708"}],"curies":[{"name":"wp","href":"https:\/\/api.w.org\/{rel}","templated":true}]}}