{"id":28905,"date":"2020-12-20T04:36:47","date_gmt":"2020-12-20T03:36:47","guid":{"rendered":"https:\/\/www.linvosges-hotellerie.com\/katalog-anfordern\/"},"modified":"2025-03-19T11:24:37","modified_gmt":"2025-03-19T10:24:37","slug":"katalog-anfordern","status":"publish","type":"page","link":"https:\/\/www.linvosges-hotellerie.com\/de\/katalog-anfordern\/","title":{"rendered":"Katalog anfordern"},"content":{"rendered":"<h2>Finden Sie die neuen Kollektionen von Linvosges f\u00fcr die Hotellerie in unserem interaktiven Katalog.<\/h2>\n<p>Von der Dekoration bis zur Badew\u00e4sche, von der Tischw\u00e4sche bis zur Bettw\u00e4sche, lassen Sie sich inspirieren, beraten und f\u00fchren Sie sich durch die Seiten und gelangen Sie direkt zu den Produktbeschreibungen.<\/p>\n<div style=\"text-align: center; width:560px; margin: 12px auto;\"><iframe loading=\"lazy\" src=\"\/\/v.calameo.com\/?bkcode=00746889776d18b71f7d4&amp;language=de&amp;page=&amp;showsharemenu=true&amp;clickTo=view&amp;clickTarget=_blank&amp;clickToUrl=&amp;autoFlip=0&amp;mode=mini&amp;wmode=transparent\" width=\"560\" height=\"350\" style=\"width:560px;height:350px\" frameborder=\"0\" scrolling=\"no\" allowtransparency allowfullscreen><\/iframe><\/div>\n<p>Entdecken Sie die Matratzen- und Unterbettkollektion, die aus unserer Zusammenarbeit mit Bellecour Literie entstanden ist.<\/p>\n<div style=\"text-align: center; width:480px; margin: 12px auto;\"><iframe loading=\"lazy\" src=\"\/\/v.calameo.com\/?bkcode=007468897a54c7f1fc8fb&amp;language=de&amp;page=&amp;showsharemenu=true&amp;clickTo=view&amp;clickTarget=_blank&amp;clickToUrl=&amp;autoFlip=0&amp;mode=mini&amp;wmode=transparent\" width=\"480\" height=\"300\" style=\"width:480px;height:300px\" frameborder=\"0\" scrolling=\"no\" allowtransparency allowfullscreen><\/iframe><\/div>\n<p>Um unseren<\/p>\n<h1>Katalog Linvosges Hotelwesen<\/h1>\n<p>per Post<\/p>\n<p>F\u00fcllen Sie dieses Formular aus<\/p>\n<form action=\"https:\/\/crm.zoho.eu\/crm\/WebForm\" name=\"WebForm110749000030611237\" method=\"POST\" onsubmit=\"javascript:document.charset=\"UTF-8\"; return checkMandatory110749000030611237()\" accept-charset=\"UTF-8\">\n\t<input type=\"text\" style=\"display:none;\" name=\"xnQsjsdp\" value=\"6a0445a9ff00e12d39b7c1ecac528f6b39bd2b01db711ada1a9cf34f2cb68039\"><br \/>\n\t<input type=\"hidden\" name=\"zc_gad\" id=\"zc_gad\" value=\"\"><br \/>\n\t<input type=\"text\" style=\"display:none;\" name=\"xmIwtLD\" value=\"e3f3f054e8e8c2b9b815a1b59b902d1194605c042c6f95fd52336b44188eab91\"><br \/>\n\t<input type=\"text\" style=\"display:none;\" name=\"actionType\" value=\"Q3VzdG9tTW9kdWxlNQ===\"><br \/>\n\t<input type=\"text\" style=\"display:none;\" name=\"returnURL\" value=\"https:\/\/www.linvosges-hotellerie.com\/\"><br \/>\n\t\t<label for=\"NAME\">Name der  Einrichtung*.<\/label><br \/>\n\t\t<input type=\"text\" id=\"NAME\" name=\"NAME\" maxlength=\"120\"><br \/>\n\t\t<label for=\"COBJ5CF8\">Staatsangeh\u00f6rigkeit*.<\/label><br \/>\n\t\t<select id=\"COBJ5CF8\" name=\"COBJ5CF8\"><option value=\"\"><\/option><option value=\"Herr\">Herr<\/option><option value=\"Frau\">Frau<\/option><option value=\"Miss\">Miss<\/option><\/select><br \/>\n\t\t<label for=\"COBJ5CF9\">Name*.<\/label><br \/>\n\t\t<input type=\"text\" id=\"COBJ5CF9\" name=\"COBJ5CF9\" maxlength=\"255\"><br \/>\n\t\t<label for=\"COBJ5CF2\">Vorname*.<\/label><br \/>\n\t\t<input type=\"text\" id=\"COBJ5CF2\" name=\"COBJ5CF2\" maxlength=\"255\"><br \/>\n\t\t<label for=\"COBJ5CF1\">Telefon*<\/label><br \/>\n\t\t<input type=\"text\" id=\"COBJ5CF1\" name=\"COBJ5CF1\" maxlength=\"255\"><br \/>\n\t\t<label for=\"Email\">E-Mail-Adresse*.<\/label><br \/>\n\t\t<input type=\"text\" ftype=\"email\" id=\"Email\" name=\"Email\" maxlength=\"100\"><br \/>\n\t\t<label for=\"COBJ5CF3\">Korrespondenzadresse*.<\/label><br \/>\n\t\t<input type=\"text\" id=\"COBJ5CF3\" name=\"COBJ5CF3\" maxlength=\"255\"><br \/>\n\t\t<label for=\"COBJ5CF4\">Postleitzahl*.<\/label><br \/>\n\t\t<input type=\"text\" id=\"COBJ5CF4\" name=\"COBJ5CF4\" maxlength=\"255\"><br \/>\n\t\t<label for=\"COBJ5CF5\">Stadt*.<\/label><br \/>\n\t\t<input type=\"text\" id=\"COBJ5CF5\" name=\"COBJ5CF5\" maxlength=\"255\"><br \/>\n\t\t<label for=\"COBJ5CF6\">Land*.<\/label><br \/>\n\t\t<input type=\"text\" id=\"COBJ5CF6\" name=\"COBJ5CF6\" maxlength=\"255\"><br \/>\n\t\t<label>Geben Sie das Captcha ein<\/label><br \/>\n\t\t<input type=\"text\" maxlength=\"10\" name=\"enterdigest\"><br \/>\n\t\t<img decoding=\"async\" id=\"imgid\" src=\"https:\/\/crm.zoho.eu\/crm\/CaptchaServlet?formId=e3f3f054e8e8c2b9b815a1b59b902d1194605c042c6f95fd52336b44188eab91&amp;grpid=6a0445a9ff00e12d39b7c1ecac528f6b39bd2b01db711ada1a9cf34f2cb68039\"><br \/>\n\t\t\t<a href=\"javascript:;\" onclick=\"reloadImg()\">Relaunch<\/a><\/p>\n<hr>\n<p>\t\t<input type=\"submit\" id=\"formsubmit\" value=\"Senden Sie\" title=\"Senden Sie\"><br \/>\n<\/form>\n<p>*Pflichtfelder. Die auf diesem Formular gesammelten Daten sind f\u00fcr Linvosges, den Verantwortlichen f\u00fcr die Verarbeitung, bestimmt, um die Beziehung mit Ihnen zu verwalten und Ihnen die Antworten und Informationen zu geben, die Sie anfordern. Gem\u00e4\u00df dem Gesetz haben Sie das Recht auf Zugang, Berichtigung und Widerspruch zu den Sie betreffenden Daten. Weitere Informationen finden Sie in unserer <a href=\"https:\/\/www.linvosges-hotellerie.com\/de\/datenschutzrichtlinie\/\" target=\"_blank\" rel=\"noopener noreferrer\">Datenschutzrichtlinie<\/a>.<\/p>\n","protected":false},"excerpt":{"rendered":"<p>Finden Sie die neuen Kollektionen von Linvosges f\u00fcr die Hotellerie in unserem interaktiven Katalog. Von der Dekoration bis zur Badew\u00e4sche, von der Tischw\u00e4sche bis zur Bettw\u00e4sche, lassen Sie sich inspirieren, beraten und f\u00fchren Sie sich durch die Seiten und gelangen Sie direkt zu den Produktbeschreibungen. Entdecken Sie die Matratzen- und Unterbettkollektion, die aus unserer Zusammenarbeit [&hellip;]<\/p>\n","protected":false},"author":1,"featured_media":10416,"parent":0,"menu_order":7,"comment_status":"closed","ping_status":"closed","template":"","meta":{"_acf_changed":false,"footnotes":""},"class_list":["post-28905","page","type-page","status-publish","has-post-thumbnail","hentry"],"acf":[],"_links":{"self":[{"href":"https:\/\/www.linvosges-hotellerie.com\/de\/wp-json\/wp\/v2\/pages\/28905","targetHints":{"allow":["GET"]}}],"collection":[{"href":"https:\/\/www.linvosges-hotellerie.com\/de\/wp-json\/wp\/v2\/pages"}],"about":[{"href":"https:\/\/www.linvosges-hotellerie.com\/de\/wp-json\/wp\/v2\/types\/page"}],"author":[{"embeddable":true,"href":"https:\/\/www.linvosges-hotellerie.com\/de\/wp-json\/wp\/v2\/users\/1"}],"replies":[{"embeddable":true,"href":"https:\/\/www.linvosges-hotellerie.com\/de\/wp-json\/wp\/v2\/comments?post=28905"}],"version-history":[{"count":1,"href":"https:\/\/www.linvosges-hotellerie.com\/de\/wp-json\/wp\/v2\/pages\/28905\/revisions"}],"predecessor-version":[{"id":60639,"href":"https:\/\/www.linvosges-hotellerie.com\/de\/wp-json\/wp\/v2\/pages\/28905\/revisions\/60639"}],"wp:featuredmedia":[{"embeddable":true,"href":"https:\/\/www.linvosges-hotellerie.com\/de\/wp-json\/wp\/v2\/media\/10416"}],"wp:attachment":[{"href":"https:\/\/www.linvosges-hotellerie.com\/de\/wp-json\/wp\/v2\/media?parent=28905"}],"curies":[{"name":"wp","href":"https:\/\/api.w.org\/{rel}","templated":true}]}}