{"id":29102,"date":"2020-12-16T00:47:33","date_gmt":"2020-12-15T23:47:33","guid":{"rendered":"https:\/\/www.linvosges-hotellerie.com\/unkategorisiert\/frottee-duschtuch-tendance\/"},"modified":"2020-12-16T00:47:33","modified_gmt":"2020-12-15T23:47:33","slug":"frottee-duschtuch-tendance","status":"publish","type":"product","link":"https:\/\/www.linvosges-hotellerie.com\/de\/die-schwamme\/badetucher\/frottee-duschtuch-tendance\/","title":{"rendered":"Frottee-Duschtuch Tendance"},"content":{"rendered":"<p>Einfarbiges Duschtuch aus Baumwolle mit zwei gewebten Monogrammleisten oben und unten. 500 g\/m\u00b2 Frottee mit Schlingen aus gezwirntem Garn f\u00fcr eine hervorragende Saugf\u00e4higkeit. Erh\u00e4ltlich in 3 Farben: Wei\u00df, Taupe und Anthrazit, waschbar bei 95\u00b0. Verst\u00e4rkte Doppelnaht rundum, um den professionellen Anspr\u00fcchen gerecht zu werden.<\/p>\n<p>Linvosges setzt sich f\u00fcr die Herstellung seiner Produkte ohne Substanzen in den Schwellenwerten ein, die Ihrer Gesundheit schaden k\u00f6nnten. F\u00fcr diesen Ansatz hat ein unabh\u00e4ngiges Institut der Marke das Oeko-Tex\u00ae Label verliehen, nachdem zahlreiche Tests durchgef\u00fchrt wurden, die einem sehr strengen Pflichtenheft entsprechen.<\/p>\n<p>Oeko-Tex\u00ae Standard 100 zertifiziert &#8211; Confidence in Textiles &#8211; XXXXXXX\/XXX IFTH.<\/p>\n<p>Achtung: Begrenzte Best\u00e4nde<\/p>\n","protected":false},"excerpt":{"rendered":"<p>Maschinenw\u00e4sche bei 95\u00b0.<br \/>\nChlor und Bleichmittel verboten<br \/>\nTrocknen im Tumbler bei 60\u00b0.<br \/>\nB\u00fcgeln bei einer Temperatur von maximal 200\u00b0 C<br \/>\nNicht chemisch reinigen<\/p>\n<p><span class=\"ginetex\">  2 o s v U  <\/span><\/p>\n","protected":false},"featured_media":29105,"template":"","meta":{"_acf_changed":false},"label":[],"product_brand":[],"product_cat":[1589,1588,1586,1538],"product_tag":[],"gamme":[1580],"matiere":[1525],"class_list":{"0":"post-29102","1":"product","2":"type-product","3":"status-publish","4":"has-post-thumbnail","6":"product_cat-500-grs-m2-de","7":"product_cat-badetucher","8":"product_cat-die-schwamme","9":"product_cat-outlet-alles-auf-50-reduziert","10":"pa_couleur-anthrazit","11":"pa_couleur-taupe-de","12":"pa_couleur-weis","13":"pa_dimensions-70x140-cm","14":"pa_grammage-500grs-m","15":"pa_matiere-100-baumwolle","16":"gamme-trend","17":"matiere-baumwolle","19":"first","20":"outofstock","21":"taxable","22":"shipping-taxable","23":"product-type-variable","24":"has-default-attributes"},"acf":[],"df_price":"","df_sale_price":"","df_regular_price":"","df_image_link":"https:\/\/www.linvosges-hotellerie.com\/wp-content\/uploads\/2020\/12\/linge-de-bain-tendance-linvosges-hotellerie-2-300x300.jpg","_links":{"self":[{"href":"https:\/\/www.linvosges-hotellerie.com\/de\/wp-json\/wp\/v2\/product\/29102","targetHints":{"allow":["GET"]}}],"collection":[{"href":"https:\/\/www.linvosges-hotellerie.com\/de\/wp-json\/wp\/v2\/product"}],"about":[{"href":"https:\/\/www.linvosges-hotellerie.com\/de\/wp-json\/wp\/v2\/types\/product"}],"wp:featuredmedia":[{"embeddable":true,"href":"https:\/\/www.linvosges-hotellerie.com\/de\/wp-json\/wp\/v2\/media\/29105"}],"wp:attachment":[{"href":"https:\/\/www.linvosges-hotellerie.com\/de\/wp-json\/wp\/v2\/media?parent=29102"}],"wp:term":[{"taxonomy":"label","embeddable":true,"href":"https:\/\/www.linvosges-hotellerie.com\/de\/wp-json\/wp\/v2\/label?post=29102"},{"taxonomy":"product_brand","embeddable":true,"href":"https:\/\/www.linvosges-hotellerie.com\/de\/wp-json\/wp\/v2\/product_brand?post=29102"},{"taxonomy":"product_cat","embeddable":true,"href":"https:\/\/www.linvosges-hotellerie.com\/de\/wp-json\/wp\/v2\/product_cat?post=29102"},{"taxonomy":"product_tag","embeddable":true,"href":"https:\/\/www.linvosges-hotellerie.com\/de\/wp-json\/wp\/v2\/product_tag?post=29102"},{"taxonomy":"gamme","embeddable":true,"href":"https:\/\/www.linvosges-hotellerie.com\/de\/wp-json\/wp\/v2\/gamme?post=29102"},{"taxonomy":"matiere","embeddable":true,"href":"https:\/\/www.linvosges-hotellerie.com\/de\/wp-json\/wp\/v2\/matiere?post=29102"}],"curies":[{"name":"wp","href":"https:\/\/api.w.org\/{rel}","templated":true}]}}