{"id":29406,"date":"2020-12-16T03:50:42","date_gmt":"2020-12-16T02:50:42","guid":{"rendered":"https:\/\/www.linvosges-hotellerie.com\/unkategorisiert\/bettlaken-milano\/"},"modified":"2020-12-16T03:50:42","modified_gmt":"2020-12-16T02:50:42","slug":"bettlaken-milano","status":"publish","type":"product","link":"https:\/\/www.linvosges-hotellerie.com\/de\/outlet-alles-auf-50-reduziert\/bettlaken-milano\/","title":{"rendered":"Bettlaken Milano"},"content":{"rendered":"<p>Flachbettlaken aus Polycotton mit Satinstreifen 230 F\u00e4den\/in\u00b2. Die 4mm d\u00fcnnen und symmetrischen Linien sorgen f\u00fcr einen zeitgen\u00f6ssischen Look.<br \/>\nDie Mischung aus Baumwolle und Polyester macht die Pflege Ihrer W\u00e4sche einfacher, d.h. schnelleres Trocknen und leichteres B\u00fcgeln.<\/p>\n<p>3 cm Saum an Kopf und Fu\u00df<br \/>\nFarbiger Faden am Fu\u00df, um die verschiedenen Gr\u00f6\u00dfen zu identifizieren und die Pflege und Aufbewahrung der W\u00e4sche zu erleichtern. Zeitersparnis f\u00fcr das Zimmer- und W\u00e4schereipersonal<\/p>\n<p>Garnfarben je nach Gr\u00f6\u00dfe :<br \/>\n180&#215;310: rot<br \/>\n240&#215;310: blau<\/p>\n<p>Achtung: Begrenzte Best\u00e4nde<\/p>\n","protected":false},"excerpt":{"rendered":"<p>Maschinenw\u00e4sche bei 95\u00b0.<br \/>\nChlor und Bleichmittel verboten<br \/>\nTrocknen im Tumbler bei 80\u00b0.<br \/>\nB\u00fcgeln bei einer Temperatur von maximal 200\u00b0 C<br \/>\nNicht chemisch reinigen<\/p>\n<p><span class=\"ginetex\">  2 o a v U  <\/span><\/p>\n","protected":false},"featured_media":29348,"template":"","meta":{"_acf_changed":false},"label":[],"product_brand":[],"product_cat":[1538],"product_tag":[],"gamme":[1653],"matiere":[1637],"class_list":{"0":"post-29406","1":"product","2":"type-product","3":"status-publish","4":"has-post-thumbnail","6":"product_cat-outlet-alles-auf-50-reduziert","7":"pa_couleur-weis","8":"pa_dimensions-180-310-cm","9":"pa_dimensions-240-310-cm","10":"pa_grammage-140-grs-m","11":"pa_matiere-50-baumwolle-50-polyester","12":"gamme-milano-de","13":"matiere-polycotton","15":"first","16":"outofstock","17":"sale","18":"taxable","19":"shipping-taxable","20":"purchasable","21":"product-type-variable","22":"has-default-attributes"},"acf":[],"df_price":8.98,"df_sale_price":"","df_regular_price":8.98,"df_image_link":"https:\/\/www.linvosges-hotellerie.com\/wp-content\/uploads\/2020\/12\/linge-de-lit-bandes-satin-polycoton-milano-140-grs-m2-hotel-professionnel-linvosges-hotellerie-300x300.jpg","_links":{"self":[{"href":"https:\/\/www.linvosges-hotellerie.com\/de\/wp-json\/wp\/v2\/product\/29406","targetHints":{"allow":["GET"]}}],"collection":[{"href":"https:\/\/www.linvosges-hotellerie.com\/de\/wp-json\/wp\/v2\/product"}],"about":[{"href":"https:\/\/www.linvosges-hotellerie.com\/de\/wp-json\/wp\/v2\/types\/product"}],"wp:featuredmedia":[{"embeddable":true,"href":"https:\/\/www.linvosges-hotellerie.com\/de\/wp-json\/wp\/v2\/media\/29348"}],"wp:attachment":[{"href":"https:\/\/www.linvosges-hotellerie.com\/de\/wp-json\/wp\/v2\/media?parent=29406"}],"wp:term":[{"taxonomy":"label","embeddable":true,"href":"https:\/\/www.linvosges-hotellerie.com\/de\/wp-json\/wp\/v2\/label?post=29406"},{"taxonomy":"product_brand","embeddable":true,"href":"https:\/\/www.linvosges-hotellerie.com\/de\/wp-json\/wp\/v2\/product_brand?post=29406"},{"taxonomy":"product_cat","embeddable":true,"href":"https:\/\/www.linvosges-hotellerie.com\/de\/wp-json\/wp\/v2\/product_cat?post=29406"},{"taxonomy":"product_tag","embeddable":true,"href":"https:\/\/www.linvosges-hotellerie.com\/de\/wp-json\/wp\/v2\/product_tag?post=29406"},{"taxonomy":"gamme","embeddable":true,"href":"https:\/\/www.linvosges-hotellerie.com\/de\/wp-json\/wp\/v2\/gamme?post=29406"},{"taxonomy":"matiere","embeddable":true,"href":"https:\/\/www.linvosges-hotellerie.com\/de\/wp-json\/wp\/v2\/matiere?post=29406"}],"curies":[{"name":"wp","href":"https:\/\/api.w.org\/{rel}","templated":true}]}}