{"id":29558,"date":"2020-12-16T03:50:49","date_gmt":"2020-12-16T02:50:49","guid":{"rendered":"https:\/\/www.linvosges-hotellerie.com\/unkategorisiert\/spannbettlaken-come\/"},"modified":"2020-12-16T03:50:49","modified_gmt":"2020-12-16T02:50:49","slug":"spannbettlaken-come","status":"publish","type":"product","link":"https:\/\/www.linvosges-hotellerie.com\/de\/spannbettlaken\/spannbettlaken-come\/","title":{"rendered":"Spannbettlaken C\u00f4me"},"content":{"rendered":"<p>Spannbetttuch aus Polycotton 300 Filsxin\u00b2. Ein Spiel aus matten und satinierten 10- und 24-mm-Streifen verleiht diesem Stoff eine schicke Ausstrahlung.<br \/>\nDie Mischung aus Baumwolle und Polyester macht die Pflege Ihrer W\u00e4sche einfacher, d.h. schnelleres Trocknen und leichteres B\u00fcgeln.<\/p>\n<p>30 cm lange Haube, geeignet f\u00fcr Matratzen bis zu einer Dicke von 22 cm.<br \/>\n35 cm lange Haube, geeignet f\u00fcr Matratzen bis zu einer Dicke von 27 cm.<\/p>\n<p>Farbiger Faden rundherum, um die verschiedenen Gr\u00f6\u00dfen zu identifizieren und die Pflege und Aufbewahrung der W\u00e4sche zu erleichtern. Zeitersparnis f\u00fcr das Zimmer- und W\u00e4schereipersonal<\/p>\n<p>Garnfarben je nach Gr\u00f6\u00dfe :<br \/>\n80&#215;200: braun<br \/>\n90&#215;200: orange<br \/>\n140&#215;190: blau<br \/>\n160&#215;200: gr\u00fcn<br \/>\n180&#215;200: dunkelgrau<br \/>\n200&#215;200: schwarz<\/p>\n","protected":false},"excerpt":{"rendered":"<p>Maschinenw\u00e4sche bei 95\u00b0.<br \/>\nChlor und Bleichmittel verboten<br \/>\nTrocknen im Tumbler bei 80\u00b0.<br \/>\nB\u00fcgeln bei einer Temperatur von maximal 150\u00b0 C<br \/>\nNicht chemisch reinigen<\/p>\n<p><span class=\"ginetex\">  2 o a b U  <\/span><\/p>\n","protected":false},"featured_media":29530,"template":"","meta":{"_acf_changed":false},"label":[],"product_brand":[],"product_cat":[1641],"product_tag":[],"gamme":[1670],"matiere":[1637],"class_list":{"0":"post-29558","1":"product","2":"type-product","3":"status-publish","4":"has-post-thumbnail","6":"product_cat-spannbettlaken","7":"pa_couleur-weis","8":"pa_dimensions-160-200-cm","9":"pa_dimensions-180x200-cm","10":"pa_dimensions-200-200-cm","11":"pa_dimensions-80-200-cm","12":"pa_dimensions-90-200-cm","13":"pa_forme-form-des-mutzenbezugs-30cm","14":"pa_forme-form-des-mutzenbezugs-35cm","15":"pa_grammage-148grs-m","16":"pa_matiere-50-baumwolle-50-polyester","17":"gamme-como","18":"matiere-polycotton","20":"first","21":"instock","22":"taxable","23":"shipping-taxable","24":"purchasable","25":"product-type-variable","26":"has-default-attributes"},"acf":[],"df_price":14.08,"df_sale_price":"","df_regular_price":14.08,"df_image_link":"https:\/\/www.linvosges-hotellerie.com\/wp-content\/uploads\/2020\/12\/linge-de-lit-bandes-satin-come-148-grs-m2-hotel-professionnel-linvosges-hotellerie-300x300.jpg","_links":{"self":[{"href":"https:\/\/www.linvosges-hotellerie.com\/de\/wp-json\/wp\/v2\/product\/29558","targetHints":{"allow":["GET"]}}],"collection":[{"href":"https:\/\/www.linvosges-hotellerie.com\/de\/wp-json\/wp\/v2\/product"}],"about":[{"href":"https:\/\/www.linvosges-hotellerie.com\/de\/wp-json\/wp\/v2\/types\/product"}],"wp:featuredmedia":[{"embeddable":true,"href":"https:\/\/www.linvosges-hotellerie.com\/de\/wp-json\/wp\/v2\/media\/29530"}],"wp:attachment":[{"href":"https:\/\/www.linvosges-hotellerie.com\/de\/wp-json\/wp\/v2\/media?parent=29558"}],"wp:term":[{"taxonomy":"label","embeddable":true,"href":"https:\/\/www.linvosges-hotellerie.com\/de\/wp-json\/wp\/v2\/label?post=29558"},{"taxonomy":"product_brand","embeddable":true,"href":"https:\/\/www.linvosges-hotellerie.com\/de\/wp-json\/wp\/v2\/product_brand?post=29558"},{"taxonomy":"product_cat","embeddable":true,"href":"https:\/\/www.linvosges-hotellerie.com\/de\/wp-json\/wp\/v2\/product_cat?post=29558"},{"taxonomy":"product_tag","embeddable":true,"href":"https:\/\/www.linvosges-hotellerie.com\/de\/wp-json\/wp\/v2\/product_tag?post=29558"},{"taxonomy":"gamme","embeddable":true,"href":"https:\/\/www.linvosges-hotellerie.com\/de\/wp-json\/wp\/v2\/gamme?post=29558"},{"taxonomy":"matiere","embeddable":true,"href":"https:\/\/www.linvosges-hotellerie.com\/de\/wp-json\/wp\/v2\/matiere?post=29558"}],"curies":[{"name":"wp","href":"https:\/\/api.w.org\/{rel}","templated":true}]}}