{"id":29702,"date":"2020-12-16T03:50:57","date_gmt":"2020-12-16T02:50:57","guid":{"rendered":"https:\/\/www.linvosges-hotellerie.com\/unkategorisiert\/flachbettlaken-le-metis\/"},"modified":"2020-12-16T03:50:57","modified_gmt":"2020-12-16T02:50:57","slug":"flachbettlaken-le-metis","status":"publish","type":"product","link":"https:\/\/www.linvosges-hotellerie.com\/de\/unkategorisiert\/flachbettlaken-le-metis\/","title":{"rendered":"Flachbettlaken Le M\u00e9tis"},"content":{"rendered":"<p>Flachbettlaken mit einer authentischen Textur und Haptik, die durch die Kombination von Baumwolle und Leinen erzielt wird. Halbleinen vereint die Weichheit von Baumwolle und die Frische von Leinen. 100 Adernxin\u00b2<\/p>\n<p>Abmessungen :<br \/>\n240&#215;310<br \/>\n270&#215;310<\/p>\n<p>Wei\u00dfes Bourdon-R\u00fcschen-Finish am Kopf + Saum am Fu\u00df und an den Seiten<\/p>\n","protected":false},"excerpt":{"rendered":"<p>Maschinenw\u00e4sche bei 60\u00b0.<br \/>\nChlor und Bleichmittel verboten<br \/>\nW\u00e4schetrockner verboten<br \/>\nB\u00fcgeln bei einer Temperatur von maximal 200\u00b0 C<br \/>\nNicht chemisch reinigen<\/p>\n<p><span class=\"ginetex\">  4 o d v U  <\/span><\/p>\n","protected":false},"featured_media":29656,"template":"","meta":{"_acf_changed":false},"label":[],"product_brand":[],"product_cat":[],"product_tag":[],"gamme":[1680],"matiere":[],"class_list":{"0":"post-29702","1":"product","2":"type-product","3":"status-publish","4":"has-post-thumbnail","6":"pa_couleur-weis","7":"pa_dimensions-240-310-cm","8":"pa_dimensions-270-310-cm","9":"pa_grammage-190grs-m","10":"pa_matiere-50-leinen-50-baumwolle","11":"gamme-der-mestize","13":"first","14":"instock","15":"taxable","16":"shipping-taxable","17":"purchasable","18":"product-type-variable","19":"has-default-attributes"},"acf":[],"df_price":110.91,"df_sale_price":"","df_regular_price":110.91,"df_image_link":"https:\/\/www.linvosges-hotellerie.com\/wp-content\/uploads\/2020\/12\/linge-de-lit-metis-190-grs-m2-blanc-hotel-professionnel-linvosges-hotellerie-300x300.jpg","_links":{"self":[{"href":"https:\/\/www.linvosges-hotellerie.com\/de\/wp-json\/wp\/v2\/product\/29702","targetHints":{"allow":["GET"]}}],"collection":[{"href":"https:\/\/www.linvosges-hotellerie.com\/de\/wp-json\/wp\/v2\/product"}],"about":[{"href":"https:\/\/www.linvosges-hotellerie.com\/de\/wp-json\/wp\/v2\/types\/product"}],"wp:featuredmedia":[{"embeddable":true,"href":"https:\/\/www.linvosges-hotellerie.com\/de\/wp-json\/wp\/v2\/media\/29656"}],"wp:attachment":[{"href":"https:\/\/www.linvosges-hotellerie.com\/de\/wp-json\/wp\/v2\/media?parent=29702"}],"wp:term":[{"taxonomy":"label","embeddable":true,"href":"https:\/\/www.linvosges-hotellerie.com\/de\/wp-json\/wp\/v2\/label?post=29702"},{"taxonomy":"product_brand","embeddable":true,"href":"https:\/\/www.linvosges-hotellerie.com\/de\/wp-json\/wp\/v2\/product_brand?post=29702"},{"taxonomy":"product_cat","embeddable":true,"href":"https:\/\/www.linvosges-hotellerie.com\/de\/wp-json\/wp\/v2\/product_cat?post=29702"},{"taxonomy":"product_tag","embeddable":true,"href":"https:\/\/www.linvosges-hotellerie.com\/de\/wp-json\/wp\/v2\/product_tag?post=29702"},{"taxonomy":"gamme","embeddable":true,"href":"https:\/\/www.linvosges-hotellerie.com\/de\/wp-json\/wp\/v2\/gamme?post=29702"},{"taxonomy":"matiere","embeddable":true,"href":"https:\/\/www.linvosges-hotellerie.com\/de\/wp-json\/wp\/v2\/matiere?post=29702"}],"curies":[{"name":"wp","href":"https:\/\/api.w.org\/{rel}","templated":true}]}}