{"id":29736,"date":"2020-12-16T03:51:00","date_gmt":"2020-12-16T02:51:00","guid":{"rendered":"https:\/\/www.linvosges-hotellerie.com\/unkategorisiert\/flachbettlaken-le-pur-fil-de-lin\/"},"modified":"2020-12-16T03:51:00","modified_gmt":"2020-12-16T02:51:00","slug":"flachbettlaken-le-pur-fil-de-lin","status":"publish","type":"product","link":"https:\/\/www.linvosges-hotellerie.com\/de\/unkategorisiert\/flachbettlaken-le-pur-fil-de-lin\/","title":{"rendered":"Flachbettlaken Le Pur Fil De Lin"},"content":{"rendered":"<p>Flachbettlaken aus einem raffinierten Leinenstoff, der an die Eleganz und Robustheit der W\u00e4sche von fr\u00fcher erinnert. Leinen ist eine sehr starke Faser mit einem einzigartigen Griff. Er ist isolierend und atmungsaktiv und hat die Eigenschaft, die W\u00e4rme auf nat\u00fcrliche Weise zu regulieren. 100 Adernxin\u00b2<\/p>\n<p>Abmessungen :<br \/>\n240&#215;310<br \/>\n270&#215;310<\/p>\n<p>Wei\u00dfes Bourdon-R\u00fcschen-Finish am Kopf + Saum am Fu\u00df und an den Seiten<\/p>\n","protected":false},"excerpt":{"rendered":"<p>Maschinenw\u00e4sche bei 60\u00b0.<br \/>\nChlor und Bleichmittel verboten<br \/>\nW\u00e4schetrockner verboten<br \/>\nB\u00fcgeln bei einer Temperatur von maximal 200\u00b0 C<br \/>\nNicht chemisch reinigen<\/p>\n<p><span class=\"ginetex\">  4 o d v U  <\/span><\/p>\n","protected":false},"featured_media":29696,"template":"","meta":{"_acf_changed":false},"label":[],"product_brand":[],"product_cat":[],"product_tag":[],"gamme":[1688],"matiere":[],"class_list":{"0":"post-29736","1":"product","2":"type-product","3":"status-publish","4":"has-post-thumbnail","6":"pa_couleur-weis","7":"pa_dimensions-240-310-cm","8":"pa_dimensions-270-310-cm","9":"pa_grammage-165grs-m","10":"pa_matiere-100-leinen","11":"gamme-reines-leinengarn","13":"first","14":"instock","15":"taxable","16":"shipping-taxable","17":"purchasable","18":"product-type-variable","19":"has-default-attributes"},"acf":[],"df_price":122.51,"df_sale_price":"","df_regular_price":122.51,"df_image_link":"https:\/\/www.linvosges-hotellerie.com\/wp-content\/uploads\/2020\/12\/linge-de-lit-pur-fil-de-lin-165-grs-m2-blanc-hotel-professionnel-linvosges-hotellerie-300x300.jpg","_links":{"self":[{"href":"https:\/\/www.linvosges-hotellerie.com\/de\/wp-json\/wp\/v2\/product\/29736","targetHints":{"allow":["GET"]}}],"collection":[{"href":"https:\/\/www.linvosges-hotellerie.com\/de\/wp-json\/wp\/v2\/product"}],"about":[{"href":"https:\/\/www.linvosges-hotellerie.com\/de\/wp-json\/wp\/v2\/types\/product"}],"wp:featuredmedia":[{"embeddable":true,"href":"https:\/\/www.linvosges-hotellerie.com\/de\/wp-json\/wp\/v2\/media\/29696"}],"wp:attachment":[{"href":"https:\/\/www.linvosges-hotellerie.com\/de\/wp-json\/wp\/v2\/media?parent=29736"}],"wp:term":[{"taxonomy":"label","embeddable":true,"href":"https:\/\/www.linvosges-hotellerie.com\/de\/wp-json\/wp\/v2\/label?post=29736"},{"taxonomy":"product_brand","embeddable":true,"href":"https:\/\/www.linvosges-hotellerie.com\/de\/wp-json\/wp\/v2\/product_brand?post=29736"},{"taxonomy":"product_cat","embeddable":true,"href":"https:\/\/www.linvosges-hotellerie.com\/de\/wp-json\/wp\/v2\/product_cat?post=29736"},{"taxonomy":"product_tag","embeddable":true,"href":"https:\/\/www.linvosges-hotellerie.com\/de\/wp-json\/wp\/v2\/product_tag?post=29736"},{"taxonomy":"gamme","embeddable":true,"href":"https:\/\/www.linvosges-hotellerie.com\/de\/wp-json\/wp\/v2\/gamme?post=29736"},{"taxonomy":"matiere","embeddable":true,"href":"https:\/\/www.linvosges-hotellerie.com\/de\/wp-json\/wp\/v2\/matiere?post=29736"}],"curies":[{"name":"wp","href":"https:\/\/api.w.org\/{rel}","templated":true}]}}