{"id":29786,"date":"2020-12-16T03:51:04","date_gmt":"2020-12-16T02:51:04","guid":{"rendered":"https:\/\/www.linvosges-hotellerie.com\/unkategorisiert\/spannbetttuch-faro\/"},"modified":"2026-02-01T10:32:27","modified_gmt":"2026-02-01T09:32:27","slug":"spannbetttuch-faro","status":"publish","type":"product","link":"https:\/\/www.linvosges-hotellerie.com\/de\/spannbettlaken\/spannbetttuch-faro\/","title":{"rendered":"Spannbetttuch Faro"},"content":{"rendered":"<p>Dieses Spannbettlaken aus gewaschenem Perkal 200 Filsxin\u00b2, gewebt aus den langen Fasern der Baumwolle, f\u00fchlt sich weich an und sieht leicht knittrig aus. \u00dcberfl\u00fcssiges B\u00fcgeln. Baumwolle ist ein edles Material und von Natur aus bequem und strapazierf\u00e4hig.<\/p>\n<p>30 cm lange Haube, geeignet f\u00fcr Matratzen bis zu einer Dicke von 22 cm.<br \/>\nFarbiger Faden rundherum, um die verschiedenen Gr\u00f6\u00dfen zu identifizieren und die Pflege und Aufbewahrung der W\u00e4sche zu erleichtern. Zeitersparnis f\u00fcr das Zimmer- und W\u00e4schereipersonal<\/p>\n<p>Garnfarben je nach Gr\u00f6\u00dfe :<br \/>\n90&#215;190: rot<br \/>\n90&#215;200: orange<br \/>\n140&#215;190: blau<br \/>\n160&#215;200: gr\u00fcn<br \/>\n180&#215;200: dunkelgrau<\/p>\n","protected":false},"excerpt":{"rendered":"<p>Maschinenw\u00e4sche bei 40\u00b0.<br \/>\nChlor und Bleichmittel verboten<br \/>\nTrocknen im Tumbler bei 60\u00b0.<br \/>\nB\u00fcgeln bei einer Temperatur von bis zu 110\u00b0, ohne Dampf<br \/>\nNicht chemisch reinigen<\/p>\n<p><span class=\"ginetex\">  8 o s n U  <\/span><\/p>\n","protected":false},"featured_media":29790,"template":"","meta":{"_acf_changed":false},"label":[],"product_brand":[],"product_cat":[1641],"product_tag":[],"gamme":[1708],"matiere":[1525],"class_list":{"0":"post-29786","1":"product","2":"type-product","3":"status-publish","4":"has-post-thumbnail","6":"product_cat-spannbettlaken","7":"pa_couleur-weis","8":"pa_dimensions-140-190-cm","9":"pa_dimensions-160-200-cm","10":"pa_dimensions-180x200-cm","11":"pa_dimensions-90-190-cm","12":"pa_dimensions-90-200-cm","13":"pa_grammage-110grs-m","14":"pa_matiere-100-baumwolle","15":"gamme-faro-de","16":"matiere-baumwolle","18":"first","19":"instock","20":"taxable","21":"shipping-taxable","22":"purchasable","23":"product-type-variable","24":"has-default-attributes"},"acf":[],"df_price":20.71,"df_sale_price":"","df_regular_price":20.71,"df_image_link":"https:\/\/www.linvosges-hotellerie.com\/wp-content\/uploads\/2020\/12\/linge-de-lit-percale-lavee-faro-coton-110-grs-m2-hotel-professionnel-linvosges-hotellerie-2-300x300.jpg","_links":{"self":[{"href":"https:\/\/www.linvosges-hotellerie.com\/de\/wp-json\/wp\/v2\/product\/29786","targetHints":{"allow":["GET"]}}],"collection":[{"href":"https:\/\/www.linvosges-hotellerie.com\/de\/wp-json\/wp\/v2\/product"}],"about":[{"href":"https:\/\/www.linvosges-hotellerie.com\/de\/wp-json\/wp\/v2\/types\/product"}],"wp:featuredmedia":[{"embeddable":true,"href":"https:\/\/www.linvosges-hotellerie.com\/de\/wp-json\/wp\/v2\/media\/29790"}],"wp:attachment":[{"href":"https:\/\/www.linvosges-hotellerie.com\/de\/wp-json\/wp\/v2\/media?parent=29786"}],"wp:term":[{"taxonomy":"label","embeddable":true,"href":"https:\/\/www.linvosges-hotellerie.com\/de\/wp-json\/wp\/v2\/label?post=29786"},{"taxonomy":"product_brand","embeddable":true,"href":"https:\/\/www.linvosges-hotellerie.com\/de\/wp-json\/wp\/v2\/product_brand?post=29786"},{"taxonomy":"product_cat","embeddable":true,"href":"https:\/\/www.linvosges-hotellerie.com\/de\/wp-json\/wp\/v2\/product_cat?post=29786"},{"taxonomy":"product_tag","embeddable":true,"href":"https:\/\/www.linvosges-hotellerie.com\/de\/wp-json\/wp\/v2\/product_tag?post=29786"},{"taxonomy":"gamme","embeddable":true,"href":"https:\/\/www.linvosges-hotellerie.com\/de\/wp-json\/wp\/v2\/gamme?post=29786"},{"taxonomy":"matiere","embeddable":true,"href":"https:\/\/www.linvosges-hotellerie.com\/de\/wp-json\/wp\/v2\/matiere?post=29786"}],"curies":[{"name":"wp","href":"https:\/\/api.w.org\/{rel}","templated":true}]}}