{"id":29957,"date":"2020-12-16T03:51:13","date_gmt":"2020-12-16T02:51:13","guid":{"rendered":"https:\/\/www.linvosges-hotellerie.com\/unkategorisiert\/bettlaken-ecume\/"},"modified":"2025-08-01T00:00:42","modified_gmt":"2025-07-31T22:00:42","slug":"bettlaken-ecume","status":"publish","type":"product","link":"https:\/\/www.linvosges-hotellerie.com\/de\/bettwasche\/baumwolle\/bettlaken-ecume\/","title":{"rendered":"Bettlaken Ecume"},"content":{"rendered":"<p>Flachbettlaken aus glattem Perkal mit Seersuckerbeschichtung. Der gepr\u00e4gte Stoff verleiht dieser Serie aus Perkal 200filsxin\u00b2 einen Hauch von schlichter Originalit\u00e4t. Seersucker ist das Ergebnis einer Webtechnik, bei der durch die Aus\u00fcbung unterschiedlicher Spannungen ein Stoff entsteht, der auf der Unterseite glatt und auf der Oberfl\u00e4che gepr\u00e4gt ist. Dieses Relief verleiht dem Stoff die Besonderheit, atmungsaktiv und leicht zu sein, daher der Name unserer Serie Ecume.<br \/>\nBaumwolle ist ein edles Material und von Natur aus bequem und strapazierf\u00e4hig.<\/p>\n<p>Farbiger Faden am Fu\u00df, um die verschiedenen Gr\u00f6\u00dfen zu identifizieren und die Pflege und Aufbewahrung der W\u00e4sche zu erleichtern. Zeitersparnis f\u00fcr das Zimmer- und W\u00e4schereipersonal<\/p>\n<p>Garnfarben je nach Gr\u00f6\u00dfe :<br \/>\n180&#215;310: rot<br \/>\n240&#215;310: blau<br \/>\n280&#215;310: gr\u00fcn<\/p>\n","protected":false},"excerpt":{"rendered":"<p>Maschinenw\u00e4sche bei 60\u00b0.<br \/>\nChlor und Bleichmittel verboten<br \/>\nTrocknen im Tumbler bei 60\u00b0.<br \/>\nB\u00fcgeln bei einer Temperatur von maximal 150\u00b0 C<br \/>\nNicht chemisch reinigen<\/p>\n<p><span class=\"ginetex\">  4 o s b U  <\/span><\/p>\n","protected":false},"featured_media":57819,"template":"","meta":{"_acf_changed":false},"label":[],"product_brand":[],"product_cat":[1710,1654,1641],"product_tag":[],"gamme":[],"matiere":[1525],"class_list":{"0":"post-29957","1":"product","2":"type-product","3":"status-publish","4":"has-post-thumbnail","6":"product_cat-baumwolle","7":"product_cat-bettwasche","8":"product_cat-spannbettlaken","9":"pa_couleur-natur","10":"pa_couleur-nebel","11":"pa_dimensions-140-190-cm","12":"pa_dimensions-160-200-cm","13":"pa_dimensions-180x200-cm","14":"pa_dimensions-90-190-cm","15":"pa_dimensions-90-200-cm","16":"pa_grammage-120grs-m","17":"pa_matiere-100-baumwolle","18":"matiere-baumwolle","20":"first","21":"instock","22":"taxable","23":"shipping-taxable","24":"purchasable","25":"product-type-variable","26":"has-default-attributes"},"acf":[],"df_price":23.06,"df_sale_price":"","df_regular_price":23.06,"df_image_link":"https:\/\/www.linvosges-hotellerie.com\/wp-content\/uploads\/2024\/09\/linge-de-lit-morphee-seersucker-linvosges-hotellerie-300x300.jpg","_links":{"self":[{"href":"https:\/\/www.linvosges-hotellerie.com\/de\/wp-json\/wp\/v2\/product\/29957","targetHints":{"allow":["GET"]}}],"collection":[{"href":"https:\/\/www.linvosges-hotellerie.com\/de\/wp-json\/wp\/v2\/product"}],"about":[{"href":"https:\/\/www.linvosges-hotellerie.com\/de\/wp-json\/wp\/v2\/types\/product"}],"wp:featuredmedia":[{"embeddable":true,"href":"https:\/\/www.linvosges-hotellerie.com\/de\/wp-json\/wp\/v2\/media\/57819"}],"wp:attachment":[{"href":"https:\/\/www.linvosges-hotellerie.com\/de\/wp-json\/wp\/v2\/media?parent=29957"}],"wp:term":[{"taxonomy":"label","embeddable":true,"href":"https:\/\/www.linvosges-hotellerie.com\/de\/wp-json\/wp\/v2\/label?post=29957"},{"taxonomy":"product_brand","embeddable":true,"href":"https:\/\/www.linvosges-hotellerie.com\/de\/wp-json\/wp\/v2\/product_brand?post=29957"},{"taxonomy":"product_cat","embeddable":true,"href":"https:\/\/www.linvosges-hotellerie.com\/de\/wp-json\/wp\/v2\/product_cat?post=29957"},{"taxonomy":"product_tag","embeddable":true,"href":"https:\/\/www.linvosges-hotellerie.com\/de\/wp-json\/wp\/v2\/product_tag?post=29957"},{"taxonomy":"gamme","embeddable":true,"href":"https:\/\/www.linvosges-hotellerie.com\/de\/wp-json\/wp\/v2\/gamme?post=29957"},{"taxonomy":"matiere","embeddable":true,"href":"https:\/\/www.linvosges-hotellerie.com\/de\/wp-json\/wp\/v2\/matiere?post=29957"}],"curies":[{"name":"wp","href":"https:\/\/api.w.org\/{rel}","templated":true}]}}