{"id":30131,"date":"2020-12-16T03:51:23","date_gmt":"2020-12-16T02:51:23","guid":{"rendered":"https:\/\/www.linvosges-hotellerie.com\/unkategorisiert\/bettlaken-evora\/"},"modified":"2026-04-30T00:16:16","modified_gmt":"2026-04-29T22:16:16","slug":"bettlaken-evora","status":"publish","type":"product","link":"https:\/\/www.linvosges-hotellerie.com\/de\/unkategorisiert\/bettlaken-evora\/","title":{"rendered":"Bettlaken Evora"},"content":{"rendered":"<p>Flachbettlaken mit samtigem Griff und matter, leicht geknitterter Optik f\u00fcr einen modernen Stil. Das B\u00fcgeln ist \u00fcberfl\u00fcssig, was Zeit spart.<br \/>\nSatinbindung mit 300 dicht gewebten F\u00e4denxin\u00b2, die f\u00fcr Weichheit und Geschmeidigkeit sorgt.<br \/>\nBaumwolle ist ein edles Material, das von Natur aus komfortabel und strapazierf\u00e4hig ist.<\/p>\n<p>Saum 5cm Kopf und Fu\u00df<br \/>\nFarbiger Faden am Fu\u00df, um die verschiedenen Gr\u00f6\u00dfen zu identifizieren und die Pflege und Aufbewahrung der W\u00e4sche zu erleichtern. Zeitersparnis f\u00fcr das Zimmer- und W\u00e4schereipersonal<\/p>\n<p>Garnfarben je nach Gr\u00f6\u00dfe :<br \/>\n180&#215;310: rot<br \/>\n240&#215;310: blau<br \/>\n280&#215;310: gr\u00fcn<\/p>\n","protected":false},"excerpt":{"rendered":"<p>Maschinenw\u00e4sche bei 40\u00b0.<br \/>\nChlor und Bleichmittel verboten<br \/>\nTrocknen im Tumbler bei 60\u00b0.<br \/>\nB\u00fcgeln bei einer Temperatur von bis zu 110\u00b0 ohne Dampf<br \/>\nNicht chemisch reinigen<\/p>\n<p><span class=\"ginetex\">  8 o s n U  <\/span><\/p>\n","protected":false},"featured_media":30135,"template":"","meta":{"_acf_changed":false},"label":[],"product_brand":[],"product_cat":[],"product_tag":[],"gamme":[1739],"matiere":[1525],"class_list":{"0":"post-30131","1":"product","2":"type-product","3":"status-publish","4":"has-post-thumbnail","6":"pa_couleur-weis","7":"pa_dimensions-180-310-cm","8":"pa_dimensions-240-310-cm","9":"pa_dimensions-270-310-cm","10":"pa_grammage-120grs-m","11":"pa_matiere-100-baumwolle","12":"gamme-evora-de","13":"matiere-baumwolle","15":"first","16":"instock","17":"taxable","18":"shipping-taxable","19":"purchasable","20":"product-type-variable","21":"has-default-attributes"},"acf":[],"df_price":39.06,"df_sale_price":"","df_regular_price":39.06,"df_image_link":"https:\/\/www.linvosges-hotellerie.com\/wp-content\/uploads\/2020\/12\/linge-de-lit-satin-lave-evora-coton-120-grs-m2-hotel-professionnel-linvosges-hotellerie-2-300x300.jpg","_links":{"self":[{"href":"https:\/\/www.linvosges-hotellerie.com\/de\/wp-json\/wp\/v2\/product\/30131","targetHints":{"allow":["GET"]}}],"collection":[{"href":"https:\/\/www.linvosges-hotellerie.com\/de\/wp-json\/wp\/v2\/product"}],"about":[{"href":"https:\/\/www.linvosges-hotellerie.com\/de\/wp-json\/wp\/v2\/types\/product"}],"wp:featuredmedia":[{"embeddable":true,"href":"https:\/\/www.linvosges-hotellerie.com\/de\/wp-json\/wp\/v2\/media\/30135"}],"wp:attachment":[{"href":"https:\/\/www.linvosges-hotellerie.com\/de\/wp-json\/wp\/v2\/media?parent=30131"}],"wp:term":[{"taxonomy":"label","embeddable":true,"href":"https:\/\/www.linvosges-hotellerie.com\/de\/wp-json\/wp\/v2\/label?post=30131"},{"taxonomy":"product_brand","embeddable":true,"href":"https:\/\/www.linvosges-hotellerie.com\/de\/wp-json\/wp\/v2\/product_brand?post=30131"},{"taxonomy":"product_cat","embeddable":true,"href":"https:\/\/www.linvosges-hotellerie.com\/de\/wp-json\/wp\/v2\/product_cat?post=30131"},{"taxonomy":"product_tag","embeddable":true,"href":"https:\/\/www.linvosges-hotellerie.com\/de\/wp-json\/wp\/v2\/product_tag?post=30131"},{"taxonomy":"gamme","embeddable":true,"href":"https:\/\/www.linvosges-hotellerie.com\/de\/wp-json\/wp\/v2\/gamme?post=30131"},{"taxonomy":"matiere","embeddable":true,"href":"https:\/\/www.linvosges-hotellerie.com\/de\/wp-json\/wp\/v2\/matiere?post=30131"}],"curies":[{"name":"wp","href":"https:\/\/api.w.org\/{rel}","templated":true}]}}