{"id":30194,"date":"2020-12-16T03:51:28","date_gmt":"2020-12-16T02:51:28","guid":{"rendered":"https:\/\/www.linvosges-hotellerie.com\/unkategorisiert\/spannbettlaken-taube\/"},"modified":"2020-12-16T03:51:28","modified_gmt":"2020-12-16T02:51:28","slug":"spannbettlaken-taube","status":"publish","type":"product","link":"https:\/\/www.linvosges-hotellerie.com\/de\/spannbettlaken\/spannbettlaken-taube\/","title":{"rendered":"Spannbettlaken Taube"},"content":{"rendered":"<p>Spannbettlaken aus Perkal aus reiner Baumwolle. Perkal 200 filsxin\u00b2 wird aus den l\u00e4ngsten Fasern der gek\u00e4mmten Baumwolle hergestellt und sehr dicht gewebt. Er bietet eine hohe Geschmeidigkeit und eine perfekte Passform.<br \/>\nBaumwolle ist ein edles Material, das von Natur aus komfortabel und strapazierf\u00e4hig ist.<\/p>\n<p>30 cm lange Haube, geeignet f\u00fcr Matratzen bis zu einer Dicke von 22 cm.<br \/>\n35 cm lange Haube, geeignet f\u00fcr Matratzen bis zu einer Dicke von 27 cm.<\/p>\n<p>Farbiger Faden rundherum, um die verschiedenen Gr\u00f6\u00dfen zu identifizieren und die Pflege und Aufbewahrung der W\u00e4sche zu erleichtern. Zeitersparnis f\u00fcr das Zimmer- und W\u00e4schereipersonal<\/p>\n<p>Garnfarben je nach Gr\u00f6\u00dfe :<br \/>\n80&#215;190: Parma<br \/>\n80&#215;200: braun<br \/>\n90&#215;190: rot<br \/>\n90&#215;200: orange<br \/>\n140&#215;190: blau<br \/>\n140&#215;200: gelb<br \/>\n160&#215;200: gr\u00fcn<br \/>\n180&#215;200: dunkelgrau<\/p>\n","protected":false},"excerpt":{"rendered":"<p>Maschinenw\u00e4sche bei 95\u00b0.<br \/>\nBleichen m\u00f6glich<br \/>\nTrocknen im Tumbler bei 80\u00b0.<br \/>\nB\u00fcgeln bei einer Temperatur von maximal 200\u00b0 C<br \/>\nZur chemischen Reinigung zugelassene Produkte: Kohlenwasserstoffe<\/p>\n<p><span class=\"ginetex\">  2 u a v W  <\/span><\/p>\n","protected":false},"featured_media":30196,"template":"","meta":{"_acf_changed":false},"label":[],"product_brand":[],"product_cat":[1641],"product_tag":[],"gamme":[1745],"matiere":[1525],"class_list":{"0":"post-30194","1":"product","2":"type-product","3":"status-publish","4":"has-post-thumbnail","6":"product_cat-spannbettlaken","7":"pa_couleur-weis","8":"pa_dimensions-140-190-cm","9":"pa_dimensions-140-200-cm","10":"pa_dimensions-160-200-cm","11":"pa_dimensions-180x200-cm","12":"pa_dimensions-80-190-cm","13":"pa_dimensions-80-200-cm","14":"pa_dimensions-90-190-cm","15":"pa_dimensions-90-200-cm","16":"pa_forme-form-des-mutzenbezugs-30cm","17":"pa_forme-form-des-mutzenbezugs-35cm","18":"pa_grammage-115grs-m","19":"pa_matiere-100-baumwolle","20":"gamme-taube","21":"matiere-baumwolle","23":"first","24":"instock","25":"taxable","26":"shipping-taxable","27":"purchasable","28":"product-type-variable","29":"has-default-attributes"},"acf":[],"df_price":10.07,"df_sale_price":"","df_regular_price":10.07,"df_image_link":"https:\/\/www.linvosges-hotellerie.com\/wp-content\/uploads\/2020\/12\/linge-de-lit-percale-colombe-coton-115-grs-m2-hotel-professionnel-linvosges-hotellerie-300x300.jpg","_links":{"self":[{"href":"https:\/\/www.linvosges-hotellerie.com\/de\/wp-json\/wp\/v2\/product\/30194","targetHints":{"allow":["GET"]}}],"collection":[{"href":"https:\/\/www.linvosges-hotellerie.com\/de\/wp-json\/wp\/v2\/product"}],"about":[{"href":"https:\/\/www.linvosges-hotellerie.com\/de\/wp-json\/wp\/v2\/types\/product"}],"wp:featuredmedia":[{"embeddable":true,"href":"https:\/\/www.linvosges-hotellerie.com\/de\/wp-json\/wp\/v2\/media\/30196"}],"wp:attachment":[{"href":"https:\/\/www.linvosges-hotellerie.com\/de\/wp-json\/wp\/v2\/media?parent=30194"}],"wp:term":[{"taxonomy":"label","embeddable":true,"href":"https:\/\/www.linvosges-hotellerie.com\/de\/wp-json\/wp\/v2\/label?post=30194"},{"taxonomy":"product_brand","embeddable":true,"href":"https:\/\/www.linvosges-hotellerie.com\/de\/wp-json\/wp\/v2\/product_brand?post=30194"},{"taxonomy":"product_cat","embeddable":true,"href":"https:\/\/www.linvosges-hotellerie.com\/de\/wp-json\/wp\/v2\/product_cat?post=30194"},{"taxonomy":"product_tag","embeddable":true,"href":"https:\/\/www.linvosges-hotellerie.com\/de\/wp-json\/wp\/v2\/product_tag?post=30194"},{"taxonomy":"gamme","embeddable":true,"href":"https:\/\/www.linvosges-hotellerie.com\/de\/wp-json\/wp\/v2\/gamme?post=30194"},{"taxonomy":"matiere","embeddable":true,"href":"https:\/\/www.linvosges-hotellerie.com\/de\/wp-json\/wp\/v2\/matiere?post=30194"}],"curies":[{"name":"wp","href":"https:\/\/api.w.org\/{rel}","templated":true}]}}