{"id":30287,"date":"2020-12-16T03:51:30","date_gmt":"2020-12-16T02:51:30","guid":{"rendered":"https:\/\/www.linvosges-hotellerie.com\/unkategorisiert\/bettlaken-taube\/"},"modified":"2026-04-16T01:11:13","modified_gmt":"2026-04-15T23:11:13","slug":"bettlaken-taube","status":"publish","type":"product","link":"https:\/\/www.linvosges-hotellerie.com\/de\/unkategorisiert\/bettlaken-taube\/","title":{"rendered":"Bettlaken Taube"},"content":{"rendered":"<p>Flachbettlaken aus Perkal aus reiner Baumwolle. Perkal 200 filsxin\u00b2 wird aus den l\u00e4ngsten Fasern der gek\u00e4mmten Baumwolle hergestellt und sehr dicht gewebt. Er bietet eine hohe Geschmeidigkeit und eine perfekte Passform.<br \/>\nBaumwolle ist ein edles Material und von Natur aus bequem und strapazierf\u00e4hig.<\/p>\n<p>3 cm Saum an Kopf und Fu\u00df<br \/>\nFarbiger Faden am Fu\u00df, um die verschiedenen Gr\u00f6\u00dfen zu identifizieren und die Pflege und Aufbewahrung der W\u00e4sche zu erleichtern. Zeitersparnis f\u00fcr das Zimmer- und W\u00e4schereipersonal<\/p>\n<p>Garnfarben je nach Gr\u00f6\u00dfe :<br \/>\n180&#215;310: rot<br \/>\n240&#215;310: blau<br \/>\n280&#215;310: gr\u00fcn<\/p>\n","protected":false},"excerpt":{"rendered":"<p>Maschinenw\u00e4sche bei 95\u00b0.<br \/>\nBleichen m\u00f6glich<br \/>\nTrocknen im Tumbler bei 80\u00b0.<br \/>\nB\u00fcgeln bei einer Temperatur von maximal 200\u00b0 C<br \/>\nZur chemischen Reinigung zugelassene Produkte: Kohlenwasserstoffe<\/p>\n<p><span class=\"ginetex\">  2 u a v W  <\/span><\/p>\n","protected":false},"featured_media":30196,"template":"","meta":{"_acf_changed":false},"label":[],"product_brand":[],"product_cat":[],"product_tag":[],"gamme":[1745],"matiere":[1525],"class_list":{"0":"post-30287","1":"product","2":"type-product","3":"status-publish","4":"has-post-thumbnail","6":"pa_couleur-weis","7":"pa_dimensions-180-310-cm","8":"pa_dimensions-240-310-cm","9":"pa_dimensions-280-310-cm","10":"pa_grammage-115grs-m","11":"pa_matiere-100-baumwolle","12":"gamme-taube","13":"matiere-baumwolle","15":"first","16":"instock","17":"sale","18":"taxable","19":"shipping-taxable","20":"purchasable","21":"product-type-variable","22":"has-default-attributes"},"acf":[],"df_price":11.94,"df_sale_price":"","df_regular_price":11.94,"df_image_link":"https:\/\/www.linvosges-hotellerie.com\/wp-content\/uploads\/2020\/12\/linge-de-lit-percale-colombe-coton-115-grs-m2-hotel-professionnel-linvosges-hotellerie-300x300.jpg","_links":{"self":[{"href":"https:\/\/www.linvosges-hotellerie.com\/de\/wp-json\/wp\/v2\/product\/30287","targetHints":{"allow":["GET"]}}],"collection":[{"href":"https:\/\/www.linvosges-hotellerie.com\/de\/wp-json\/wp\/v2\/product"}],"about":[{"href":"https:\/\/www.linvosges-hotellerie.com\/de\/wp-json\/wp\/v2\/types\/product"}],"wp:featuredmedia":[{"embeddable":true,"href":"https:\/\/www.linvosges-hotellerie.com\/de\/wp-json\/wp\/v2\/media\/30196"}],"wp:attachment":[{"href":"https:\/\/www.linvosges-hotellerie.com\/de\/wp-json\/wp\/v2\/media?parent=30287"}],"wp:term":[{"taxonomy":"label","embeddable":true,"href":"https:\/\/www.linvosges-hotellerie.com\/de\/wp-json\/wp\/v2\/label?post=30287"},{"taxonomy":"product_brand","embeddable":true,"href":"https:\/\/www.linvosges-hotellerie.com\/de\/wp-json\/wp\/v2\/product_brand?post=30287"},{"taxonomy":"product_cat","embeddable":true,"href":"https:\/\/www.linvosges-hotellerie.com\/de\/wp-json\/wp\/v2\/product_cat?post=30287"},{"taxonomy":"product_tag","embeddable":true,"href":"https:\/\/www.linvosges-hotellerie.com\/de\/wp-json\/wp\/v2\/product_tag?post=30287"},{"taxonomy":"gamme","embeddable":true,"href":"https:\/\/www.linvosges-hotellerie.com\/de\/wp-json\/wp\/v2\/gamme?post=30287"},{"taxonomy":"matiere","embeddable":true,"href":"https:\/\/www.linvosges-hotellerie.com\/de\/wp-json\/wp\/v2\/matiere?post=30287"}],"curies":[{"name":"wp","href":"https:\/\/api.w.org\/{rel}","templated":true}]}}