{"id":30400,"date":"2021-09-03T11:32:59","date_gmt":"2021-09-03T09:32:59","guid":{"rendered":"https:\/\/www.linvosges-hotellerie.com\/unkategorisiert\/spa-massagetuch-sweet-life\/"},"modified":"2026-05-10T00:14:09","modified_gmt":"2026-05-09T22:14:09","slug":"spa-massagetuch-sweet-life","status":"publish","type":"product","link":"https:\/\/www.linvosges-hotellerie.com\/de\/die-schwamme\/badetucher\/spa-massagetuch-sweet-life\/","title":{"rendered":"Spa-Massagetuch Sweet life"},"content":{"rendered":"<p>Dieses Massagetuch f\u00fcr Ihr Wohlbefinden ist aus wei\u00dfem Mikrofaserfrottee gefertigt. Es ist nicht nur leicht, was die Kosten f\u00fcr die W\u00e4sche reduziert, sondern auch super saugf\u00e4hig. Das schnell trocknende Baumwoll-Polyester-Mischgewebe rundet die Vorz\u00fcge ab, um den professionellen Anspr\u00fcchen gerecht zu werden.<br \/>\nRundum Polyesterschr\u00e4gband und Doppelnaht. Overlock-Kreuz\u00f6ffnung f\u00fcr den Kopf<\/p>\n","protected":false},"excerpt":{"rendered":"<p>Maschinenw\u00e4sche bei 60\u00b0.<br \/>\nErlaubte Geldw\u00e4sche<br \/>\nTrocknen im Tumbler bei 60\u00b0.<br \/>\nB\u00fcgeln bei einer Temperatur von bis zu 110\u00b0 ohne Dampf<br \/>\nNicht chemisch reinigen<\/p>\n<p><span class=\"ginetex\">  4 u s n U  <\/span><\/p>\n","protected":false},"featured_media":30403,"template":"","meta":{"_acf_changed":false},"label":[],"product_brand":[],"product_cat":[1588,1586,1767],"product_tag":[],"gamme":[1764],"matiere":[1637],"class_list":{"0":"post-30400","1":"product","2":"type-product","3":"status-publish","4":"has-post-thumbnail","6":"product_cat-badetucher","7":"product_cat-die-schwamme","8":"product_cat-spa-und-swimmingpool","9":"pa_couleur-schokolade","10":"pa_couleur-weis","11":"pa_dimensions-140x230-cm","12":"pa_grammage-300grs-m","13":"pa_matiere-50-baumwolle-50-polyester","14":"gamme-suses-leben","15":"matiere-polycotton","17":"first","18":"instock","19":"taxable","20":"shipping-taxable","21":"purchasable","22":"product-type-variable","23":"has-default-attributes"},"acf":[],"df_price":27.71,"df_sale_price":"","df_regular_price":27.71,"df_image_link":"https:\/\/www.linvosges-hotellerie.com\/wp-content\/uploads\/2021\/09\/drap-de-massage-sweet-life-spa-piscine-hotel-professionnel-linvosges-hotellerie-300x300.png","_links":{"self":[{"href":"https:\/\/www.linvosges-hotellerie.com\/de\/wp-json\/wp\/v2\/product\/30400","targetHints":{"allow":["GET"]}}],"collection":[{"href":"https:\/\/www.linvosges-hotellerie.com\/de\/wp-json\/wp\/v2\/product"}],"about":[{"href":"https:\/\/www.linvosges-hotellerie.com\/de\/wp-json\/wp\/v2\/types\/product"}],"wp:featuredmedia":[{"embeddable":true,"href":"https:\/\/www.linvosges-hotellerie.com\/de\/wp-json\/wp\/v2\/media\/30403"}],"wp:attachment":[{"href":"https:\/\/www.linvosges-hotellerie.com\/de\/wp-json\/wp\/v2\/media?parent=30400"}],"wp:term":[{"taxonomy":"label","embeddable":true,"href":"https:\/\/www.linvosges-hotellerie.com\/de\/wp-json\/wp\/v2\/label?post=30400"},{"taxonomy":"product_brand","embeddable":true,"href":"https:\/\/www.linvosges-hotellerie.com\/de\/wp-json\/wp\/v2\/product_brand?post=30400"},{"taxonomy":"product_cat","embeddable":true,"href":"https:\/\/www.linvosges-hotellerie.com\/de\/wp-json\/wp\/v2\/product_cat?post=30400"},{"taxonomy":"product_tag","embeddable":true,"href":"https:\/\/www.linvosges-hotellerie.com\/de\/wp-json\/wp\/v2\/product_tag?post=30400"},{"taxonomy":"gamme","embeddable":true,"href":"https:\/\/www.linvosges-hotellerie.com\/de\/wp-json\/wp\/v2\/gamme?post=30400"},{"taxonomy":"matiere","embeddable":true,"href":"https:\/\/www.linvosges-hotellerie.com\/de\/wp-json\/wp\/v2\/matiere?post=30400"}],"curies":[{"name":"wp","href":"https:\/\/api.w.org\/{rel}","templated":true}]}}