{"id":30468,"date":"2022-11-16T16:43:17","date_gmt":"2022-11-16T15:43:17","guid":{"rendered":"https:\/\/www.linvosges-hotellerie.com\/unkategorisiert\/frottee-duschtuch-dome\/"},"modified":"2026-02-01T10:32:32","modified_gmt":"2026-02-01T09:32:32","slug":"frottee-duschtuch-dome","status":"publish","type":"product","link":"https:\/\/www.linvosges-hotellerie.com\/de\/die-schwamme\/badetucher\/frottee-duschtuch-dome\/","title":{"rendered":"Frottee-Duschtuch D\u00f4me"},"content":{"rendered":"<p>Dieses mit Null-Twist-Schlingen gewebte Duschtuch besteht aus einem dichten Kern aus 700 g\/m\u00b2 und luftigen Seiten aus 360 g\/m\u00b2. Es \u00fcberzeugt W\u00e4schereien und Hoteliers, die weniger schwere Schw\u00e4mme pflegen und gleichzeitig den Benutzern Komfort und Weichheit bieten. Der Zusatz von Lyocell, einer pflanzlichen Faser, die aus Holzpulpe hergestellt wird, erh\u00f6ht die Saugf\u00e4higkeit des Frottees, l\u00e4sst ihn schneller trocknen und verleiht ihm Weichheit und Bauschigkeit.<\/p>\n","protected":false},"excerpt":{"rendered":"<p>Maschinenw\u00e4sche bei 60\u00b0.<br \/>\nChlor und Bleichmittel verboten<br \/>\nTrocknen im Tumbler bei 60\u00b0.<br \/>\nB\u00fcgeln bei einer Temperatur von maximal 150\u00b0 C<br \/>\nZur chemischen Reinigung zugelassene Produkte: Kohlenwasserstoffe<\/p>\n<p><span class=\"ginetex\">  4 o s b W  <\/span><\/p>\n","protected":false},"featured_media":30464,"template":"","meta":{"_acf_changed":false},"label":[],"product_brand":[],"product_cat":[1617,1588,1586],"product_tag":[],"gamme":[1781],"matiere":[1525,1782],"class_list":{"0":"post-30468","1":"product","2":"type-product","3":"status-publish","4":"has-post-thumbnail","6":"product_cat-700-grs-m2-de","7":"product_cat-badetucher","8":"product_cat-die-schwamme","9":"pa_couleur-weis","10":"pa_dimensions-70x140-cm","11":"pa_grammage-700-grs-m","12":"pa_matiere-70-baumwolle-30-lyocell","13":"gamme-kuppel","14":"matiere-baumwolle","15":"matiere-lyocell-de","17":"first","18":"instock","19":"taxable","20":"shipping-taxable","21":"purchasable","22":"product-type-variable","23":"has-default-attributes"},"acf":[],"df_price":15.42,"df_sale_price":"","df_regular_price":15.42,"df_image_link":"https:\/\/www.linvosges-hotellerie.com\/wp-content\/uploads\/2022\/11\/linge-de-bain-dome-hotel-professionnel-linvosges-hotellerie-300x300.jpg","_links":{"self":[{"href":"https:\/\/www.linvosges-hotellerie.com\/de\/wp-json\/wp\/v2\/product\/30468","targetHints":{"allow":["GET"]}}],"collection":[{"href":"https:\/\/www.linvosges-hotellerie.com\/de\/wp-json\/wp\/v2\/product"}],"about":[{"href":"https:\/\/www.linvosges-hotellerie.com\/de\/wp-json\/wp\/v2\/types\/product"}],"wp:featuredmedia":[{"embeddable":true,"href":"https:\/\/www.linvosges-hotellerie.com\/de\/wp-json\/wp\/v2\/media\/30464"}],"wp:attachment":[{"href":"https:\/\/www.linvosges-hotellerie.com\/de\/wp-json\/wp\/v2\/media?parent=30468"}],"wp:term":[{"taxonomy":"label","embeddable":true,"href":"https:\/\/www.linvosges-hotellerie.com\/de\/wp-json\/wp\/v2\/label?post=30468"},{"taxonomy":"product_brand","embeddable":true,"href":"https:\/\/www.linvosges-hotellerie.com\/de\/wp-json\/wp\/v2\/product_brand?post=30468"},{"taxonomy":"product_cat","embeddable":true,"href":"https:\/\/www.linvosges-hotellerie.com\/de\/wp-json\/wp\/v2\/product_cat?post=30468"},{"taxonomy":"product_tag","embeddable":true,"href":"https:\/\/www.linvosges-hotellerie.com\/de\/wp-json\/wp\/v2\/product_tag?post=30468"},{"taxonomy":"gamme","embeddable":true,"href":"https:\/\/www.linvosges-hotellerie.com\/de\/wp-json\/wp\/v2\/gamme?post=30468"},{"taxonomy":"matiere","embeddable":true,"href":"https:\/\/www.linvosges-hotellerie.com\/de\/wp-json\/wp\/v2\/matiere?post=30468"}],"curies":[{"name":"wp","href":"https:\/\/api.w.org\/{rel}","templated":true}]}}