{"id":30509,"date":"2023-01-04T16:38:43","date_gmt":"2023-01-04T15:38:43","guid":{"rendered":"https:\/\/www.linvosges-hotellerie.com\/unkategorisiert\/bettlaken-edito\/"},"modified":"2023-01-04T16:38:43","modified_gmt":"2023-01-04T15:38:43","slug":"bettlaken-edito","status":"publish","type":"product","link":"https:\/\/www.linvosges-hotellerie.com\/de\/unkategorisiert\/bettlaken-edito\/","title":{"rendered":"Bettlaken Edito"},"content":{"rendered":"<p>Flachbettlaken aus Polycotton-Satin 230 F\u00e4den\/in\u00b2. Ob unifarben, mit breiten Streifen, feinen Linien oder kleinen Karos &#8211; diese Serie besticht durch ihre verschiedenen Muster, die einzeln oder in Kombination verwendet werden k\u00f6nnen, um Ihren Zimmern Dynamik und Modernit\u00e4t zu verleihen. Neben ihren \u00e4sthetischen Qualit\u00e4ten bietet diese Bettw\u00e4sche, die aus einer engen Mischung von Baumwolle und Polyester besteht, einen weichen, flie\u00dfenden Griff und eine ausgezeichnete Best\u00e4ndigkeit.<\/p>\n<p>Abmessungen des Bettlakens :<br \/>\n180&#215;310, 240&#215;310, 280&#215;310<\/p>\n<p>Fertigstellung des Bettlakens :<br \/>\n&#8211; 3 cm Saum an Kopf und Fu\u00df<br \/>\n&#8211; Seitenrand<br \/>\n&#8211; farbiger Faden am Fu\u00df (Fadenfarbe je nach Gr\u00f6\u00dfe: 180&#215;310: rot, 240&#215;310: blau, 280&#215;310: gr\u00fcn)<\/p>\n","protected":false},"excerpt":{"rendered":"<p>Maschinenw\u00e4sche bei 95\u00b0.<br \/>\nChlor und Bleichmittel verboten<br \/>\nTrocknen im Tumbler bei 80\u00b0.<br \/>\nB\u00fcgeln bei einer Temperatur von maximal 200\u00b0 C<br \/>\nNicht chemisch reinigen<\/p>\n<p><span class=\"ginetex\">  2 o a v U  <\/span><\/p>\n","protected":false},"featured_media":30513,"template":"","meta":{"_acf_changed":false},"label":[],"product_brand":[],"product_cat":[],"product_tag":[],"gamme":[1793],"matiere":[1637],"class_list":{"0":"post-30509","1":"product","2":"type-product","3":"status-publish","4":"has-post-thumbnail","6":"pa_couleur-weis-gestreift-0-5cm","7":"pa_couleur-weis-gestreift-2-0cm","8":"pa_couleur-weis-kariert","9":"pa_couleur-weis-uni","10":"pa_dimensions-180-310-cm","11":"pa_dimensions-240-310-cm","12":"pa_dimensions-280-310-cm","13":"pa_grammage-135grs-m","14":"pa_matiere-80-baumwolle-20-polyester-de","15":"gamme-edito-de","16":"matiere-polycotton","18":"first","19":"instock","20":"taxable","21":"shipping-taxable","22":"purchasable","23":"product-type-variable"},"acf":[],"df_price":29.17,"df_sale_price":"","df_regular_price":29.17,"df_image_link":"https:\/\/www.linvosges-hotellerie.com\/wp-content\/uploads\/2023\/01\/Linge-de-lit-edito-hotel-professionnel-linvosges-hotellerie-300x300.jpg","_links":{"self":[{"href":"https:\/\/www.linvosges-hotellerie.com\/de\/wp-json\/wp\/v2\/product\/30509","targetHints":{"allow":["GET"]}}],"collection":[{"href":"https:\/\/www.linvosges-hotellerie.com\/de\/wp-json\/wp\/v2\/product"}],"about":[{"href":"https:\/\/www.linvosges-hotellerie.com\/de\/wp-json\/wp\/v2\/types\/product"}],"wp:featuredmedia":[{"embeddable":true,"href":"https:\/\/www.linvosges-hotellerie.com\/de\/wp-json\/wp\/v2\/media\/30513"}],"wp:attachment":[{"href":"https:\/\/www.linvosges-hotellerie.com\/de\/wp-json\/wp\/v2\/media?parent=30509"}],"wp:term":[{"taxonomy":"label","embeddable":true,"href":"https:\/\/www.linvosges-hotellerie.com\/de\/wp-json\/wp\/v2\/label?post=30509"},{"taxonomy":"product_brand","embeddable":true,"href":"https:\/\/www.linvosges-hotellerie.com\/de\/wp-json\/wp\/v2\/product_brand?post=30509"},{"taxonomy":"product_cat","embeddable":true,"href":"https:\/\/www.linvosges-hotellerie.com\/de\/wp-json\/wp\/v2\/product_cat?post=30509"},{"taxonomy":"product_tag","embeddable":true,"href":"https:\/\/www.linvosges-hotellerie.com\/de\/wp-json\/wp\/v2\/product_tag?post=30509"},{"taxonomy":"gamme","embeddable":true,"href":"https:\/\/www.linvosges-hotellerie.com\/de\/wp-json\/wp\/v2\/gamme?post=30509"},{"taxonomy":"matiere","embeddable":true,"href":"https:\/\/www.linvosges-hotellerie.com\/de\/wp-json\/wp\/v2\/matiere?post=30509"}],"curies":[{"name":"wp","href":"https:\/\/api.w.org\/{rel}","templated":true}]}}