{"id":30545,"date":"2023-01-04T16:17:45","date_gmt":"2023-01-04T15:17:45","guid":{"rendered":"https:\/\/www.linvosges-hotellerie.com\/unkategorisiert\/spannbetttuch-edito\/"},"modified":"2023-01-04T16:17:45","modified_gmt":"2023-01-04T15:17:45","slug":"spannbetttuch-edito","status":"publish","type":"product","link":"https:\/\/www.linvosges-hotellerie.com\/de\/spannbettlaken\/spannbetttuch-edito\/","title":{"rendered":"Spannbetttuch Edito"},"content":{"rendered":"<p>Spannbettlaken aus Polycotton-Satin 230 F\u00e4den\/in\u00b2 uni wei\u00df. Neben ihren \u00e4sthetischen Qualit\u00e4ten bietet diese Bettw\u00e4sche, die aus einer engen Mischung von Baumwolle und Polyester besteht, einen weichen, flie\u00dfenden Griff und eine ausgezeichnete Best\u00e4ndigkeit.<\/p>\n<p>Ma\u00dfe Spannbetttuch M\u00fctze 30cm :<br \/>\n80&#215;190, 90&#215;190, 90&#215;200, 140&#215;190, 140&#215;200, 160&#215;200, 180&#215;200, 200&#215;200<br \/>\nMa\u00dfe Spannbetttuch M\u00fctze 35cm :<br \/>\n80&#215;190, 90&#215;190, 90&#215;200, 140&#215;190, 140&#215;200, 160&#215;200, 180&#215;200, 200&#215;200<\/p>\n<p>Fertigstellung des Spannbettlakens :<br \/>\n&#8211; U-f\u00f6rmiges Gummiband \u00fcber die gesamte Breite + 30 cm auf jeder Seite<br \/>\n&#8211; Saum<br \/>\n&#8211; Farbiges Garn am Fu\u00dfende (Garnfarbe je nach Gr\u00f6\u00dfe: 80&#215;190: Parma, 90&#215;190: Rot, 90&#215;200: Orange, 140&#215;190: Blau, 140\/200: Gelb, 160&#215;200: Gr\u00fcn, 180&#215;200: Dunkelgrau, 200&#215;200: Schwarz)<\/p>\n","protected":false},"excerpt":{"rendered":"<p>Maschinenw\u00e4sche bei 95\u00b0.<br \/>\nChlor und Bleichmittel verboten<br \/>\nTrocknen im Tumbler bei 80\u00b0.<br \/>\nB\u00fcgeln bei einer Temperatur von maximal 200\u00b0 C<br \/>\nNicht chemisch reinigen<\/p>\n<p><span class=\"ginetex\">  2 o a v U  <\/span><\/p>\n","protected":false},"featured_media":30537,"template":"","meta":{"_acf_changed":false},"label":[],"product_brand":[],"product_cat":[1641],"product_tag":[],"gamme":[1793],"matiere":[1637],"class_list":{"0":"post-30545","1":"product","2":"type-product","3":"status-publish","4":"has-post-thumbnail","6":"product_cat-spannbettlaken","7":"pa_couleur-weis-uni","8":"pa_dimensions-140-190-cm","9":"pa_dimensions-140-200-cm","10":"pa_dimensions-160-200-cm","11":"pa_dimensions-180x200-cm","12":"pa_dimensions-200-200-cm","13":"pa_dimensions-80-190-cm","14":"pa_dimensions-90-190-cm","15":"pa_dimensions-90-200-cm","16":"pa_forme-form-des-mutzenbezugs-30cm","17":"pa_forme-form-des-mutzenbezugs-35cm","18":"pa_grammage-135grs-m","19":"pa_matiere-80-baumwolle-20-polyester-de","20":"gamme-edito-de","21":"matiere-polycotton","23":"first","24":"instock","25":"taxable","26":"shipping-taxable","27":"purchasable","28":"product-type-variable"},"acf":[],"df_price":13.05,"df_sale_price":"","df_regular_price":13.05,"df_image_link":"https:\/\/www.linvosges-hotellerie.com\/wp-content\/uploads\/2023\/01\/Linge-de-lit-edito-uni-hotel-professionnel-linvosges-hotellerie-282x300.jpg","_links":{"self":[{"href":"https:\/\/www.linvosges-hotellerie.com\/de\/wp-json\/wp\/v2\/product\/30545","targetHints":{"allow":["GET"]}}],"collection":[{"href":"https:\/\/www.linvosges-hotellerie.com\/de\/wp-json\/wp\/v2\/product"}],"about":[{"href":"https:\/\/www.linvosges-hotellerie.com\/de\/wp-json\/wp\/v2\/types\/product"}],"wp:featuredmedia":[{"embeddable":true,"href":"https:\/\/www.linvosges-hotellerie.com\/de\/wp-json\/wp\/v2\/media\/30537"}],"wp:attachment":[{"href":"https:\/\/www.linvosges-hotellerie.com\/de\/wp-json\/wp\/v2\/media?parent=30545"}],"wp:term":[{"taxonomy":"label","embeddable":true,"href":"https:\/\/www.linvosges-hotellerie.com\/de\/wp-json\/wp\/v2\/label?post=30545"},{"taxonomy":"product_brand","embeddable":true,"href":"https:\/\/www.linvosges-hotellerie.com\/de\/wp-json\/wp\/v2\/product_brand?post=30545"},{"taxonomy":"product_cat","embeddable":true,"href":"https:\/\/www.linvosges-hotellerie.com\/de\/wp-json\/wp\/v2\/product_cat?post=30545"},{"taxonomy":"product_tag","embeddable":true,"href":"https:\/\/www.linvosges-hotellerie.com\/de\/wp-json\/wp\/v2\/product_tag?post=30545"},{"taxonomy":"gamme","embeddable":true,"href":"https:\/\/www.linvosges-hotellerie.com\/de\/wp-json\/wp\/v2\/gamme?post=30545"},{"taxonomy":"matiere","embeddable":true,"href":"https:\/\/www.linvosges-hotellerie.com\/de\/wp-json\/wp\/v2\/matiere?post=30545"}],"curies":[{"name":"wp","href":"https:\/\/api.w.org\/{rel}","templated":true}]}}