{"id":30692,"date":"2023-08-25T15:07:27","date_gmt":"2023-08-25T13:07:27","guid":{"rendered":"https:\/\/www.linvosges-hotellerie.com\/unkategorisiert\/bettlaken-anais-elfenbeinfarben\/"},"modified":"2023-08-25T15:07:27","modified_gmt":"2023-08-25T13:07:27","slug":"bettlaken-anais-elfenbeinfarben","status":"publish","type":"product","link":"https:\/\/www.linvosges-hotellerie.com\/de\/outlet-alles-auf-50-reduziert\/bettlaken-anais-elfenbeinfarben\/","title":{"rendered":"Bettlaken Ana\u00efs elfenbeinfarben"},"content":{"rendered":"<p>Flachbettlaken aus Perkal-Polybaumwolle 180 F\u00e4den\/in\u00b2. Die Webart aus langen, sich kreuzenden und dichten F\u00e4den verleiht ihm eine hohe Festigkeit.<br \/>\nDie Mischung aus Baumwolle und Polyester macht die Pflege Ihrer W\u00e4sche einfacher, d.h. schnelleres Trocknen und leichteres B\u00fcgeln.<\/p>\n<p>3 cm Saum an Kopf und Fu\u00df<br \/>\nFarbiger Faden am Fu\u00df, um die verschiedenen Gr\u00f6\u00dfen zu identifizieren und die Pflege und Aufbewahrung der W\u00e4sche zu erleichtern. Zeitersparnis f\u00fcr das Zimmer- und W\u00e4schereipersonal<\/p>\n","protected":false},"excerpt":{"rendered":"<p>Maschinenw\u00e4sche bei 95\u00b0.<br \/>\nBleichen m\u00f6glich<br \/>\nTrocknen im Tumbler bei 60\u00b0.<br \/>\nB\u00fcgeln bei einer Temperatur von maximal 150\u00b0 C<br \/>\nNicht chemisch reinigen<\/p>\n<p><span class=\"ginetex\">  2 u s b U  <\/span><\/p>\n","protected":false},"featured_media":30697,"template":"","meta":{"_acf_changed":false},"label":[],"product_brand":[],"product_cat":[1538],"product_tag":[],"gamme":[1636],"matiere":[1637],"class_list":{"0":"post-30692","1":"product","2":"type-product","3":"status-publish","4":"has-post-thumbnail","6":"product_cat-outlet-alles-auf-50-reduziert","7":"pa_couleur-elfenbein","8":"pa_dimensions-180-310-cm","9":"pa_dimensions-240-310-cm","10":"pa_grammage-110grs-m","11":"pa_matiere-50-baumwolle-50-polyester","12":"gamme-anais-de","13":"matiere-polycotton","15":"first","16":"outofstock","17":"taxable","18":"shipping-taxable","19":"purchasable","20":"product-type-variable","21":"has-default-attributes"},"acf":[],"df_price":10.92,"df_sale_price":"","df_regular_price":10.92,"df_image_link":"https:\/\/www.linvosges-hotellerie.com\/wp-content\/uploads\/2023\/08\/ANAIS-IVOIRE-1-300x300.png","_links":{"self":[{"href":"https:\/\/www.linvosges-hotellerie.com\/de\/wp-json\/wp\/v2\/product\/30692","targetHints":{"allow":["GET"]}}],"collection":[{"href":"https:\/\/www.linvosges-hotellerie.com\/de\/wp-json\/wp\/v2\/product"}],"about":[{"href":"https:\/\/www.linvosges-hotellerie.com\/de\/wp-json\/wp\/v2\/types\/product"}],"wp:featuredmedia":[{"embeddable":true,"href":"https:\/\/www.linvosges-hotellerie.com\/de\/wp-json\/wp\/v2\/media\/30697"}],"wp:attachment":[{"href":"https:\/\/www.linvosges-hotellerie.com\/de\/wp-json\/wp\/v2\/media?parent=30692"}],"wp:term":[{"taxonomy":"label","embeddable":true,"href":"https:\/\/www.linvosges-hotellerie.com\/de\/wp-json\/wp\/v2\/label?post=30692"},{"taxonomy":"product_brand","embeddable":true,"href":"https:\/\/www.linvosges-hotellerie.com\/de\/wp-json\/wp\/v2\/product_brand?post=30692"},{"taxonomy":"product_cat","embeddable":true,"href":"https:\/\/www.linvosges-hotellerie.com\/de\/wp-json\/wp\/v2\/product_cat?post=30692"},{"taxonomy":"product_tag","embeddable":true,"href":"https:\/\/www.linvosges-hotellerie.com\/de\/wp-json\/wp\/v2\/product_tag?post=30692"},{"taxonomy":"gamme","embeddable":true,"href":"https:\/\/www.linvosges-hotellerie.com\/de\/wp-json\/wp\/v2\/gamme?post=30692"},{"taxonomy":"matiere","embeddable":true,"href":"https:\/\/www.linvosges-hotellerie.com\/de\/wp-json\/wp\/v2\/matiere?post=30692"}],"curies":[{"name":"wp","href":"https:\/\/api.w.org\/{rel}","templated":true}]}}