{"id":30908,"date":"2023-12-06T11:49:44","date_gmt":"2023-12-06T10:49:44","guid":{"rendered":"https:\/\/www.linvosges-hotellerie.com\/unkategorisiert\/flachbettlaken-satin-424\/"},"modified":"2023-12-06T11:49:44","modified_gmt":"2023-12-06T10:49:44","slug":"flachbettlaken-satin-424","status":"publish","type":"product","link":"https:\/\/www.linvosges-hotellerie.com\/de\/outlet-alles-auf-50-reduziert\/flachbettlaken-satin-424\/","title":{"rendered":"Flachbettlaken Satin 424"},"content":{"rendered":"<p>Die Satin 424 Flachbettlaken sind aus reinem 424-f\u00e4digem Baumwollsatin hergestellt und haben eine unvergleichliche Weichheit und Geschmeidigkeit.<\/p>\n<p>Saumabschluss an Kopf und Fu\u00df<\/p>\n<p>Roter Faden am Fu\u00df f\u00fcr die Gr\u00f6\u00dfe 180\/310cm<\/p>\n<p>Graues Garn am Fu\u00df f\u00fcr die Gr\u00f6\u00dfe 305 \/ 320cm<\/p>\n<p>Achtung: Begrenzte Best\u00e4nde<\/p>\n","protected":false},"excerpt":{"rendered":"<p>Maschinenw\u00e4sche bei 95\u00b0.<br \/>\nBleichen m\u00f6glich<br \/>\nTrocknen im Tumbler bei 80\u00b0.<br \/>\nB\u00fcgeln bei einer Temperatur von maximal 200\u00b0 C<br \/>\nF\u00fcr die chemische Reinigung zugelassene Produkte: Perchlorethylen, Kohlenwasserstoffe<\/p>\n<p>2 u s v W<\/p>\n","protected":false},"featured_media":30911,"template":"","meta":{"_acf_changed":false},"label":[],"product_brand":[],"product_cat":[1538],"product_tag":[],"gamme":[1869],"matiere":[1525],"class_list":{"0":"post-30908","1":"product","2":"type-product","3":"status-publish","4":"has-post-thumbnail","6":"product_cat-outlet-alles-auf-50-reduziert","7":"pa_couleur-weis","8":"pa_dimensions-180-310-cm","9":"pa_dimensions-305x320-cm","10":"pa_matiere-100-baumwolle","11":"gamme-satin-424-de","12":"matiere-baumwolle","14":"first","15":"outofstock","16":"taxable","17":"shipping-taxable","18":"purchasable","19":"product-type-variable"},"acf":[],"df_price":9.08,"df_sale_price":"","df_regular_price":9.08,"df_image_link":"https:\/\/www.linvosges-hotellerie.com\/wp-content\/uploads\/2023\/12\/DRAP-SATIN-424-6535-F.3822-BLANC-180x310-1-300x300.png","_links":{"self":[{"href":"https:\/\/www.linvosges-hotellerie.com\/de\/wp-json\/wp\/v2\/product\/30908","targetHints":{"allow":["GET"]}}],"collection":[{"href":"https:\/\/www.linvosges-hotellerie.com\/de\/wp-json\/wp\/v2\/product"}],"about":[{"href":"https:\/\/www.linvosges-hotellerie.com\/de\/wp-json\/wp\/v2\/types\/product"}],"wp:featuredmedia":[{"embeddable":true,"href":"https:\/\/www.linvosges-hotellerie.com\/de\/wp-json\/wp\/v2\/media\/30911"}],"wp:attachment":[{"href":"https:\/\/www.linvosges-hotellerie.com\/de\/wp-json\/wp\/v2\/media?parent=30908"}],"wp:term":[{"taxonomy":"label","embeddable":true,"href":"https:\/\/www.linvosges-hotellerie.com\/de\/wp-json\/wp\/v2\/label?post=30908"},{"taxonomy":"product_brand","embeddable":true,"href":"https:\/\/www.linvosges-hotellerie.com\/de\/wp-json\/wp\/v2\/product_brand?post=30908"},{"taxonomy":"product_cat","embeddable":true,"href":"https:\/\/www.linvosges-hotellerie.com\/de\/wp-json\/wp\/v2\/product_cat?post=30908"},{"taxonomy":"product_tag","embeddable":true,"href":"https:\/\/www.linvosges-hotellerie.com\/de\/wp-json\/wp\/v2\/product_tag?post=30908"},{"taxonomy":"gamme","embeddable":true,"href":"https:\/\/www.linvosges-hotellerie.com\/de\/wp-json\/wp\/v2\/gamme?post=30908"},{"taxonomy":"matiere","embeddable":true,"href":"https:\/\/www.linvosges-hotellerie.com\/de\/wp-json\/wp\/v2\/matiere?post=30908"}],"curies":[{"name":"wp","href":"https:\/\/api.w.org\/{rel}","templated":true}]}}