{"id":31085,"date":"2020-12-16T10:34:19","date_gmt":"2020-12-16T09:34:19","guid":{"rendered":"https:\/\/www.linvosges-hotellerie.com\/unkategorisiert\/tischwaesche-baccarat\/"},"modified":"2020-12-16T10:34:19","modified_gmt":"2020-12-16T09:34:19","slug":"tischwaesche-baccarat","status":"publish","type":"product","link":"https:\/\/www.linvosges-hotellerie.com\/de\/der-tisch\/tischwasche-nach-mas\/tischwaesche-baccarat\/","title":{"rendered":"Tischw\u00e4sche Baccarat"},"content":{"rendered":"<div\n\tid=\"wcpt-11608\"\n\tclass=\"wcpt wcpt-11608\"\n\tdata-wcpt-table-id=\"11608\"\ndata-wcpt-query-string=\"?11608_device=laptop\"\ndata-wcpt-sc-attrs=\"{&quot;ids&quot;:&quot;7444,7493,7542,7567,7592,7617,7666&quot;,&quot;include_hidden&quot;:&quot;true&quot;}\"\n>\n<style>@media (max-width:749px) {\n#wcpt-11608 .wcpt-device-phone {\ndisplay: block;\n}\n\n#wcpt-11608 .wcpt-device-tablet,\n#wcpt-11608 .wcpt-device-laptop {\ndisplay: none;\n}\n}\n@media(max-width: 1199px) and (min-width:750px){}@media(max-width:749px){} @media(max-width:749px){}.woocommerce .cart a.button.wcpt-afrfqbt {\nbackground-color: rgb(0, 0, 0);\nfont-weight: bold;\nalign-items: center;\nbackground: #000;\nborder: 1px solid #000;\nborder-radius: 0;\ncolor: #fff;\ndisplay: flex;\nfont-size: .825rem;\nheight: 3rem;\nmargin-bottom: .5rem;\npadding: 0 2rem;\ntext-transform: uppercase;\n\n}<\/style>  <div \r\n    class=\"wcpt-navigation wcpt-header wcpt-always-show\"\r\n    style=\"\"\r\n  >\r\n  <\/div>  <div class=\"wcpt-responsive-navigation\"><\/div>\r\n  <div class=\"wcpt-nav-modal-tpl\">\n  <style media=\"screen\">\n    .wcpt-nm-apply {\n      background-color: #4CAF50    }\n  <\/style>\n  <div class=\"wcpt-nav-modal\" data-wcpt-table-id=\"11608\">\n    <div class=\"wcpt-nm-content wcpt-noselect\">\n      <div class=\"wcpt-nm-heading\">\n\t\t\t\t<a class=\"wcpt-nm-close\" href=\"javascript:void(0)\">\n\t\t\t\t\t<svg xmlns=\"http:\/\/www.w3.org\/2000\/svg\" width=\"24\" height=\"24\" viewBox=\"0 0 24 24\" fill=\"none\" stroke=\"currentColor\" stroke-width=\"2\" stroke-linecap=\"round\" stroke-linejoin=\"round\" aria-hidden=\"true\" data-reactid=\"271\"><polyline points=\"15 18 9 12 15 6\"><\/polyline>\n\t\t\t\t\t<\/svg>\n\t\t\t\t<\/a>\n        <span class=\"wcpt-nm-heading-text wcpt-on-filters-show\">\n          Filters        <\/span>\n        <span class=\"wcpt-nm-heading-text wcpt-on-sort-show\">\n          Sort results        <\/span>\n\t\t\t\t<div class=\"wcpt-nm-action\">\n\t\t\t\t\t<a href=\"javascript:void(0)\" class=\"wcpt-nm-reset\">\n\t\t\t\t\t\tReset\t\t\t\t\t<\/a>\n\t        <a href=\"javascript:void(0)\" class=\"wcpt-nm-apply\">\n\t\t\t\t\t\tApply\t\t\t\t\t<\/a>\n\t\t\t\t<\/div>\n      <\/div>\n      <div class=\"wcpt-navigation wcpt-left-sidebar\">\n        <div class=\"wcpt-nm-filters\">\n          <span class=\"wcpt-nm-filters-placeholder\"><\/span>\n        <\/div>\n        <div class=\"wcpt-nm-sort\">\n          <span class=\"wcpt-nm-sort-placeholder\"><\/span>\n        <\/div>\n      <\/div>\n    <\/div>\n  <\/div>\n<\/div>\n<div class=\"wcpt-table-scroll-wrapper-outer wcpt-device-laptop\">\n<div class=\"wcpt-table-scroll-wrapper\">\n<table class=\"wcpt-table wcpt-table-11608\">\n<thead>\n\t\t<tr class=\"wcpt-heading-row wcpt-hide\"><th class=\"wcpt-heading wcpt-1611081021\" data-wcpt-column-index=\"0\"><\/th><\/tr>\n<\/thead>\n<tr   \n\t \n\t data-wcpt-product-id=\"35366\"  \n\tdata-wcpt-type    =\"variable\" \n\tdata-wcpt-in-cart =\"0\" \n\tdata-wcpt-stock   =\"\"\n\tdata-wcpt-type    =\"variable\" \n\tdata-wcpt-in-cart =\"0\" \n\tdata-wcpt-stock   =\"\"\n\tdata-wcpt-price   =\"\"  class=\" wcpt-row  wcpt-odd  wcpt-product-type-variable \"><td \n  class=\"wcpt-cell wcpt-1611081655\" \n  data-wcpt-column-index=\"0\"\n><div class=\"wcpt-cell-val\"><div class=\"wcpt-item-row wcpt-1611081022 product-table-header-row\"><span class=\"wcpt-html  wcpt-1610988248512\"><h2 class=\"product-short-name\"><a href=\"https:\/\/www.linvosges-hotellerie.com\/de\/der-tisch\/tischwasche-nach-mas\/polyester-de\/tischset-baccarat\/\">Tischset<\/a> <a href=\"\"><strong>Baccarat<\/strong><\/a> <\/h2><\/span><\/div><div class=\"wcpt-item-row wcpt-1611081181 \">\t\t<div\n\t\t\tclass=\"wcpt-attribute  wcpt-1611081335\"\n\t\t\tdata-wcpt-taxonomy=\"pa_grammage\"\n\t\t>\n\t\t\t<div class=\"wcpt-attribute-term wcpt-1611081268\" data-wcpt-slug=\"215grs-m%c2%b2\" data-wcpt-filtering=\"false\" data-wcpt-archive-url=\"https:\/\/www.linvosges-hotellerie.com\/fr\/grammage\/215grs-m%c2%b2\/\"><div class=\"wcpt-item-row wcpt-1611081266 \"><span class=\"wcpt-text  wcpt-1611081267\">215grs\/m\u00b2<\/span><\/div><\/div>\t\t<\/div>\n\t<span class=\"wcpt-space  wcpt-1611081336\"><\/span>\t\t<div\n\t\t\tclass=\"wcpt-attribute  wcpt-1611081492\"\n\t\t\tdata-wcpt-taxonomy=\"pa_matiere\"\n\t\t>\n\t\t\t<div class=\"wcpt-attribute-term wcpt-1611081353\" data-wcpt-slug=\"100-polyester-de\" data-wcpt-filtering=\"false\" data-wcpt-archive-url=\"https:\/\/www.linvosges-hotellerie.com\/de\/matiere\/100-polyester-de\/\"><div class=\"wcpt-item-row wcpt-1611081351 \"><span class=\"wcpt-text  wcpt-1611081352\">100 % Polyester<\/span><\/div><\/div>\t\t<\/div>\n\t<\/div><div class=\"wcpt-item-row wcpt-1611081648 \"><div class=\"woocommerce wcpt-add-to-cart-wrapper  wcpt-1611081649\">\n<style><\/style>\n\t<form class=\"variations_form cart\" action=\"https:\/\/www.linvosges-hotellerie.com\/de\/der-tisch\/tischwasche-nach-mas\/polyester-de\/tischset-baccarat\/\" method=\"post\" enctype='multipart\/form-data' data-product_id=\"35366\" data-product_variations=\"[]\">\n\t\t\n\t\t\t\t\t<p class=\"stock out-of-stock\">Dieses Produkt ist derzeit ausverkauft und nicht verf\u00fcgbar.<\/p>\n\t\t\n\t\t\t<\/form>\n\n\t<\/div>\n<\/div><\/div>\n<\/td>\n<\/tr>\n<tr   \n\t \n\t data-wcpt-product-id=\"35456\"  \n\tdata-wcpt-type    =\"variable\" \n\tdata-wcpt-in-cart =\"0\" \n\tdata-wcpt-stock   =\"\"\n\tdata-wcpt-type    =\"variable\" \n\tdata-wcpt-in-cart =\"0\" \n\tdata-wcpt-stock   =\"\"\n\tdata-wcpt-price   =\"\"  class=\" wcpt-row  wcpt-even  wcpt-product-type-variable \"><td \n  class=\"wcpt-cell wcpt-1611081655\" \n  data-wcpt-column-index=\"0\"\n><div class=\"wcpt-cell-val\"><div class=\"wcpt-item-row wcpt-1611081022 product-table-header-row\"><span class=\"wcpt-html  wcpt-1610988248512\"><h2 class=\"product-short-name\"><a href=\"https:\/\/www.linvosges-hotellerie.com\/de\/der-tisch\/tischwasche-nach-mas\/polyester-de\/serviette-baccarat\/\">Tischserviette<\/a> <a href=\"\"><strong>Baccarat<\/strong><\/a> <\/h2><\/span><\/div><div class=\"wcpt-item-row wcpt-1611081181 \">\t\t<div\n\t\t\tclass=\"wcpt-attribute  wcpt-1611081335\"\n\t\t\tdata-wcpt-taxonomy=\"pa_grammage\"\n\t\t>\n\t\t\t<div class=\"wcpt-attribute-term wcpt-1611081268\" data-wcpt-slug=\"215grs-m%c2%b2\" data-wcpt-filtering=\"false\" data-wcpt-archive-url=\"https:\/\/www.linvosges-hotellerie.com\/fr\/grammage\/215grs-m%c2%b2\/\"><div class=\"wcpt-item-row wcpt-1611081266 \"><span class=\"wcpt-text  wcpt-1611081267\">215grs\/m\u00b2<\/span><\/div><\/div>\t\t<\/div>\n\t<span class=\"wcpt-space  wcpt-1611081336\"><\/span>\t\t<div\n\t\t\tclass=\"wcpt-attribute  wcpt-1611081492\"\n\t\t\tdata-wcpt-taxonomy=\"pa_matiere\"\n\t\t>\n\t\t\t<div class=\"wcpt-attribute-term wcpt-1611081353\" data-wcpt-slug=\"100-polyester-de\" data-wcpt-filtering=\"false\" data-wcpt-archive-url=\"https:\/\/www.linvosges-hotellerie.com\/de\/matiere\/100-polyester-de\/\"><div class=\"wcpt-item-row wcpt-1611081351 \"><span class=\"wcpt-text  wcpt-1611081352\">100 % Polyester<\/span><\/div><\/div>\t\t<\/div>\n\t<\/div><div class=\"wcpt-item-row wcpt-1611081648 \"><div class=\"woocommerce wcpt-add-to-cart-wrapper  wcpt-1611081649\">\n\n\t<form class=\"variations_form cart\" action=\"https:\/\/www.linvosges-hotellerie.com\/de\/der-tisch\/tischwasche-nach-mas\/polyester-de\/serviette-baccarat\/\" method=\"post\" enctype='multipart\/form-data' data-product_id=\"35456\" data-product_variations=\"[]\">\n\t\t\n\t\t\t\t\t<p class=\"stock out-of-stock\">Dieses Produkt ist derzeit ausverkauft und nicht verf\u00fcgbar.<\/p>\n\t\t\n\t\t\t<\/form>\n\n\t<\/div>\n<\/div><\/div>\n<\/td>\n<\/tr>\n<tr   \n\t \n\t data-wcpt-product-id=\"38421\"  \n\tdata-wcpt-type    =\"variable\" \n\tdata-wcpt-in-cart =\"0\" \n\tdata-wcpt-stock   =\"\"\n\tdata-wcpt-type    =\"variable\" \n\tdata-wcpt-in-cart =\"0\" \n\tdata-wcpt-stock   =\"\"\n\tdata-wcpt-price   =\"\"  class=\" wcpt-row  wcpt-odd  wcpt-product-type-variable \"><td \n  class=\"wcpt-cell wcpt-1611081655\" \n  data-wcpt-column-index=\"0\"\n><div class=\"wcpt-cell-val\"><div class=\"wcpt-item-row wcpt-1611081022 product-table-header-row\"><span class=\"wcpt-html  wcpt-1610988248512\"><h2 class=\"product-short-name\"><a href=\"https:\/\/www.linvosges-hotellerie.com\/de\/der-tisch\/tischwasche-nach-mas\/polyester-de\/quadratische-tischdecke-baccarat\/\">Quadratische Tischdecke<\/a> <a href=\"\"><strong>Baccarat<\/strong><\/a> <\/h2><\/span><\/div><div class=\"wcpt-item-row wcpt-1611081181 \">\t\t<div\n\t\t\tclass=\"wcpt-attribute  wcpt-1611081335\"\n\t\t\tdata-wcpt-taxonomy=\"pa_grammage\"\n\t\t>\n\t\t\t<div class=\"wcpt-attribute-term wcpt-1611081268\" data-wcpt-slug=\"215grs-m%c2%b2\" data-wcpt-filtering=\"false\" data-wcpt-archive-url=\"https:\/\/www.linvosges-hotellerie.com\/fr\/grammage\/215grs-m%c2%b2\/\"><div class=\"wcpt-item-row wcpt-1611081266 \"><span class=\"wcpt-text  wcpt-1611081267\">215grs\/m\u00b2<\/span><\/div><\/div>\t\t<\/div>\n\t<span class=\"wcpt-space  wcpt-1611081336\"><\/span>\t\t<div\n\t\t\tclass=\"wcpt-attribute  wcpt-1611081492\"\n\t\t\tdata-wcpt-taxonomy=\"pa_matiere\"\n\t\t>\n\t\t\t<div class=\"wcpt-attribute-term wcpt-1611081353\" data-wcpt-slug=\"100-polyester-de\" data-wcpt-filtering=\"false\" data-wcpt-archive-url=\"https:\/\/www.linvosges-hotellerie.com\/de\/matiere\/100-polyester-de\/\"><div class=\"wcpt-item-row wcpt-1611081351 \"><span class=\"wcpt-text  wcpt-1611081352\">100 % Polyester<\/span><\/div><\/div>\t\t<\/div>\n\t<\/div><div class=\"wcpt-item-row wcpt-1611081648 \"><div class=\"woocommerce wcpt-add-to-cart-wrapper  wcpt-1611081649\">\n\n\t<form class=\"variations_form cart\" action=\"https:\/\/www.linvosges-hotellerie.com\/de\/der-tisch\/tischwasche-nach-mas\/polyester-de\/quadratische-tischdecke-baccarat\/\" method=\"post\" enctype='multipart\/form-data' data-product_id=\"38421\" data-product_variations=\"[]\">\n\t\t\n\t\t\t\t\t<p class=\"stock out-of-stock\">Dieses Produkt ist derzeit ausverkauft und nicht verf\u00fcgbar.<\/p>\n\t\t\n\t\t\t<\/form>\n\n\t<\/div>\n<\/div><\/div>\n<\/td>\n<\/tr>\n<tr   \n\t \n\t data-wcpt-product-id=\"38664\"  \n\tdata-wcpt-type    =\"variable\" \n\tdata-wcpt-in-cart =\"0\" \n\tdata-wcpt-stock   =\"\"\n\tdata-wcpt-type    =\"variable\" \n\tdata-wcpt-in-cart =\"0\" \n\tdata-wcpt-stock   =\"\"\n\tdata-wcpt-price   =\"\"  class=\" wcpt-row  wcpt-even  wcpt-product-type-variable \"><td \n  class=\"wcpt-cell wcpt-1611081655\" \n  data-wcpt-column-index=\"0\"\n><div class=\"wcpt-cell-val\"><div class=\"wcpt-item-row wcpt-1611081022 product-table-header-row\"><span class=\"wcpt-html  wcpt-1610988248512\"><h2 class=\"product-short-name\"><a href=\"https:\/\/www.linvosges-hotellerie.com\/de\/der-tisch\/tischwasche-nach-mas\/polyester-de\/rechteckige-tischdecke-baccarat\/\">Rechteckige Tischdecke<\/a> <a href=\"\"><strong>Baccarat<\/strong><\/a> <\/h2><\/span><\/div><div class=\"wcpt-item-row wcpt-1611081181 \">\t\t<div\n\t\t\tclass=\"wcpt-attribute  wcpt-1611081335\"\n\t\t\tdata-wcpt-taxonomy=\"pa_grammage\"\n\t\t>\n\t\t\t<div class=\"wcpt-attribute-term wcpt-1611081268\" data-wcpt-slug=\"215grs-m%c2%b2\" data-wcpt-filtering=\"false\" data-wcpt-archive-url=\"https:\/\/www.linvosges-hotellerie.com\/fr\/grammage\/215grs-m%c2%b2\/\"><div class=\"wcpt-item-row wcpt-1611081266 \"><span class=\"wcpt-text  wcpt-1611081267\">215grs\/m\u00b2<\/span><\/div><\/div>\t\t<\/div>\n\t<span class=\"wcpt-space  wcpt-1611081336\"><\/span>\t\t<div\n\t\t\tclass=\"wcpt-attribute  wcpt-1611081492\"\n\t\t\tdata-wcpt-taxonomy=\"pa_matiere\"\n\t\t>\n\t\t\t<div class=\"wcpt-attribute-term wcpt-1611081353\" data-wcpt-slug=\"100-polyester-de\" data-wcpt-filtering=\"false\" data-wcpt-archive-url=\"https:\/\/www.linvosges-hotellerie.com\/de\/matiere\/100-polyester-de\/\"><div class=\"wcpt-item-row wcpt-1611081351 \"><span class=\"wcpt-text  wcpt-1611081352\">100 % Polyester<\/span><\/div><\/div>\t\t<\/div>\n\t<\/div><div class=\"wcpt-item-row wcpt-1611081648 \"><div class=\"woocommerce wcpt-add-to-cart-wrapper  wcpt-1611081649\">\n\n\t<form class=\"variations_form cart\" action=\"https:\/\/www.linvosges-hotellerie.com\/de\/der-tisch\/tischwasche-nach-mas\/polyester-de\/rechteckige-tischdecke-baccarat\/\" method=\"post\" enctype='multipart\/form-data' data-product_id=\"38664\" data-product_variations=\"[]\">\n\t\t\n\t\t\t\t\t<p class=\"stock out-of-stock\">Dieses Produkt ist derzeit ausverkauft und nicht verf\u00fcgbar.<\/p>\n\t\t\n\t\t\t<\/form>\n\n\t<\/div>\n<\/div><\/div>\n<\/td>\n<\/tr>\n<tr   \n\t \n\t data-wcpt-product-id=\"38826\"  \n\tdata-wcpt-type    =\"variable\" \n\tdata-wcpt-in-cart =\"0\" \n\tdata-wcpt-stock   =\"\"\n\tdata-wcpt-type    =\"variable\" \n\tdata-wcpt-in-cart =\"0\" \n\tdata-wcpt-stock   =\"\"\n\tdata-wcpt-price   =\"\"  class=\" wcpt-row  wcpt-odd  wcpt-product-type-variable \"><td \n  class=\"wcpt-cell wcpt-1611081655\" \n  data-wcpt-column-index=\"0\"\n><div class=\"wcpt-cell-val\"><div class=\"wcpt-item-row wcpt-1611081022 product-table-header-row\"><span class=\"wcpt-html  wcpt-1610988248512\"><h2 class=\"product-short-name\"><a href=\"https:\/\/www.linvosges-hotellerie.com\/de\/der-tisch\/tischwasche-nach-mas\/polyester-de\/rechteckiges-deckchen-baccarat\/\">Rechteckiges Deckchen<\/a> <a href=\"\"><strong>Baccarat<\/strong><\/a> <\/h2><\/span><\/div><div class=\"wcpt-item-row wcpt-1611081181 \">\t\t<div\n\t\t\tclass=\"wcpt-attribute  wcpt-1611081335\"\n\t\t\tdata-wcpt-taxonomy=\"pa_grammage\"\n\t\t>\n\t\t\t<div class=\"wcpt-attribute-term wcpt-1611081268\" data-wcpt-slug=\"215grs-m%c2%b2\" data-wcpt-filtering=\"false\" data-wcpt-archive-url=\"https:\/\/www.linvosges-hotellerie.com\/fr\/grammage\/215grs-m%c2%b2\/\"><div class=\"wcpt-item-row wcpt-1611081266 \"><span class=\"wcpt-text  wcpt-1611081267\">215grs\/m\u00b2<\/span><\/div><\/div>\t\t<\/div>\n\t<span class=\"wcpt-space  wcpt-1611081336\"><\/span>\t\t<div\n\t\t\tclass=\"wcpt-attribute  wcpt-1611081492\"\n\t\t\tdata-wcpt-taxonomy=\"pa_matiere\"\n\t\t>\n\t\t\t<div class=\"wcpt-attribute-term wcpt-1611081353\" data-wcpt-slug=\"100-polyester-de\" data-wcpt-filtering=\"false\" data-wcpt-archive-url=\"https:\/\/www.linvosges-hotellerie.com\/de\/matiere\/100-polyester-de\/\"><div class=\"wcpt-item-row wcpt-1611081351 \"><span class=\"wcpt-text  wcpt-1611081352\">100 % Polyester<\/span><\/div><\/div>\t\t<\/div>\n\t<\/div><div class=\"wcpt-item-row wcpt-1611081648 \"><div class=\"woocommerce wcpt-add-to-cart-wrapper  wcpt-1611081649\">\n\n\t<form class=\"variations_form cart\" action=\"https:\/\/www.linvosges-hotellerie.com\/de\/der-tisch\/tischwasche-nach-mas\/polyester-de\/rechteckiges-deckchen-baccarat\/\" method=\"post\" enctype='multipart\/form-data' data-product_id=\"38826\" data-product_variations=\"[]\">\n\t\t\n\t\t\t\t\t<p class=\"stock out-of-stock\">Dieses Produkt ist derzeit ausverkauft und nicht verf\u00fcgbar.<\/p>\n\t\t\n\t\t\t<\/form>\n\n\t<\/div>\n<\/div><\/div>\n<\/td>\n<\/tr>\n<tr   \n\t \n\t data-wcpt-product-id=\"38937\"  \n\tdata-wcpt-type    =\"variable\" \n\tdata-wcpt-in-cart =\"0\" \n\tdata-wcpt-stock   =\"\"\n\tdata-wcpt-type    =\"variable\" \n\tdata-wcpt-in-cart =\"0\" \n\tdata-wcpt-stock   =\"\"\n\tdata-wcpt-price   =\"\"  class=\" wcpt-row  wcpt-even  wcpt-product-type-variable \"><td \n  class=\"wcpt-cell wcpt-1611081655\" \n  data-wcpt-column-index=\"0\"\n><div class=\"wcpt-cell-val\"><div class=\"wcpt-item-row wcpt-1611081022 product-table-header-row\"><span class=\"wcpt-html  wcpt-1610988248512\"><h2 class=\"product-short-name\"><a href=\"https:\/\/www.linvosges-hotellerie.com\/de\/der-tisch\/tischwasche-nach-mas\/polyester-de\/quadratisches-deckchen-baccarat\/\">Quadratisches Deckchen<\/a> <a href=\"\"><strong>Baccarat<\/strong><\/a> <\/h2><\/span><\/div><div class=\"wcpt-item-row wcpt-1611081181 \">\t\t<div\n\t\t\tclass=\"wcpt-attribute  wcpt-1611081335\"\n\t\t\tdata-wcpt-taxonomy=\"pa_grammage\"\n\t\t>\n\t\t\t<div class=\"wcpt-attribute-term wcpt-1611081268\" data-wcpt-slug=\"215grs-m%c2%b2\" data-wcpt-filtering=\"false\" data-wcpt-archive-url=\"https:\/\/www.linvosges-hotellerie.com\/fr\/grammage\/215grs-m%c2%b2\/\"><div class=\"wcpt-item-row wcpt-1611081266 \"><span class=\"wcpt-text  wcpt-1611081267\">215grs\/m\u00b2<\/span><\/div><\/div>\t\t<\/div>\n\t<span class=\"wcpt-space  wcpt-1611081336\"><\/span>\t\t<div\n\t\t\tclass=\"wcpt-attribute  wcpt-1611081492\"\n\t\t\tdata-wcpt-taxonomy=\"pa_matiere\"\n\t\t>\n\t\t\t<div class=\"wcpt-attribute-term wcpt-1611081353\" data-wcpt-slug=\"100-polyester-de\" data-wcpt-filtering=\"false\" data-wcpt-archive-url=\"https:\/\/www.linvosges-hotellerie.com\/de\/matiere\/100-polyester-de\/\"><div class=\"wcpt-item-row wcpt-1611081351 \"><span class=\"wcpt-text  wcpt-1611081352\">100 % Polyester<\/span><\/div><\/div>\t\t<\/div>\n\t<\/div><div class=\"wcpt-item-row wcpt-1611081648 \"><div class=\"woocommerce wcpt-add-to-cart-wrapper  wcpt-1611081649\">\n\n\t<form class=\"variations_form cart\" action=\"https:\/\/www.linvosges-hotellerie.com\/de\/der-tisch\/tischwasche-nach-mas\/polyester-de\/quadratisches-deckchen-baccarat\/\" method=\"post\" enctype='multipart\/form-data' data-product_id=\"38937\" data-product_variations=\"[]\">\n\t\t\n\t\t\t\t\t<p class=\"stock out-of-stock\">Dieses Produkt ist derzeit ausverkauft und nicht verf\u00fcgbar.<\/p>\n\t\t\n\t\t\t<\/form>\n\n\t<\/div>\n<\/div><\/div>\n<\/td>\n<\/tr>\n<tr   \n\t \n\t data-wcpt-product-id=\"39063\"  \n\tdata-wcpt-type    =\"variable\" \n\tdata-wcpt-in-cart =\"0\" \n\tdata-wcpt-stock   =\"\"\n\tdata-wcpt-type    =\"variable\" \n\tdata-wcpt-in-cart =\"0\" \n\tdata-wcpt-stock   =\"\"\n\tdata-wcpt-price   =\"\"  class=\" wcpt-row  wcpt-odd  wcpt-product-type-variable \"><td \n  class=\"wcpt-cell wcpt-1611081655\" \n  data-wcpt-column-index=\"0\"\n><div class=\"wcpt-cell-val\"><div class=\"wcpt-item-row wcpt-1611081022 product-table-header-row\"><span class=\"wcpt-html  wcpt-1610988248512\"><h2 class=\"product-short-name\"><a href=\"https:\/\/www.linvosges-hotellerie.com\/de\/der-tisch\/tischwasche-nach-mas\/polyester-de\/runde-tischdecke-baccarat\/\">Runde Tischdecke<\/a> <a href=\"\"><strong>Baccarat<\/strong><\/a> <\/h2><\/span><\/div><div class=\"wcpt-item-row wcpt-1611081181 \">\t\t<div\n\t\t\tclass=\"wcpt-attribute  wcpt-1611081335\"\n\t\t\tdata-wcpt-taxonomy=\"pa_grammage\"\n\t\t>\n\t\t\t<div class=\"wcpt-attribute-term wcpt-1611081268\" data-wcpt-slug=\"215grs-m%c2%b2\" data-wcpt-filtering=\"false\" data-wcpt-archive-url=\"https:\/\/www.linvosges-hotellerie.com\/fr\/grammage\/215grs-m%c2%b2\/\"><div class=\"wcpt-item-row wcpt-1611081266 \"><span class=\"wcpt-text  wcpt-1611081267\">215grs\/m\u00b2<\/span><\/div><\/div>\t\t<\/div>\n\t<span class=\"wcpt-space  wcpt-1611081336\"><\/span>\t\t<div\n\t\t\tclass=\"wcpt-attribute  wcpt-1611081492\"\n\t\t\tdata-wcpt-taxonomy=\"pa_matiere\"\n\t\t>\n\t\t\t<div class=\"wcpt-attribute-term wcpt-1611081353\" data-wcpt-slug=\"100-polyester-de\" data-wcpt-filtering=\"false\" data-wcpt-archive-url=\"https:\/\/www.linvosges-hotellerie.com\/de\/matiere\/100-polyester-de\/\"><div class=\"wcpt-item-row wcpt-1611081351 \"><span class=\"wcpt-text  wcpt-1611081352\">100 % Polyester<\/span><\/div><\/div>\t\t<\/div>\n\t<\/div><div class=\"wcpt-item-row wcpt-1611081648 \"><div class=\"woocommerce wcpt-add-to-cart-wrapper  wcpt-1611081649\">\n\n\t<form class=\"variations_form cart\" action=\"https:\/\/www.linvosges-hotellerie.com\/de\/der-tisch\/tischwasche-nach-mas\/polyester-de\/runde-tischdecke-baccarat\/\" method=\"post\" enctype='multipart\/form-data' data-product_id=\"39063\" data-product_variations=\"[]\">\n\t\t\n\t\t\t\t\t<p class=\"stock out-of-stock\">Dieses Produkt ist derzeit ausverkauft und nicht verf\u00fcgbar.<\/p>\n\t\t\n\t\t\t<\/form>\n\n\t<\/div>\n<\/div><\/div>\n<\/td>\n<\/tr>\n<\/table>\n<\/div>\n<\/div>\n<div class=\"wcpt-loading-screen\"><\/div>\n<div class=\"wcpt-table-scroll-wrapper-outer wcpt-device-tablet\">\n<div class=\"wcpt-table-scroll-wrapper\">\n<span class=\"wcpt-icon wcpt-icon-loader wcpt-device-view-loading-icon \"   ><svg xmlns=\"http:\/\/www.w3.org\/2000\/svg\" width=\"24\" height=\"24\" viewBox=\"0 0 24 24\" fill=\"none\" stroke=\"currentColor\" stroke-width=\"2\" stroke-linecap=\"round\" stroke-linejoin=\"round\" class=\"feather feather-loader\"><line x1=\"12\" y1=\"2\" x2=\"12\" y2=\"6\"><\/line><line x1=\"12\" y1=\"18\" x2=\"12\" y2=\"22\"><\/line><line x1=\"4.93\" y1=\"4.93\" x2=\"7.76\" y2=\"7.76\"><\/line><line x1=\"16.24\" y1=\"16.24\" x2=\"19.07\" y2=\"19.07\"><\/line><line x1=\"2\" y1=\"12\" x2=\"6\" y2=\"12\"><\/line><line x1=\"18\" y1=\"12\" x2=\"22\" y2=\"12\"><\/line><line x1=\"4.93\" y1=\"19.07\" x2=\"7.76\" y2=\"16.24\"><\/line><line x1=\"16.24\" y1=\"7.76\" x2=\"19.07\" y2=\"4.93\"><\/line><\/svg><\/span><\/div>\n<\/div>\n<div class=\"wcpt-table-scroll-wrapper-outer wcpt-device-phone\">\n<div class=\"wcpt-table-scroll-wrapper\">\n<span class=\"wcpt-icon wcpt-icon-loader wcpt-device-view-loading-icon \"   ><svg xmlns=\"http:\/\/www.w3.org\/2000\/svg\" width=\"24\" height=\"24\" viewBox=\"0 0 24 24\" fill=\"none\" stroke=\"currentColor\" stroke-width=\"2\" stroke-linecap=\"round\" stroke-linejoin=\"round\" class=\"feather feather-loader\"><line x1=\"12\" y1=\"2\" x2=\"12\" y2=\"6\"><\/line><line x1=\"12\" y1=\"18\" x2=\"12\" y2=\"22\"><\/line><line x1=\"4.93\" y1=\"4.93\" x2=\"7.76\" y2=\"7.76\"><\/line><line x1=\"16.24\" y1=\"16.24\" x2=\"19.07\" y2=\"19.07\"><\/line><line x1=\"2\" y1=\"12\" x2=\"6\" y2=\"12\"><\/line><line x1=\"18\" y1=\"12\" x2=\"22\" y2=\"12\"><\/line><line x1=\"4.93\" y1=\"19.07\" x2=\"7.76\" y2=\"16.24\"><\/line><line x1=\"16.24\" y1=\"7.76\" x2=\"19.07\" y2=\"4.93\"><\/line><\/svg><\/span><\/div>\n<\/div>\n<style> #wcpt-11608  .wcpt-1611081655{background-color:rgb(255, 255, 255);font-size:13px;}  body  .wcpt-1611081655{background-color:rgb(255, 255, 255);font-size:13px;}  #wcpt-11608  .wcpt-1611081336{}  body  .wcpt-1611081336{}  #wcpt-11608  .wcpt-1611081492{text-align:right;}  body  .wcpt-1611081492{text-align:right;}  #wcpt-11608  .wcpt-1611081492 > div:not(.wcpt-term-separator){}  body  .wcpt-1611081492 > div:not(.wcpt-term-separator){}  #wcpt-11608  .wcpt-1611081181{padding-bottom:25px;}  body  .wcpt-1611081181{padding-bottom:25px;}  #wcpt-11608  .wcpt-1611081649 .single_add_to_cart_button{background-color:rgb(0, 0, 0);font-size:13px;font-weight:bold;}  body  .wcpt-1611081649 .single_add_to_cart_button{background-color:rgb(0, 0, 0);font-size:13px;font-weight:bold;} <\/style><\/div>\n\n","protected":false},"excerpt":{"rendered":"<p>Polyester-Versanddecke mit mattem Aussehen und baumwollartigem Griff.<br \/>\nPolyester-Tischdecken werden wegen ihrer Pflegeleichtigkeit gesch\u00e4tzt und bestechen durch ihren flie\u00dfenden Charakter.<\/p>\n<p><strong>4 Oberfl\u00e4chen zur Auswahl :<\/strong><br \/>\n&#8211; Einfacher Saum: 2 cm von der Kante f\u00fcr Tischdecken und 1 cm f\u00fcr Servietten entfernt abgesteppt &#8211; traditionelles klassisches Finish<br \/>\n&#8211; Ecken auf Gehrung 2 cm: Die 2 cm langen S\u00e4ume werden mit einer 45\u00b0-Naht zusammengef\u00fcgt, um perfekte Spitzen zu erzielen &#8211; raffiniertes Finish<br \/>\n&#8211; Ecken auf Gehrung 5 cm: Die 5 cm langen S\u00e4ume werden mit einer 45\u00b0-Naht zusammengef\u00fcgt, um perfekte Spitzen zu erzielen &#8211; sehr raffiniertes Finish.<br \/>\n&#8211; Innenschr\u00e4gband: 18 mm Schr\u00e4gband, das auf der R\u00fcckseite unsichtbar angen\u00e4ht wird &#8211; diese Ausf\u00fchrung ist runden Tischdecken vorbehalten, um sich den Rundungen des Stoffes anzupassen.<\/p>\n","protected":false},"featured_media":31094,"template":"","meta":{"_acf_changed":false},"label":[],"product_brand":[],"product_cat":[1960,1884],"product_tag":[3289,1887],"gamme":[1961],"matiere":[1765],"class_list":{"0":"post-31085","1":"product","2":"type-product","3":"status-publish","4":"has-post-thumbnail","6":"product_cat-polyester-de","7":"product_cat-tischwasche-nach-mas","8":"product_tag-no-oekotex-de","9":"product_tag-tisch","10":"pa_couleur-blei","11":"pa_couleur-cappucino-de","12":"pa_couleur-creme-de","13":"pa_couleur-rot","14":"pa_couleur-schokolade","15":"pa_couleur-traube","16":"pa_couleur-weis","17":"pa_couleur-zeichenkohle","18":"pa_dimensions-130x130-cm","19":"pa_dimensions-130x170-cm","20":"pa_dimensions-140x140-cm","21":"pa_dimensions-140x180-cm","22":"pa_dimensions-35x45-cm","23":"pa_dimensions-40x40-cm","24":"pa_dimensions-45x45-cm","25":"pa_dimensions-50x50-cm","26":"pa_dimensions-90x130-cm","27":"pa_dimensions-90x90-cm","28":"pa_dimensions-diametre-130","29":"pa_dimensions-diametre-180","30":"pa_dimensions-diametre-210","31":"pa_matiere-100-polyester-de","32":"gamme-baccarat-de","33":"matiere-polyester-de","35":"first","36":"instock","37":"taxable","38":"shipping-taxable","39":"product-type-grouped"},"acf":[],"df_price":"","df_sale_price":"","df_regular_price":"","df_image_link":"https:\/\/www.linvosges-hotellerie.com\/wp-content\/uploads\/2020\/12\/nappe-ronde-baccarat-polyester-215-grs-m2-professionnel-restaurant-linvosges-hotellerie-1-300x300.jpg","_links":{"self":[{"href":"https:\/\/www.linvosges-hotellerie.com\/de\/wp-json\/wp\/v2\/product\/31085","targetHints":{"allow":["GET"]}}],"collection":[{"href":"https:\/\/www.linvosges-hotellerie.com\/de\/wp-json\/wp\/v2\/product"}],"about":[{"href":"https:\/\/www.linvosges-hotellerie.com\/de\/wp-json\/wp\/v2\/types\/product"}],"wp:featuredmedia":[{"embeddable":true,"href":"https:\/\/www.linvosges-hotellerie.com\/de\/wp-json\/wp\/v2\/media\/31094"}],"wp:attachment":[{"href":"https:\/\/www.linvosges-hotellerie.com\/de\/wp-json\/wp\/v2\/media?parent=31085"}],"wp:term":[{"taxonomy":"label","embeddable":true,"href":"https:\/\/www.linvosges-hotellerie.com\/de\/wp-json\/wp\/v2\/label?post=31085"},{"taxonomy":"product_brand","embeddable":true,"href":"https:\/\/www.linvosges-hotellerie.com\/de\/wp-json\/wp\/v2\/product_brand?post=31085"},{"taxonomy":"product_cat","embeddable":true,"href":"https:\/\/www.linvosges-hotellerie.com\/de\/wp-json\/wp\/v2\/product_cat?post=31085"},{"taxonomy":"product_tag","embeddable":true,"href":"https:\/\/www.linvosges-hotellerie.com\/de\/wp-json\/wp\/v2\/product_tag?post=31085"},{"taxonomy":"gamme","embeddable":true,"href":"https:\/\/www.linvosges-hotellerie.com\/de\/wp-json\/wp\/v2\/gamme?post=31085"},{"taxonomy":"matiere","embeddable":true,"href":"https:\/\/www.linvosges-hotellerie.com\/de\/wp-json\/wp\/v2\/matiere?post=31085"}],"curies":[{"name":"wp","href":"https:\/\/api.w.org\/{rel}","templated":true}]}}