{"id":32852,"date":"2020-12-16T05:45:28","date_gmt":"2020-12-16T04:45:28","guid":{"rendered":"https:\/\/www.linvosges-hotellerie.com\/unkategorisiert\/tischset-rainbow\/"},"modified":"2020-12-16T05:45:28","modified_gmt":"2020-12-16T04:45:28","slug":"tischset-rainbow","status":"publish","type":"product","link":"https:\/\/www.linvosges-hotellerie.com\/de\/der-tisch\/tischwasche-nach-mas\/tischset-rainbow\/","title":{"rendered":"Tischset Rainbow"},"content":{"rendered":"<p>Eine Reihe von leuchtenden Farben f\u00fcr diese wasserabweisende, lichtbest\u00e4ndige und abriebfeste Tischdecke.<br \/>\nPolyester-Tischdecken werden wegen ihrer Pflegeleichtigkeit gesch\u00e4tzt und bestechen durch ihren flie\u00dfenden Charakter.<\/p>\n<p>4 Oberfl\u00e4chen zur Auswahl :<br \/>\n&#8211; Einfacher Saum: 2 cm von der Kante f\u00fcr Tischdecken und 1 cm f\u00fcr Servietten entfernt abgesteppt &#8211; traditionelles klassisches Finish<br \/>\n&#8211; Ecken auf Gehrung 2 cm: Die 2 cm langen S\u00e4ume werden mit einer 45\u00b0-Naht zusammengef\u00fcgt, um perfekte Spitzen zu erzielen &#8211; raffiniertes Finish<br \/>\n&#8211; Ecken auf Gehrung 5 cm: Die 5 cm langen S\u00e4ume werden mit einer 45\u00b0-Naht zusammengef\u00fcgt, um perfekte Spitzen zu erzielen &#8211; sehr raffiniertes Finish.<br \/>\n&#8211; Innenschr\u00e4gband: 18 mm Schr\u00e4gband, das auf der R\u00fcckseite unsichtbar angen\u00e4ht wird &#8211; diese Ausf\u00fchrung ist runden Tischdecken vorbehalten, um sich den Rundungen des Stoffes anzupassen.<\/p>\n","protected":false},"excerpt":{"rendered":"<p>Maschinenw\u00e4sche bei 30\u00b0.<br \/>\nChlor und Bleichmittel verboten<br \/>\nNicht maschinell trocknen<br \/>\nB\u00fcgeln bei einer Temperatur von maximal 150\u00b0 C<br \/>\nNicht chemisch reinigen<\/p>\n<p><span class=\"ginetex\"> w o d b U <\/span><\/p>\n","protected":false},"featured_media":31871,"template":"","meta":{"_acf_changed":false},"label":[],"product_brand":[],"product_cat":[1885,1960,2308,1884],"product_tag":[],"gamme":[2201],"matiere":[1765],"class_list":{"0":"post-32852","1":"product","2":"type-product","3":"status-publish","4":"has-post-thumbnail","6":"product_cat-der-tisch","7":"product_cat-polyester-de","8":"product_cat-tischset-nach-mass","9":"product_cat-tischwasche-nach-mas","10":"pa_couleur-anis-de","11":"pa_couleur-beige-de","12":"pa_couleur-dunkelgrau","13":"pa_couleur-entenblau","14":"pa_couleur-grun","15":"pa_couleur-hellgrau","16":"pa_couleur-himmelblau","17":"pa_couleur-orange-de","18":"pa_couleur-rot","19":"pa_couleur-sand-de","20":"pa_couleur-schokolade","21":"pa_couleur-sonne","22":"pa_dimensions-35x45-cm","23":"pa_finition-ecken-auf-gehrung-2-cm","24":"pa_grammage-203grs-m","25":"pa_matiere-100-polyester-de","26":"gamme-rainbow-de","27":"matiere-polyester-de","29":"first","30":"instock","31":"taxable","32":"shipping-taxable","33":"purchasable","34":"product-type-variable","35":"has-default-attributes"},"acf":[],"df_price":"","df_sale_price":"","df_regular_price":"","df_image_link":"https:\/\/www.linvosges-hotellerie.com\/wp-content\/uploads\/2020\/12\/linge-de-table-rainbow-polyester-203-grs-m2-professionnel-restaurant-linvosges-hotellerie-300x300.jpg","_links":{"self":[{"href":"https:\/\/www.linvosges-hotellerie.com\/de\/wp-json\/wp\/v2\/product\/32852","targetHints":{"allow":["GET"]}}],"collection":[{"href":"https:\/\/www.linvosges-hotellerie.com\/de\/wp-json\/wp\/v2\/product"}],"about":[{"href":"https:\/\/www.linvosges-hotellerie.com\/de\/wp-json\/wp\/v2\/types\/product"}],"wp:featuredmedia":[{"embeddable":true,"href":"https:\/\/www.linvosges-hotellerie.com\/de\/wp-json\/wp\/v2\/media\/31871"}],"wp:attachment":[{"href":"https:\/\/www.linvosges-hotellerie.com\/de\/wp-json\/wp\/v2\/media?parent=32852"}],"wp:term":[{"taxonomy":"label","embeddable":true,"href":"https:\/\/www.linvosges-hotellerie.com\/de\/wp-json\/wp\/v2\/label?post=32852"},{"taxonomy":"product_brand","embeddable":true,"href":"https:\/\/www.linvosges-hotellerie.com\/de\/wp-json\/wp\/v2\/product_brand?post=32852"},{"taxonomy":"product_cat","embeddable":true,"href":"https:\/\/www.linvosges-hotellerie.com\/de\/wp-json\/wp\/v2\/product_cat?post=32852"},{"taxonomy":"product_tag","embeddable":true,"href":"https:\/\/www.linvosges-hotellerie.com\/de\/wp-json\/wp\/v2\/product_tag?post=32852"},{"taxonomy":"gamme","embeddable":true,"href":"https:\/\/www.linvosges-hotellerie.com\/de\/wp-json\/wp\/v2\/gamme?post=32852"},{"taxonomy":"matiere","embeddable":true,"href":"https:\/\/www.linvosges-hotellerie.com\/de\/wp-json\/wp\/v2\/matiere?post=32852"}],"curies":[{"name":"wp","href":"https:\/\/api.w.org\/{rel}","templated":true}]}}