{"id":33423,"date":"2020-12-16T05:51:09","date_gmt":"2020-12-16T04:51:09","guid":{"rendered":"https:\/\/www.linvosges-hotellerie.com\/unkategorisiert\/tischset-jamagne\/"},"modified":"2020-12-16T05:51:09","modified_gmt":"2020-12-16T04:51:09","slug":"tischset-jamagne","status":"publish","type":"product","link":"https:\/\/www.linvosges-hotellerie.com\/de\/der-tisch\/tischwasche\/tischset\/tischset-jamagne\/","title":{"rendered":"Tischset Jamagne"},"content":{"rendered":"<p>Ein beidseitig verwendbares Tischset in strukturierter Lederoptik. Absteppung von Kante zu Kante. Reinigung mit einem in Desinfektionsl\u00f6sung getr\u00e4nkten Schwamm oder mit Seifenwasser f\u00fcr eine effektive Pflege. Verwenden Sie keinen Alkohol, Bleichmittel oder L\u00f6sungsmittel.<\/p>\n<p>Achtung: Begrenzte Best\u00e4nde<\/p>\n","protected":false},"excerpt":{"rendered":"<p>Reinigung mit einem in Desinfektionsmittel getr\u00e4nkten Schwamm oder mit Seifenwasser<\/p>\n<p><span class=\"ginetex\">  z o d m U  <\/span><\/p>\n","protected":false},"featured_media":33429,"template":"","meta":{"_acf_changed":false},"label":[],"product_brand":[],"product_cat":[1885,1538,2325,2326,2348],"product_tag":[],"gamme":[2345],"matiere":[],"class_list":{"0":"post-33423","1":"product","2":"type-product","3":"status-publish","4":"has-post-thumbnail","6":"product_cat-der-tisch","7":"product_cat-outlet-alles-auf-50-reduziert","8":"product_cat-synthetisches-leder","9":"product_cat-tischset","10":"product_cat-tischwasche","11":"pa_couleur-anthrazit-bordeaux","12":"pa_dimensions-45x35-cm","13":"pa_grammage-600grs-m","14":"pa_matiere-76-pvc-22-polyester-2-polyurethan","15":"gamme-jamagne-de","17":"first","18":"outofstock","19":"sale","20":"taxable","21":"shipping-taxable","22":"purchasable","23":"product-type-simple"},"acf":[],"df_price":5.4,"df_sale_price":5.4,"df_regular_price":10.8,"df_image_link":"https:\/\/www.linvosges-hotellerie.com\/wp-content\/uploads\/2020\/12\/set-de-table-jamagne-76-pour-cent-pvc-22-pour-cent-polyester-2-pour-cent-polyurethane-600grs-m2-professionnel-restaurant-linvosges-hotellerie-300x300.jpg","_links":{"self":[{"href":"https:\/\/www.linvosges-hotellerie.com\/de\/wp-json\/wp\/v2\/product\/33423","targetHints":{"allow":["GET"]}}],"collection":[{"href":"https:\/\/www.linvosges-hotellerie.com\/de\/wp-json\/wp\/v2\/product"}],"about":[{"href":"https:\/\/www.linvosges-hotellerie.com\/de\/wp-json\/wp\/v2\/types\/product"}],"wp:featuredmedia":[{"embeddable":true,"href":"https:\/\/www.linvosges-hotellerie.com\/de\/wp-json\/wp\/v2\/media\/33429"}],"wp:attachment":[{"href":"https:\/\/www.linvosges-hotellerie.com\/de\/wp-json\/wp\/v2\/media?parent=33423"}],"wp:term":[{"taxonomy":"label","embeddable":true,"href":"https:\/\/www.linvosges-hotellerie.com\/de\/wp-json\/wp\/v2\/label?post=33423"},{"taxonomy":"product_brand","embeddable":true,"href":"https:\/\/www.linvosges-hotellerie.com\/de\/wp-json\/wp\/v2\/product_brand?post=33423"},{"taxonomy":"product_cat","embeddable":true,"href":"https:\/\/www.linvosges-hotellerie.com\/de\/wp-json\/wp\/v2\/product_cat?post=33423"},{"taxonomy":"product_tag","embeddable":true,"href":"https:\/\/www.linvosges-hotellerie.com\/de\/wp-json\/wp\/v2\/product_tag?post=33423"},{"taxonomy":"gamme","embeddable":true,"href":"https:\/\/www.linvosges-hotellerie.com\/de\/wp-json\/wp\/v2\/gamme?post=33423"},{"taxonomy":"matiere","embeddable":true,"href":"https:\/\/www.linvosges-hotellerie.com\/de\/wp-json\/wp\/v2\/matiere?post=33423"}],"curies":[{"name":"wp","href":"https:\/\/api.w.org\/{rel}","templated":true}]}}