{"id":33510,"date":"2020-12-16T00:47:27","date_gmt":"2020-12-15T23:47:27","guid":{"rendered":"https:\/\/www.linvosges-hotellerie.com\/unkategorisiert\/einweg-pantoletten-aus-frottee\/"},"modified":"2020-12-16T00:47:27","modified_gmt":"2020-12-15T23:47:27","slug":"einweg-pantoletten-aus-frottee","status":"publish","type":"product","link":"https:\/\/www.linvosges-hotellerie.com\/de\/die-schwamme\/spa-und-swimmingpool\/mules-de\/einweg-pantoletten-aus-frottee\/","title":{"rendered":"Einweg-Pantoletten aus Frottee"},"content":{"rendered":"<p>Die Einweg-Pantoletten sind sehr weich und aus saugf\u00e4higem Frottee hergestellt. Sie haben eine rutschfeste Sohle mit Schaumstoffeinlage f\u00fcr zus\u00e4tzlichen Komfort.<\/p>\n","protected":false},"excerpt":{"rendered":"<p>Nicht in der Waschmaschine waschen<br \/>\nChlor und Bleichmittel verboten<br \/>\nW\u00e4schetrockner verboten<br \/>\nB\u00fcgeln verboten<br \/>\nNicht chemisch reinigen<\/p>\n<p><span class=\"ginetex\">  z o d m U  <\/span><\/p>\n","protected":false},"featured_media":33512,"template":"","meta":{"_acf_changed":false},"label":[],"product_brand":[],"product_cat":[1586,2357,1767],"product_tag":[3289],"gamme":[2356],"matiere":[1765],"class_list":{"0":"post-33510","1":"product","2":"type-product","3":"status-publish","4":"has-post-thumbnail","6":"product_cat-die-schwamme","7":"product_cat-mules-de","8":"product_cat-spa-und-swimmingpool","9":"product_tag-no-oekotex-de","10":"pa_couleur-weis","11":"pa_dimensions-39-cm","12":"pa_dimensions-43-cm","13":"pa_dimensions-46-cm","14":"pa_grammage-360grs-m","15":"pa_matiere-100-polyester-de","16":"gamme-die-einweg-pantoletten","17":"matiere-polyester-de","19":"first","20":"instock","21":"taxable","22":"shipping-taxable","23":"purchasable","24":"product-type-variable","25":"has-default-attributes"},"acf":[],"df_price":3.89,"df_sale_price":"","df_regular_price":3.89,"df_image_link":"https:\/\/www.linvosges-hotellerie.com\/wp-content\/uploads\/2020\/12\/mules-jetables-eponge-hotel-professionnel-linvosges-hotellerie-300x300.jpg","_links":{"self":[{"href":"https:\/\/www.linvosges-hotellerie.com\/de\/wp-json\/wp\/v2\/product\/33510","targetHints":{"allow":["GET"]}}],"collection":[{"href":"https:\/\/www.linvosges-hotellerie.com\/de\/wp-json\/wp\/v2\/product"}],"about":[{"href":"https:\/\/www.linvosges-hotellerie.com\/de\/wp-json\/wp\/v2\/types\/product"}],"wp:featuredmedia":[{"embeddable":true,"href":"https:\/\/www.linvosges-hotellerie.com\/de\/wp-json\/wp\/v2\/media\/33512"}],"wp:attachment":[{"href":"https:\/\/www.linvosges-hotellerie.com\/de\/wp-json\/wp\/v2\/media?parent=33510"}],"wp:term":[{"taxonomy":"label","embeddable":true,"href":"https:\/\/www.linvosges-hotellerie.com\/de\/wp-json\/wp\/v2\/label?post=33510"},{"taxonomy":"product_brand","embeddable":true,"href":"https:\/\/www.linvosges-hotellerie.com\/de\/wp-json\/wp\/v2\/product_brand?post=33510"},{"taxonomy":"product_cat","embeddable":true,"href":"https:\/\/www.linvosges-hotellerie.com\/de\/wp-json\/wp\/v2\/product_cat?post=33510"},{"taxonomy":"product_tag","embeddable":true,"href":"https:\/\/www.linvosges-hotellerie.com\/de\/wp-json\/wp\/v2\/product_tag?post=33510"},{"taxonomy":"gamme","embeddable":true,"href":"https:\/\/www.linvosges-hotellerie.com\/de\/wp-json\/wp\/v2\/gamme?post=33510"},{"taxonomy":"matiere","embeddable":true,"href":"https:\/\/www.linvosges-hotellerie.com\/de\/wp-json\/wp\/v2\/matiere?post=33510"}],"curies":[{"name":"wp","href":"https:\/\/api.w.org\/{rel}","templated":true}]}}