{"id":33691,"date":"2020-12-16T05:44:35","date_gmt":"2020-12-16T04:44:35","guid":{"rendered":"https:\/\/www.linvosges-hotellerie.com\/unkategorisiert\/serviette-barletta\/"},"modified":"2020-12-16T05:44:35","modified_gmt":"2020-12-16T04:44:35","slug":"serviette-barletta","status":"publish","type":"product","link":"https:\/\/www.linvosges-hotellerie.com\/de\/der-tisch\/tischwasche-nach-mas\/serviette-barletta\/","title":{"rendered":"Serviette Barletta"},"content":{"rendered":"<p>Tischdecke aus Polycotton-Stoff mit einem Ton-in-Ton Craquel\u00e9-Webmuster, das einen zeitgen\u00f6ssischen Stil vermittelt.<br \/>\nDie Mischung aus Baumwolle und Polyester verleiht dem Stoff Geschmeidigkeit und Festigkeit und macht ihn pflegeleicht, d.h. schneller trocknend und leichter zu b\u00fcgeln.<\/p>\n<p>4 Oberfl\u00e4chen zur Auswahl :<br \/>\n&#8211; Einfacher Saum: 2 cm von der Kante f\u00fcr Tischdecken und 1 cm f\u00fcr Servietten entfernt abgesteppt &#8211; traditionelles klassisches Finish<br \/>\n&#8211; Ecken auf Gehrung 2 cm: Die 2 cm langen S\u00e4ume werden mit einer 45\u00b0-Naht zusammengef\u00fcgt, um perfekte Spitzen zu erzielen &#8211; raffiniertes Finish<br \/>\n&#8211; Ecken auf Gehrung 5 cm: Die 5 cm langen S\u00e4ume werden mit einer 45\u00b0-Naht zusammengef\u00fcgt, um perfekte Spitzen zu erzielen &#8211; sehr raffiniertes Finish.<br \/>\n&#8211; Innenschr\u00e4gband: 18 mm Schr\u00e4gband, das auf der R\u00fcckseite unsichtbar angen\u00e4ht wird &#8211; diese Ausf\u00fchrung ist runden Tischdecken vorbehalten, um sich den Rundungen des Stoffes anzupassen.<\/p>\n","protected":false},"excerpt":{"rendered":"<p>Maschinenw\u00e4sche bei 30\u00b0 Feinw\u00e4sche<br \/>\nChlor und Bleichmittel verboten<br \/>\nNicht maschinell trocknen<br \/>\nB\u00fcgeln bei einer Temperatur von bis zu 110\u00b0 ohne Dampf<br \/>\nF\u00fcr die chemische Reinigung zugelassene Produkte: Perchlorethylen, Kohlenwasserstoffe<\/p>\n<p><span class=\"ginetex\"> e o d n W <\/span><\/p>\n","protected":false},"featured_media":31151,"template":"","meta":{"_acf_changed":false},"label":[],"product_brand":[],"product_cat":[1885,1917,1884],"product_tag":[],"gamme":[1988],"matiere":[1637],"class_list":{"0":"post-33691","1":"product","2":"type-product","3":"status-publish","4":"has-post-thumbnail","6":"product_cat-der-tisch","7":"product_cat-polycotton-de-2","8":"product_cat-tischwasche-nach-mas","9":"pa_couleur-elfenbein","10":"pa_couleur-grau","11":"pa_couleur-schwarz","12":"pa_dimensions-40x40-cm","13":"pa_dimensions-45x45-cm","14":"pa_dimensions-50x50-cm","15":"pa_finition-ecken-auf-gehrung-2-cm","16":"pa_finition-einfache-burlet","17":"pa_grammage-283grs-m","18":"pa_matiere-59-polyester-41-baumwolle","19":"gamme-barletta-de","20":"matiere-polycotton","22":"first","23":"outofstock","24":"taxable","25":"shipping-taxable","26":"purchasable","27":"product-type-variable","28":"has-default-attributes"},"acf":[],"df_price":"","df_sale_price":"","df_regular_price":"","df_image_link":"https:\/\/www.linvosges-hotellerie.com\/wp-content\/uploads\/2020\/12\/linge-de-table-barletta-gris-59-pour-cent-polyester-41-pour-cent-coton-283-grs-m2-professionnel-restaurant-linvosges-hotellerie-300x300.jpg","_links":{"self":[{"href":"https:\/\/www.linvosges-hotellerie.com\/de\/wp-json\/wp\/v2\/product\/33691","targetHints":{"allow":["GET"]}}],"collection":[{"href":"https:\/\/www.linvosges-hotellerie.com\/de\/wp-json\/wp\/v2\/product"}],"about":[{"href":"https:\/\/www.linvosges-hotellerie.com\/de\/wp-json\/wp\/v2\/types\/product"}],"wp:featuredmedia":[{"embeddable":true,"href":"https:\/\/www.linvosges-hotellerie.com\/de\/wp-json\/wp\/v2\/media\/31151"}],"wp:attachment":[{"href":"https:\/\/www.linvosges-hotellerie.com\/de\/wp-json\/wp\/v2\/media?parent=33691"}],"wp:term":[{"taxonomy":"label","embeddable":true,"href":"https:\/\/www.linvosges-hotellerie.com\/de\/wp-json\/wp\/v2\/label?post=33691"},{"taxonomy":"product_brand","embeddable":true,"href":"https:\/\/www.linvosges-hotellerie.com\/de\/wp-json\/wp\/v2\/product_brand?post=33691"},{"taxonomy":"product_cat","embeddable":true,"href":"https:\/\/www.linvosges-hotellerie.com\/de\/wp-json\/wp\/v2\/product_cat?post=33691"},{"taxonomy":"product_tag","embeddable":true,"href":"https:\/\/www.linvosges-hotellerie.com\/de\/wp-json\/wp\/v2\/product_tag?post=33691"},{"taxonomy":"gamme","embeddable":true,"href":"https:\/\/www.linvosges-hotellerie.com\/de\/wp-json\/wp\/v2\/gamme?post=33691"},{"taxonomy":"matiere","embeddable":true,"href":"https:\/\/www.linvosges-hotellerie.com\/de\/wp-json\/wp\/v2\/matiere?post=33691"}],"curies":[{"name":"wp","href":"https:\/\/api.w.org\/{rel}","templated":true}]}}