{"id":36535,"date":"2020-11-27T12:47:42","date_gmt":"2020-11-27T11:47:42","guid":{"rendered":"https:\/\/www.linvosges-hotellerie.com\/unkategorisiert\/mikrofaserbezug-in-taschenform\/"},"modified":"2026-04-16T01:09:53","modified_gmt":"2026-04-15T23:09:53","slug":"mikrofaserbezug-in-taschenform","status":"publish","type":"product","link":"https:\/\/www.linvosges-hotellerie.com\/de\/bettwasche-de\/untertagebaum\/mikrofaserbezug-in-taschenform\/","title":{"rendered":"Mikrofaserbezug in Taschenform"},"content":{"rendered":"<p>Weicher, textiler Griff. Wasserdicht, ger\u00e4uscharm und atmungsaktiv f\u00fcr einen optimalen Schutz Ihrer Kopfkissen. Die Form der Brieftasche erm\u00f6glicht ein einfaches Anlegen und einen guten Halt.<\/p>\n","protected":false},"excerpt":{"rendered":"<p>Maschinenw\u00e4sche bei 60\u00b0.<br \/>\nChlor und Bleichmittel verboten<br \/>\nTrocknen im Tumbler bei 80\u00b0.<br \/>\nB\u00fcgeln bei einer Temperatur von maximal 200\u00b0 C<br \/>\nNicht chemisch reinigen<br \/>\n<span class=\"ginetex\"> 4 o a v U <\/span><\/p>\n","protected":false},"featured_media":36540,"template":"","meta":{"_acf_changed":false},"label":[],"product_brand":[],"product_cat":[2370,2371],"product_tag":[3289],"gamme":[2369],"matiere":[1765],"class_list":{"0":"post-36535","1":"product","2":"type-product","3":"status-publish","4":"has-post-thumbnail","6":"product_cat-bettwasche-de","7":"product_cat-untertagebaum","8":"product_tag-no-oekotex-de","9":"pa_couleur-weis","10":"pa_dimensions-45-70-cm","11":"pa_dimensions-50-70-cm","12":"pa_dimensions-50-75-cm","13":"pa_dimensions-60-60-cm","14":"pa_dimensions-65-65-cm","15":"pa_grammage-85grs-m","16":"pa_matiere-100-polyester-de","17":"gamme-mikrofaser","18":"matiere-polyester-de","20":"first","21":"instock","22":"taxable","23":"shipping-taxable","24":"purchasable","25":"product-type-variable","26":"has-default-attributes"},"acf":[],"df_price":4.72,"df_sale_price":"","df_regular_price":4.72,"df_image_link":"https:\/\/www.linvosges-hotellerie.com\/wp-content\/uploads\/2020\/12\/sous-taie-microfibre-85-grs-m2-forme-sac-hotel-professionnel-linvosges-hotellerie-300x300.jpg","_links":{"self":[{"href":"https:\/\/www.linvosges-hotellerie.com\/de\/wp-json\/wp\/v2\/product\/36535","targetHints":{"allow":["GET"]}}],"collection":[{"href":"https:\/\/www.linvosges-hotellerie.com\/de\/wp-json\/wp\/v2\/product"}],"about":[{"href":"https:\/\/www.linvosges-hotellerie.com\/de\/wp-json\/wp\/v2\/types\/product"}],"wp:featuredmedia":[{"embeddable":true,"href":"https:\/\/www.linvosges-hotellerie.com\/de\/wp-json\/wp\/v2\/media\/36540"}],"wp:attachment":[{"href":"https:\/\/www.linvosges-hotellerie.com\/de\/wp-json\/wp\/v2\/media?parent=36535"}],"wp:term":[{"taxonomy":"label","embeddable":true,"href":"https:\/\/www.linvosges-hotellerie.com\/de\/wp-json\/wp\/v2\/label?post=36535"},{"taxonomy":"product_brand","embeddable":true,"href":"https:\/\/www.linvosges-hotellerie.com\/de\/wp-json\/wp\/v2\/product_brand?post=36535"},{"taxonomy":"product_cat","embeddable":true,"href":"https:\/\/www.linvosges-hotellerie.com\/de\/wp-json\/wp\/v2\/product_cat?post=36535"},{"taxonomy":"product_tag","embeddable":true,"href":"https:\/\/www.linvosges-hotellerie.com\/de\/wp-json\/wp\/v2\/product_tag?post=36535"},{"taxonomy":"gamme","embeddable":true,"href":"https:\/\/www.linvosges-hotellerie.com\/de\/wp-json\/wp\/v2\/gamme?post=36535"},{"taxonomy":"matiere","embeddable":true,"href":"https:\/\/www.linvosges-hotellerie.com\/de\/wp-json\/wp\/v2\/matiere?post=36535"}],"curies":[{"name":"wp","href":"https:\/\/api.w.org\/{rel}","templated":true}]}}