{"id":36541,"date":"2020-11-27T12:47:41","date_gmt":"2020-11-27T11:47:41","guid":{"rendered":"https:\/\/www.linvosges-hotellerie.com\/unkategorisiert\/softimper-zip-bezug-aus-beschichteter-baumwolle\/"},"modified":"2020-11-27T12:47:41","modified_gmt":"2020-11-27T11:47:41","slug":"softimper-zip-bezug-aus-beschichteter-baumwolle","status":"publish","type":"product","link":"https:\/\/www.linvosges-hotellerie.com\/de\/outlet-alles-auf-50-reduziert\/softimper-zip-bezug-aus-beschichteter-baumwolle\/","title":{"rendered":"Softimper Zip-Bezug aus beschichteter Baumwolle"},"content":{"rendered":"<p>Dieser Unterbettbezug aus angerauter Baumwolle ist dank seiner Polyurethan-Beschichtung absolut wasserdicht. Dieser Schutz ist au\u00dferdem atmungsaktiv und ger\u00e4uscharm f\u00fcr einen ausgezeichneten Schlafkomfort.<\/p>\n<p>Rei\u00dfverschluss<\/p>\n","protected":false},"excerpt":{"rendered":"<p>Maschinenw\u00e4sche bei 60\u00b0.<br \/>\nChlor und Bleichmittel verboten<br \/>\nW\u00e4schetrockner verboten<br \/>\nB\u00fcgeln bei einer Temperatur von bis zu 110\u00b0, ohne Dampf<br \/>\nNicht chemisch reinigen<br \/>\n<span class=\"ginetex\">  4 o d n U  <\/span><\/p>\n","protected":false},"featured_media":36547,"template":"","meta":{"_acf_changed":false},"label":[],"product_brand":[],"product_cat":[1538],"product_tag":[],"gamme":[2372],"matiere":[1525,2373],"class_list":{"0":"post-36541","1":"product","2":"type-product","3":"status-publish","4":"has-post-thumbnail","6":"product_cat-outlet-alles-auf-50-reduziert","7":"pa_couleur-weis","8":"pa_dimensions-50-70-cm","9":"pa_dimensions-65-65-cm","10":"pa_grammage-200grs-m","11":"pa_matiere-aufgerauter-schwamm-aus-100-baumwolle-mit-polyurethan-beschichtung","12":"gamme-softimper-de","13":"matiere-baumwolle","14":"matiere-polyurethan","16":"first","17":"outofstock","18":"taxable","19":"shipping-taxable","20":"product-type-variable","21":"has-default-attributes"},"acf":[],"df_price":"","df_sale_price":"","df_regular_price":"","df_image_link":"https:\/\/www.linvosges-hotellerie.com\/wp-content\/uploads\/2020\/11\/SOFTIMPER-SOUS-TAIE-ZIP-65x65-5158301-300x300.png","_links":{"self":[{"href":"https:\/\/www.linvosges-hotellerie.com\/de\/wp-json\/wp\/v2\/product\/36541","targetHints":{"allow":["GET"]}}],"collection":[{"href":"https:\/\/www.linvosges-hotellerie.com\/de\/wp-json\/wp\/v2\/product"}],"about":[{"href":"https:\/\/www.linvosges-hotellerie.com\/de\/wp-json\/wp\/v2\/types\/product"}],"wp:featuredmedia":[{"embeddable":true,"href":"https:\/\/www.linvosges-hotellerie.com\/de\/wp-json\/wp\/v2\/media\/36547"}],"wp:attachment":[{"href":"https:\/\/www.linvosges-hotellerie.com\/de\/wp-json\/wp\/v2\/media?parent=36541"}],"wp:term":[{"taxonomy":"label","embeddable":true,"href":"https:\/\/www.linvosges-hotellerie.com\/de\/wp-json\/wp\/v2\/label?post=36541"},{"taxonomy":"product_brand","embeddable":true,"href":"https:\/\/www.linvosges-hotellerie.com\/de\/wp-json\/wp\/v2\/product_brand?post=36541"},{"taxonomy":"product_cat","embeddable":true,"href":"https:\/\/www.linvosges-hotellerie.com\/de\/wp-json\/wp\/v2\/product_cat?post=36541"},{"taxonomy":"product_tag","embeddable":true,"href":"https:\/\/www.linvosges-hotellerie.com\/de\/wp-json\/wp\/v2\/product_tag?post=36541"},{"taxonomy":"gamme","embeddable":true,"href":"https:\/\/www.linvosges-hotellerie.com\/de\/wp-json\/wp\/v2\/gamme?post=36541"},{"taxonomy":"matiere","embeddable":true,"href":"https:\/\/www.linvosges-hotellerie.com\/de\/wp-json\/wp\/v2\/matiere?post=36541"}],"curies":[{"name":"wp","href":"https:\/\/api.w.org\/{rel}","templated":true}]}}