{"id":36676,"date":"2020-12-16T03:50:33","date_gmt":"2020-12-16T02:50:33","guid":{"rendered":"https:\/\/www.linvosges-hotellerie.com\/unkategorisiert\/kissenbezug-mit-gesteppten-rueschen-anais\/"},"modified":"2020-12-16T03:50:33","modified_gmt":"2020-12-16T02:50:33","slug":"kissenbezug-mit-gesteppten-rueschen-anais","status":"publish","type":"product","link":"https:\/\/www.linvosges-hotellerie.com\/de\/bettwasche\/kopfkissenbezug\/kissenbezug-mit-gesteppten-rueschen-anais\/","title":{"rendered":"Kissenbezug mit gesteppten R\u00fcschen Ana\u00efs"},"content":{"rendered":"<p>Kopfkissenbezug aus Perkal-Polybaumwolle 180 F\u00e4den\/in\u00b2. Die Webart aus langen, sich kreuzenden und dichten F\u00e4den verleiht ihm eine hohe Festigkeit.<br \/>\nDie Mischung aus Baumwolle und Polyester macht die Pflege Ihrer W\u00e4sche einfacher, d.h. schnelleres Trocknen und leichteres B\u00fcgeln.<\/p>\n<p>Kissenbezugsgr\u00f6\u00dfen quadratisch oder rechteckig :<br \/>\n60&#215;60, 65&#215;65, 45&#215;70, 50&#215;70, 50&#215;75<\/p>\n<p>Kopfkissenbezug :<br \/>\n&#8211; Taschenform mit Innenklappe Brieftasche<br \/>\n&#8211; 4 cm breiter gesteppter Volant rundum mit innerer Brieftaschenklappe<\/p>\n","protected":false},"excerpt":{"rendered":"<p>Maschinenw\u00e4sche bei 95\u00b0.<br \/>\nBleichen m\u00f6glich<br \/>\nTrocknen im Tumbler bei 60\u00b0.<br \/>\nB\u00fcgeln bei einer Temperatur von maximal 150\u00b0 C<br \/>\nNicht chemisch reinigen<\/p>\n<p><span class=\"ginetex\">  2 u s b U  <\/span><\/p>\n","protected":false},"featured_media":29283,"template":"","meta":{"_acf_changed":false},"label":[],"product_brand":[],"product_cat":[2392],"product_tag":[],"gamme":[1636],"matiere":[1637],"class_list":{"0":"post-36676","1":"product","2":"type-product","3":"status-publish","4":"has-post-thumbnail","6":"product_cat-kopfkissenbezug","7":"pa_couleur-weis","8":"pa_dimensions-50-70-cm","9":"pa_dimensions-50-75-cm","10":"pa_dimensions-60-60-cm","11":"pa_dimensions-65-65-cm","12":"pa_grammage-110grs-m","13":"pa_matiere-50-baumwolle-50-polyester","14":"gamme-anais-de","15":"matiere-polycotton","17":"first","18":"instock","19":"taxable","20":"shipping-taxable","21":"purchasable","22":"product-type-variable","23":"has-default-attributes"},"acf":[],"df_price":4.38,"df_sale_price":"","df_regular_price":4.38,"df_image_link":"https:\/\/www.linvosges-hotellerie.com\/wp-content\/uploads\/2020\/12\/linge-de-lit-percale-polycoton-uni-anais-110-grs-m2-hotel-professionnel-linvosges-hotellerie-3-300x300.jpg","_links":{"self":[{"href":"https:\/\/www.linvosges-hotellerie.com\/de\/wp-json\/wp\/v2\/product\/36676","targetHints":{"allow":["GET"]}}],"collection":[{"href":"https:\/\/www.linvosges-hotellerie.com\/de\/wp-json\/wp\/v2\/product"}],"about":[{"href":"https:\/\/www.linvosges-hotellerie.com\/de\/wp-json\/wp\/v2\/types\/product"}],"wp:featuredmedia":[{"embeddable":true,"href":"https:\/\/www.linvosges-hotellerie.com\/de\/wp-json\/wp\/v2\/media\/29283"}],"wp:attachment":[{"href":"https:\/\/www.linvosges-hotellerie.com\/de\/wp-json\/wp\/v2\/media?parent=36676"}],"wp:term":[{"taxonomy":"label","embeddable":true,"href":"https:\/\/www.linvosges-hotellerie.com\/de\/wp-json\/wp\/v2\/label?post=36676"},{"taxonomy":"product_brand","embeddable":true,"href":"https:\/\/www.linvosges-hotellerie.com\/de\/wp-json\/wp\/v2\/product_brand?post=36676"},{"taxonomy":"product_cat","embeddable":true,"href":"https:\/\/www.linvosges-hotellerie.com\/de\/wp-json\/wp\/v2\/product_cat?post=36676"},{"taxonomy":"product_tag","embeddable":true,"href":"https:\/\/www.linvosges-hotellerie.com\/de\/wp-json\/wp\/v2\/product_tag?post=36676"},{"taxonomy":"gamme","embeddable":true,"href":"https:\/\/www.linvosges-hotellerie.com\/de\/wp-json\/wp\/v2\/gamme?post=36676"},{"taxonomy":"matiere","embeddable":true,"href":"https:\/\/www.linvosges-hotellerie.com\/de\/wp-json\/wp\/v2\/matiere?post=36676"}],"curies":[{"name":"wp","href":"https:\/\/api.w.org\/{rel}","templated":true}]}}