{"id":36923,"date":"2020-12-16T03:51:04","date_gmt":"2020-12-16T02:51:04","guid":{"rendered":"https:\/\/www.linvosges-hotellerie.com\/unkategorisiert\/kissenbezug-mit-gesteppten-rueschen-faro\/"},"modified":"2026-04-17T00:08:11","modified_gmt":"2026-04-16T22:08:11","slug":"kissenbezug-mit-gesteppten-rueschen-faro","status":"publish","type":"product","link":"https:\/\/www.linvosges-hotellerie.com\/de\/bettwasche\/kopfkissenbezug\/kissenbezug-mit-gesteppten-rueschen-faro\/","title":{"rendered":"Kissenbezug mit gesteppten R\u00fcschen Faro"},"content":{"rendered":"<p>Dieser Kissenbezug aus gewaschenem Perkal 200 Filsxin\u00b2, der aus langen Baumwollfasern gewebt wurde, f\u00fchlt sich weich an und sieht leicht knittrig aus. \u00dcberfl\u00fcssiges B\u00fcgeln. Baumwolle ist ein edles Material und von Natur aus bequem und strapazierf\u00e4hig.<\/p>\n<p>Kissenbezugsgr\u00f6\u00dfen quadratisch oder rechteckig :<br \/>\n50&#215;70, 60&#215;60, 65&#215;65<\/p>\n<p>1,5 cm breiter gesteppter Volant rundum mit innerer Brieftaschenklappe<\/p>\n","protected":false},"excerpt":{"rendered":"<p>Maschinenw\u00e4sche bei 40\u00b0.<br \/>\nChlor und Bleichmittel verboten<br \/>\nTrocknen im Tumbler bei 60\u00b0.<br \/>\nB\u00fcgeln bei einer Temperatur von bis zu 110\u00b0, ohne Dampf<br \/>\nNicht chemisch reinigen<\/p>\n<p><span class=\"ginetex\">  8 o s n U  <\/span><\/p>\n","protected":false},"featured_media":29790,"template":"","meta":{"_acf_changed":false},"label":[],"product_brand":[],"product_cat":[2392],"product_tag":[],"gamme":[1708],"matiere":[1525],"class_list":{"0":"post-36923","1":"product","2":"type-product","3":"status-publish","4":"has-post-thumbnail","6":"product_cat-kopfkissenbezug","7":"pa_couleur-weis","8":"pa_dimensions-50-70-cm","9":"pa_dimensions-60-60-cm","10":"pa_dimensions-65-65-cm","11":"pa_grammage-110grs-m","12":"pa_matiere-100-baumwolle","13":"gamme-faro-de","14":"matiere-baumwolle","16":"first","17":"instock","18":"sale","19":"taxable","20":"shipping-taxable","21":"purchasable","22":"product-type-variable","23":"has-default-attributes"},"acf":[],"df_price":7.7,"df_sale_price":"","df_regular_price":7.7,"df_image_link":"https:\/\/www.linvosges-hotellerie.com\/wp-content\/uploads\/2020\/12\/linge-de-lit-percale-lavee-faro-coton-110-grs-m2-hotel-professionnel-linvosges-hotellerie-2-300x300.jpg","_links":{"self":[{"href":"https:\/\/www.linvosges-hotellerie.com\/de\/wp-json\/wp\/v2\/product\/36923","targetHints":{"allow":["GET"]}}],"collection":[{"href":"https:\/\/www.linvosges-hotellerie.com\/de\/wp-json\/wp\/v2\/product"}],"about":[{"href":"https:\/\/www.linvosges-hotellerie.com\/de\/wp-json\/wp\/v2\/types\/product"}],"wp:featuredmedia":[{"embeddable":true,"href":"https:\/\/www.linvosges-hotellerie.com\/de\/wp-json\/wp\/v2\/media\/29790"}],"wp:attachment":[{"href":"https:\/\/www.linvosges-hotellerie.com\/de\/wp-json\/wp\/v2\/media?parent=36923"}],"wp:term":[{"taxonomy":"label","embeddable":true,"href":"https:\/\/www.linvosges-hotellerie.com\/de\/wp-json\/wp\/v2\/label?post=36923"},{"taxonomy":"product_brand","embeddable":true,"href":"https:\/\/www.linvosges-hotellerie.com\/de\/wp-json\/wp\/v2\/product_brand?post=36923"},{"taxonomy":"product_cat","embeddable":true,"href":"https:\/\/www.linvosges-hotellerie.com\/de\/wp-json\/wp\/v2\/product_cat?post=36923"},{"taxonomy":"product_tag","embeddable":true,"href":"https:\/\/www.linvosges-hotellerie.com\/de\/wp-json\/wp\/v2\/product_tag?post=36923"},{"taxonomy":"gamme","embeddable":true,"href":"https:\/\/www.linvosges-hotellerie.com\/de\/wp-json\/wp\/v2\/gamme?post=36923"},{"taxonomy":"matiere","embeddable":true,"href":"https:\/\/www.linvosges-hotellerie.com\/de\/wp-json\/wp\/v2\/matiere?post=36923"}],"curies":[{"name":"wp","href":"https:\/\/api.w.org\/{rel}","templated":true}]}}