{"id":36977,"date":"2020-12-16T03:51:12","date_gmt":"2020-12-16T02:51:12","guid":{"rendered":"https:\/\/www.linvosges-hotellerie.com\/unkategorisiert\/kissenbezug-mit-gesteppten-rueschen-ecume\/"},"modified":"2020-12-16T03:51:12","modified_gmt":"2020-12-16T02:51:12","slug":"kissenbezug-mit-gesteppten-rueschen-ecume","status":"publish","type":"product","link":"https:\/\/www.linvosges-hotellerie.com\/de\/bettwasche\/kopfkissenbezug\/kissenbezug-mit-gesteppten-rueschen-ecume\/","title":{"rendered":"Kissenbezug mit gesteppten R\u00fcschen Ecume"},"content":{"rendered":"<p>Kissenbezug 1 Seite glatt x 1 Seite Seersucker. Der gepr\u00e4gte Stoff verleiht dieser Serie aus Perkal 200filsxin\u00b2 einen Hauch von schlichter Originalit\u00e4t. Seersucker ist das Ergebnis einer Webtechnik, bei der durch die Aus\u00fcbung unterschiedlicher Spannungen ein Stoff entsteht, der auf der Unterseite glatt und auf der Oberfl\u00e4che gepr\u00e4gt ist. Dieses Relief verleiht dem Stoff die Besonderheit, atmungsaktiv und leicht zu sein, daher der Name unserer Serie Ecume.<br \/>\nBaumwolle ist ein edles Material und von Natur aus bequem und strapazierf\u00e4hig.<\/p>\n<p>Kissenbezugsgr\u00f6\u00dfen quadratisch oder rechteckig :<br \/>\n60&#215;60, 65&#215;65, 50&#215;70, 50&#215;75<\/p>\n<p>Kopfkissenbezug :<br \/>\n&#8211; Taschenform mit Innenklappe Brieftasche<br \/>\n&#8211; 4 cm breiter gesteppter Volant rundum mit innerer Brieftaschenklappe<\/p>\n","protected":false},"excerpt":{"rendered":"<p>Maschinenw\u00e4sche bei 60\u00b0.<br \/>\nChlor und Bleichmittel verboten<br \/>\nTrocknen im Tumbler bei 60\u00b0.<br \/>\nB\u00fcgeln bei einer Temperatur von maximal 150\u00b0 C<br \/>\nNicht chemisch reinigen<\/p>\n<p><span class=\"ginetex\">  4 o s b U  <\/span><\/p>\n","protected":false},"featured_media":29959,"template":"","meta":{"_acf_changed":false},"label":[],"product_brand":[],"product_cat":[2392],"product_tag":[],"gamme":[1726],"matiere":[1525],"class_list":{"0":"post-36977","1":"product","2":"type-product","3":"status-publish","4":"has-post-thumbnail","6":"product_cat-kopfkissenbezug","7":"pa_couleur-weis","8":"pa_dimensions-50-70-cm","9":"pa_dimensions-50-75-cm","10":"pa_dimensions-60-60-cm","11":"pa_dimensions-65-65-cm","12":"pa_grammage-120grs-m","13":"pa_matiere-100-baumwolle","14":"gamme-schaum","15":"matiere-baumwolle","17":"first","18":"instock","19":"taxable","20":"shipping-taxable","21":"purchasable","22":"product-type-variable","23":"has-default-attributes"},"acf":[],"df_price":11.12,"df_sale_price":"","df_regular_price":11.12,"df_image_link":"https:\/\/www.linvosges-hotellerie.com\/wp-content\/uploads\/2020\/12\/ligne-de-lit-percale-seersucker-ecume-coton-120-grs-m2-hotel-professionnel-linvosges-hotellerie-3-300x300.jpg","_links":{"self":[{"href":"https:\/\/www.linvosges-hotellerie.com\/de\/wp-json\/wp\/v2\/product\/36977","targetHints":{"allow":["GET"]}}],"collection":[{"href":"https:\/\/www.linvosges-hotellerie.com\/de\/wp-json\/wp\/v2\/product"}],"about":[{"href":"https:\/\/www.linvosges-hotellerie.com\/de\/wp-json\/wp\/v2\/types\/product"}],"wp:featuredmedia":[{"embeddable":true,"href":"https:\/\/www.linvosges-hotellerie.com\/de\/wp-json\/wp\/v2\/media\/29959"}],"wp:attachment":[{"href":"https:\/\/www.linvosges-hotellerie.com\/de\/wp-json\/wp\/v2\/media?parent=36977"}],"wp:term":[{"taxonomy":"label","embeddable":true,"href":"https:\/\/www.linvosges-hotellerie.com\/de\/wp-json\/wp\/v2\/label?post=36977"},{"taxonomy":"product_brand","embeddable":true,"href":"https:\/\/www.linvosges-hotellerie.com\/de\/wp-json\/wp\/v2\/product_brand?post=36977"},{"taxonomy":"product_cat","embeddable":true,"href":"https:\/\/www.linvosges-hotellerie.com\/de\/wp-json\/wp\/v2\/product_cat?post=36977"},{"taxonomy":"product_tag","embeddable":true,"href":"https:\/\/www.linvosges-hotellerie.com\/de\/wp-json\/wp\/v2\/product_tag?post=36977"},{"taxonomy":"gamme","embeddable":true,"href":"https:\/\/www.linvosges-hotellerie.com\/de\/wp-json\/wp\/v2\/gamme?post=36977"},{"taxonomy":"matiere","embeddable":true,"href":"https:\/\/www.linvosges-hotellerie.com\/de\/wp-json\/wp\/v2\/matiere?post=36977"}],"curies":[{"name":"wp","href":"https:\/\/api.w.org\/{rel}","templated":true}]}}