{"id":37014,"date":"2020-12-16T03:51:14","date_gmt":"2020-12-16T02:51:14","guid":{"rendered":"https:\/\/www.linvosges-hotellerie.com\/unkategorisiert\/kissenbezug-mit-gesteppten-rueschen-ravenna\/"},"modified":"2026-04-29T00:06:49","modified_gmt":"2026-04-28T22:06:49","slug":"kissenbezug-mit-gesteppten-rueschen-ravenna","status":"publish","type":"product","link":"https:\/\/www.linvosges-hotellerie.com\/de\/bettwasche\/kopfkissenbezug\/kissenbezug-mit-gesteppten-rueschen-ravenna\/","title":{"rendered":"Kissenbezug mit gesteppten R\u00fcschen Ravenna"},"content":{"rendered":"<p>Die Auswahl der Garne und die Qualit\u00e4t des Gewebes verleihen diesem Kissenbezug aus Satin aus reiner Baumwolle eine au\u00dfergew\u00f6hnliche Weichheit. Baumwolle ist ein edles Material und von Natur aus bequem und strapazierf\u00e4hig.<br \/>\nSatinbindung 400 Filsxin\u00b2<\/p>\n<p>Abmessungen von quadratischen oder rechteckigen Kissenbez\u00fcgen :<br \/>\n50&#215;70, 60&#215;60, 65&#215;65<\/p>\n<p>1,5 cm breiter, abgesteppter Volant mit Innenklappe f\u00fcr die Brieftasche<\/p>\n","protected":false},"excerpt":{"rendered":"<p>Maschinenw\u00e4sche bei 60\u00b0.<br \/>\nChlor und Bleichmittel verboten<br \/>\nTrocknen im Tumbler bei 60\u00b0.<br \/>\nB\u00fcgeln bei einer Temperatur von maximal 150\u00b0 C<br \/>\nZur chemischen Reinigung zugelassene Produkte: Kohlenwasserstoffe<\/p>\n<p><span class=\"ginetex\">  4 o s b W  <\/span><\/p>\n","protected":false},"featured_media":29950,"template":"","meta":{"_acf_changed":false},"label":[],"product_brand":[],"product_cat":[2392],"product_tag":[],"gamme":[1725],"matiere":[1525],"class_list":{"0":"post-37014","1":"product","2":"type-product","3":"status-publish","4":"has-post-thumbnail","6":"product_cat-kopfkissenbezug","7":"pa_couleur-weis","8":"pa_dimensions-50-70-cm","9":"pa_dimensions-60-60-cm","10":"pa_dimensions-65-65-cm","11":"pa_grammage-126grs-m","12":"pa_matiere-100-baumwolle","13":"gamme-ravenna-de","14":"matiere-baumwolle","16":"first","17":"instock","18":"taxable","19":"shipping-taxable","20":"purchasable","21":"product-type-variable","22":"has-default-attributes"},"acf":[],"df_price":7.74,"df_sale_price":"","df_regular_price":7.74,"df_image_link":"https:\/\/www.linvosges-hotellerie.com\/wp-content\/uploads\/2020\/12\/linge-de-lit-satin-ravenna-coton-126-grs-m2-hotel-professionnel-linvosges-hotellerie-3-300x300.jpg","_links":{"self":[{"href":"https:\/\/www.linvosges-hotellerie.com\/de\/wp-json\/wp\/v2\/product\/37014","targetHints":{"allow":["GET"]}}],"collection":[{"href":"https:\/\/www.linvosges-hotellerie.com\/de\/wp-json\/wp\/v2\/product"}],"about":[{"href":"https:\/\/www.linvosges-hotellerie.com\/de\/wp-json\/wp\/v2\/types\/product"}],"wp:featuredmedia":[{"embeddable":true,"href":"https:\/\/www.linvosges-hotellerie.com\/de\/wp-json\/wp\/v2\/media\/29950"}],"wp:attachment":[{"href":"https:\/\/www.linvosges-hotellerie.com\/de\/wp-json\/wp\/v2\/media?parent=37014"}],"wp:term":[{"taxonomy":"label","embeddable":true,"href":"https:\/\/www.linvosges-hotellerie.com\/de\/wp-json\/wp\/v2\/label?post=37014"},{"taxonomy":"product_brand","embeddable":true,"href":"https:\/\/www.linvosges-hotellerie.com\/de\/wp-json\/wp\/v2\/product_brand?post=37014"},{"taxonomy":"product_cat","embeddable":true,"href":"https:\/\/www.linvosges-hotellerie.com\/de\/wp-json\/wp\/v2\/product_cat?post=37014"},{"taxonomy":"product_tag","embeddable":true,"href":"https:\/\/www.linvosges-hotellerie.com\/de\/wp-json\/wp\/v2\/product_tag?post=37014"},{"taxonomy":"gamme","embeddable":true,"href":"https:\/\/www.linvosges-hotellerie.com\/de\/wp-json\/wp\/v2\/gamme?post=37014"},{"taxonomy":"matiere","embeddable":true,"href":"https:\/\/www.linvosges-hotellerie.com\/de\/wp-json\/wp\/v2\/matiere?post=37014"}],"curies":[{"name":"wp","href":"https:\/\/api.w.org\/{rel}","templated":true}]}}