{"id":37075,"date":"2020-12-16T03:51:21","date_gmt":"2020-12-16T02:51:21","guid":{"rendered":"https:\/\/www.linvosges-hotellerie.com\/unkategorisiert\/kissenbezug-mit-gesteppten-rueschen-evora\/"},"modified":"2026-04-16T01:07:22","modified_gmt":"2026-04-15T23:07:22","slug":"kissenbezug-mit-gesteppten-rueschen-evora","status":"publish","type":"product","link":"https:\/\/www.linvosges-hotellerie.com\/de\/bettwasche\/kopfkissenbezug\/kissenbezug-mit-gesteppten-rueschen-evora\/","title":{"rendered":"Kissenbezug mit gesteppten R\u00fcschen Evora"},"content":{"rendered":"<p>Kissenbezug mit samtigem Griff und mattem, leicht geknittertem Aussehen f\u00fcr einen modernen Stil. Das B\u00fcgeln ist \u00fcberfl\u00fcssig, was Zeit spart.<br \/>\nSatinbindung mit 300 dicht gewebten F\u00e4denxin\u00b2, die f\u00fcr Weichheit und Geschmeidigkeit sorgt.<br \/>\nBaumwolle ist ein edles Material, das von Natur aus komfortabel und strapazierf\u00e4hig ist.<\/p>\n<p>Kissenbezugsgr\u00f6\u00dfen quadratisch oder rechteckig :<br \/>\n50&#215;70, 60&#215;60, 65&#215;65<\/p>\n<p>1,5 cm breiter gesteppter Volant rundum mit innerer Brieftaschenklappe<\/p>\n","protected":false},"excerpt":{"rendered":"<p>Maschinenw\u00e4sche bei 40\u00b0.<br \/>\nChlor und Bleichmittel verboten<br \/>\nTrocknen im Tumbler bei 60\u00b0.<br \/>\nB\u00fcgeln bei einer Temperatur von bis zu 110\u00b0 ohne Dampf<br \/>\nNicht chemisch reinigen<\/p>\n<p><span class=\"ginetex\">  8 o s n U  <\/span><\/p>\n","protected":false},"featured_media":30135,"template":"","meta":{"_acf_changed":false},"label":[],"product_brand":[],"product_cat":[2392],"product_tag":[],"gamme":[1739],"matiere":[1525],"class_list":{"0":"post-37075","1":"product","2":"type-product","3":"status-publish","4":"has-post-thumbnail","6":"product_cat-kopfkissenbezug","7":"pa_couleur-weis","8":"pa_dimensions-50-70-cm","9":"pa_dimensions-60-60-cm","10":"pa_dimensions-65-65-cm","11":"pa_grammage-120grs-m","12":"pa_matiere-100-baumwolle","13":"gamme-evora-de","14":"matiere-baumwolle","16":"first","17":"instock","18":"taxable","19":"shipping-taxable","20":"purchasable","21":"product-type-variable","22":"has-default-attributes"},"acf":[],"df_price":8.11,"df_sale_price":"","df_regular_price":8.11,"df_image_link":"https:\/\/www.linvosges-hotellerie.com\/wp-content\/uploads\/2020\/12\/linge-de-lit-satin-lave-evora-coton-120-grs-m2-hotel-professionnel-linvosges-hotellerie-2-300x300.jpg","_links":{"self":[{"href":"https:\/\/www.linvosges-hotellerie.com\/de\/wp-json\/wp\/v2\/product\/37075","targetHints":{"allow":["GET"]}}],"collection":[{"href":"https:\/\/www.linvosges-hotellerie.com\/de\/wp-json\/wp\/v2\/product"}],"about":[{"href":"https:\/\/www.linvosges-hotellerie.com\/de\/wp-json\/wp\/v2\/types\/product"}],"wp:featuredmedia":[{"embeddable":true,"href":"https:\/\/www.linvosges-hotellerie.com\/de\/wp-json\/wp\/v2\/media\/30135"}],"wp:attachment":[{"href":"https:\/\/www.linvosges-hotellerie.com\/de\/wp-json\/wp\/v2\/media?parent=37075"}],"wp:term":[{"taxonomy":"label","embeddable":true,"href":"https:\/\/www.linvosges-hotellerie.com\/de\/wp-json\/wp\/v2\/label?post=37075"},{"taxonomy":"product_brand","embeddable":true,"href":"https:\/\/www.linvosges-hotellerie.com\/de\/wp-json\/wp\/v2\/product_brand?post=37075"},{"taxonomy":"product_cat","embeddable":true,"href":"https:\/\/www.linvosges-hotellerie.com\/de\/wp-json\/wp\/v2\/product_cat?post=37075"},{"taxonomy":"product_tag","embeddable":true,"href":"https:\/\/www.linvosges-hotellerie.com\/de\/wp-json\/wp\/v2\/product_tag?post=37075"},{"taxonomy":"gamme","embeddable":true,"href":"https:\/\/www.linvosges-hotellerie.com\/de\/wp-json\/wp\/v2\/gamme?post=37075"},{"taxonomy":"matiere","embeddable":true,"href":"https:\/\/www.linvosges-hotellerie.com\/de\/wp-json\/wp\/v2\/matiere?post=37075"}],"curies":[{"name":"wp","href":"https:\/\/api.w.org\/{rel}","templated":true}]}}