{"id":40465,"date":"2020-12-16T05:48:40","date_gmt":"2020-12-16T04:48:40","guid":{"rendered":"https:\/\/www.linvosges-hotellerie.com\/unkategorisiert\/rechteckige-tischdecke-saumur-2\/"},"modified":"2020-12-16T05:48:40","modified_gmt":"2020-12-16T04:48:40","slug":"rechteckige-tischdecke-saumur-2","status":"publish","type":"product","link":"https:\/\/www.linvosges-hotellerie.com\/de\/der-tisch\/tischwasche-nach-mas\/rechteckige-tischdecke-saumur-2\/","title":{"rendered":"Rechteckige Tischdecke Saumur"},"content":{"rendered":"<p>Polyester-Tischdecke mit Leineneffekt<br \/>\nPolyester-Tischdecken werden wegen ihrer Pflegeleichtigkeit gesch\u00e4tzt und bestechen durch ihren flie\u00dfenden Charakter.<\/p>\n<p>4 Oberfl\u00e4chen zur Auswahl :<br \/>\n&#8211; Einfacher Saum: 2 cm von der Kante f\u00fcr Tischdecken und 1 cm f\u00fcr Servietten entfernt abgesteppt &#8211; traditionelles klassisches Finish<br \/>\n&#8211; Ecken auf Gehrung 2 cm: Die 2 cm langen S\u00e4ume werden mit einer 45\u00b0-Naht zusammengef\u00fcgt, um perfekte Spitzen zu erzielen &#8211; raffiniertes Finish<br \/>\n&#8211; Ecken auf Gehrung 5 cm: Die 5 cm langen S\u00e4ume werden mit einer 45\u00b0-Naht zusammengef\u00fcgt, um perfekte Spitzen zu erzielen &#8211; sehr raffiniertes Finish.<br \/>\n&#8211; Innenschr\u00e4gband: 18 mm Schr\u00e4gband, das auf der R\u00fcckseite unsichtbar angen\u00e4ht wird &#8211; diese Ausf\u00fchrung ist runden Tischdecken vorbehalten, um sich den Rundungen des Stoffes anzupassen.<\/p>\n","protected":false},"excerpt":{"rendered":"<p>Maschinenw\u00e4sche bei 60\u00b0.<br \/>\nChlor und Bleichmittel verboten<br \/>\nTrocknen im Tumbler bei 60\u00b0.<br \/>\nB\u00fcgeln bei einer Temperatur von maximal 150\u00b0 C<br \/>\nF\u00fcr die chemische Reinigung zugelassene Produkte: Perchlorethylen, Kohlenwasserstoffe<\/p>\n<p><span class=\"ginetex\">  4 o s b W  <\/span><\/p>\n","protected":false},"featured_media":31947,"template":"","meta":{"_acf_changed":false},"label":[],"product_brand":[],"product_cat":[1885,1960,2426,1884],"product_tag":[],"gamme":[2217],"matiere":[1765],"class_list":{"0":"post-40465","1":"product","2":"type-product","3":"status-publish","4":"has-post-thumbnail","6":"product_cat-der-tisch","7":"product_cat-polyester-de","8":"product_cat-tischdecke-nach-mas","9":"product_cat-tischwasche-nach-mas","10":"pa_couleur-beige-de","11":"pa_couleur-elfenbein","12":"pa_couleur-grau","13":"pa_couleur-haselnuss","14":"pa_couleur-lin-de","15":"pa_couleur-schwarz","16":"pa_couleur-weis","17":"pa_dimensions-90x130-cm","18":"pa_finition-ecken-auf-gehrung-2-cm","19":"pa_finition-ecken-auf-gehrung-5-cm","20":"pa_finition-einfache-burlet","21":"pa_grammage-286grs-m","22":"pa_matiere-100-polyester-de","23":"gamme-saumur-de","24":"matiere-polyester-de","26":"first","27":"instock","28":"taxable","29":"shipping-taxable","30":"purchasable","31":"product-type-variable","32":"has-default-attributes"},"acf":[],"df_price":"","df_sale_price":"","df_regular_price":"","df_image_link":"https:\/\/www.linvosges-hotellerie.com\/wp-content\/uploads\/2020\/12\/linge-de-table-saumur-polyester-286-grs-m2-professionnel-restaurant-linvosges-hotellerie-300x300.jpg","_links":{"self":[{"href":"https:\/\/www.linvosges-hotellerie.com\/de\/wp-json\/wp\/v2\/product\/40465","targetHints":{"allow":["GET"]}}],"collection":[{"href":"https:\/\/www.linvosges-hotellerie.com\/de\/wp-json\/wp\/v2\/product"}],"about":[{"href":"https:\/\/www.linvosges-hotellerie.com\/de\/wp-json\/wp\/v2\/types\/product"}],"wp:featuredmedia":[{"embeddable":true,"href":"https:\/\/www.linvosges-hotellerie.com\/de\/wp-json\/wp\/v2\/media\/31947"}],"wp:attachment":[{"href":"https:\/\/www.linvosges-hotellerie.com\/de\/wp-json\/wp\/v2\/media?parent=40465"}],"wp:term":[{"taxonomy":"label","embeddable":true,"href":"https:\/\/www.linvosges-hotellerie.com\/de\/wp-json\/wp\/v2\/label?post=40465"},{"taxonomy":"product_brand","embeddable":true,"href":"https:\/\/www.linvosges-hotellerie.com\/de\/wp-json\/wp\/v2\/product_brand?post=40465"},{"taxonomy":"product_cat","embeddable":true,"href":"https:\/\/www.linvosges-hotellerie.com\/de\/wp-json\/wp\/v2\/product_cat?post=40465"},{"taxonomy":"product_tag","embeddable":true,"href":"https:\/\/www.linvosges-hotellerie.com\/de\/wp-json\/wp\/v2\/product_tag?post=40465"},{"taxonomy":"gamme","embeddable":true,"href":"https:\/\/www.linvosges-hotellerie.com\/de\/wp-json\/wp\/v2\/gamme?post=40465"},{"taxonomy":"matiere","embeddable":true,"href":"https:\/\/www.linvosges-hotellerie.com\/de\/wp-json\/wp\/v2\/matiere?post=40465"}],"curies":[{"name":"wp","href":"https:\/\/api.w.org\/{rel}","templated":true}]}}