{"id":44225,"date":"2020-12-16T05:44:00","date_gmt":"2020-12-16T04:44:00","guid":{"rendered":"https:\/\/www.linvosges-hotellerie.com\/unkategorisiert\/quadratische-tischdecke-ribes\/"},"modified":"2020-12-16T05:44:00","modified_gmt":"2020-12-16T04:44:00","slug":"quadratische-tischdecke-ribes","status":"publish","type":"product","link":"https:\/\/www.linvosges-hotellerie.com\/de\/der-tisch\/tischwasche-nach-mas\/quadratische-tischdecke-ribes\/","title":{"rendered":"Quadratische Tischdecke Ribes"},"content":{"rendered":"<p>Texturierte Tischdecke aus Polycotton-Jacquardgewebe mit unregelm\u00e4\u00dfiger Webart, die ein authentisches Aussehen verleiht.<br \/>\nDie Mischung aus Baumwolle und Polyester verleiht dem Stoff Geschmeidigkeit und Festigkeit und macht ihn pflegeleicht, d.h. schneller trocknend und leichter zu b\u00fcgeln.<\/p>\n<p>4 Oberfl\u00e4chen zur Auswahl :<br \/>\n&#8211; Einfacher Saum: 2 cm von der Kante f\u00fcr Tischdecken und 1 cm f\u00fcr Servietten entfernt abgesteppt &#8211; traditionelles klassisches Finish<br \/>\n&#8211; Ecken auf Gehrung 2 cm: Die 2 cm langen S\u00e4ume werden mit einer 45\u00b0-Naht zusammengef\u00fcgt, um perfekte Spitzen zu erzielen &#8211; raffiniertes Finish<br \/>\n&#8211; Ecken auf Gehrung 5 cm: Die 5 cm langen S\u00e4ume werden mit einer 45\u00b0-Naht zusammengef\u00fcgt, um perfekte Spitzen zu erzielen &#8211; sehr raffiniertes Finish.<br \/>\n&#8211; Innenschr\u00e4gband: 18 mm Schr\u00e4gband, das auf der R\u00fcckseite unsichtbar angen\u00e4ht wird &#8211; diese Ausf\u00fchrung ist runden Tischdecken vorbehalten, um sich den Rundungen des Stoffes anzupassen.<\/p>\n","protected":false},"excerpt":{"rendered":"<p>Maschinenw\u00e4sche bei 95\u00b0.<br \/>\nBleichen m\u00f6glich<br \/>\nNicht maschinell trocknen<br \/>\nB\u00fcgeln bei einer Temperatur von maximal 150\u00b0 C<br \/>\nF\u00fcr die chemische Reinigung zugelassene Produkte: Perchlorethylen, Kohlenwasserstoffe<\/p>\n<p><span class=\"ginetex\"> 2 u d b W <\/span><\/p>\n","protected":false},"featured_media":31836,"template":"","meta":{"_acf_changed":false},"label":[],"product_brand":[],"product_cat":[1885,1917,2426,1884],"product_tag":[],"gamme":[2191],"matiere":[1637],"class_list":{"0":"post-44225","1":"product","2":"type-product","3":"status-publish","4":"has-post-thumbnail","6":"product_cat-der-tisch","7":"product_cat-polycotton-de-2","8":"product_cat-tischdecke-nach-mas","9":"product_cat-tischwasche-nach-mas","10":"pa_couleur-anthrazit","11":"pa_couleur-perle-de","12":"pa_couleur-schokolade","13":"pa_couleur-weis-sand","14":"pa_dimensions-130x130-cm","15":"pa_dimensions-140x140-cm","16":"pa_finition-ecken-auf-gehrung-2-cm","17":"pa_finition-ecken-auf-gehrung-5-cm","18":"pa_finition-einfache-burlet","19":"pa_grammage-280grs-m","20":"pa_matiere-51-baumwolle-49-polyester","21":"gamme-ribes-de","22":"matiere-polycotton","24":"first","25":"instock","26":"taxable","27":"shipping-taxable","28":"purchasable","29":"product-type-variable","30":"has-default-attributes"},"acf":[],"df_price":"","df_sale_price":"","df_regular_price":"","df_image_link":"https:\/\/www.linvosges-hotellerie.com\/wp-content\/uploads\/2020\/12\/linge-de-table-ribes-51-pour-cent-coton-49-pour-cent-polyester-280-grs-m2-professionnel-restaurant-linvosges-hotellerie-300x300.jpg","_links":{"self":[{"href":"https:\/\/www.linvosges-hotellerie.com\/de\/wp-json\/wp\/v2\/product\/44225","targetHints":{"allow":["GET"]}}],"collection":[{"href":"https:\/\/www.linvosges-hotellerie.com\/de\/wp-json\/wp\/v2\/product"}],"about":[{"href":"https:\/\/www.linvosges-hotellerie.com\/de\/wp-json\/wp\/v2\/types\/product"}],"wp:featuredmedia":[{"embeddable":true,"href":"https:\/\/www.linvosges-hotellerie.com\/de\/wp-json\/wp\/v2\/media\/31836"}],"wp:attachment":[{"href":"https:\/\/www.linvosges-hotellerie.com\/de\/wp-json\/wp\/v2\/media?parent=44225"}],"wp:term":[{"taxonomy":"label","embeddable":true,"href":"https:\/\/www.linvosges-hotellerie.com\/de\/wp-json\/wp\/v2\/label?post=44225"},{"taxonomy":"product_brand","embeddable":true,"href":"https:\/\/www.linvosges-hotellerie.com\/de\/wp-json\/wp\/v2\/product_brand?post=44225"},{"taxonomy":"product_cat","embeddable":true,"href":"https:\/\/www.linvosges-hotellerie.com\/de\/wp-json\/wp\/v2\/product_cat?post=44225"},{"taxonomy":"product_tag","embeddable":true,"href":"https:\/\/www.linvosges-hotellerie.com\/de\/wp-json\/wp\/v2\/product_tag?post=44225"},{"taxonomy":"gamme","embeddable":true,"href":"https:\/\/www.linvosges-hotellerie.com\/de\/wp-json\/wp\/v2\/gamme?post=44225"},{"taxonomy":"matiere","embeddable":true,"href":"https:\/\/www.linvosges-hotellerie.com\/de\/wp-json\/wp\/v2\/matiere?post=44225"}],"curies":[{"name":"wp","href":"https:\/\/api.w.org\/{rel}","templated":true}]}}