{"id":47537,"date":"2020-12-16T05:44:40","date_gmt":"2020-12-16T04:44:40","guid":{"rendered":"https:\/\/www.linvosges-hotellerie.com\/unkategorisiert\/rechteckige-tischdecke-bolzano\/"},"modified":"2024-06-11T10:29:22","modified_gmt":"2024-06-11T08:29:22","slug":"rechteckige-tischdecke-bolzano","status":"publish","type":"product","link":"https:\/\/www.linvosges-hotellerie.com\/de\/der-tisch\/tischwasche-nach-mas\/rechteckige-tischdecke-bolzano\/","title":{"rendered":"Rechteckige Tischdecke Bolzano"},"content":{"rendered":"<p>Polylin-Tischdecke mit rustikaler und schicker Ausstrahlung<br \/>\nDie Mischung aus Leinen und Polyester macht die Pflege Ihrer W\u00e4sche einfacher, d.h. schnelleres Trocknen und leichteres B\u00fcgeln.<\/p>\n<p>4 Oberfl\u00e4chen zur Auswahl :<br \/>\n&#8211; Einfacher Saum: 2 cm von der Kante f\u00fcr Tischdecken und 1 cm f\u00fcr Servietten entfernt abgesteppt &#8211; traditionelles klassisches Finish<br \/>\n&#8211; Ecken auf Gehrung 2 cm: Die 2 cm langen S\u00e4ume werden mit einer 45\u00b0-Naht zusammengef\u00fcgt, um perfekte Spitzen zu erzielen &#8211; raffiniertes Finish<br \/>\n&#8211; Ecken auf Gehrung 5 cm: Die 5 cm langen S\u00e4ume werden mit einer 45\u00b0-Naht zusammengef\u00fcgt, um perfekte Spitzen zu erzielen &#8211; sehr raffiniertes Finish.<br \/>\n&#8211; Innenschr\u00e4gband: 18 mm Schr\u00e4gband, das auf der R\u00fcckseite unsichtbar angen\u00e4ht wird &#8211; diese Ausf\u00fchrung ist runden Tischdecken vorbehalten, um sich den Rundungen des Stoffes anzupassen.<\/p>\n","protected":false},"excerpt":{"rendered":"<p>Maschinenw\u00e4sche bei 70\u00b0.<br \/>\nBleichen m\u00f6glich<br \/>\nTrocknen im Tumbler bei 60\u00b0.<br \/>\nB\u00fcgeln bei einer Temperatur von maximal 200\u00b0 C<br \/>\nF\u00fcr die chemische Reinigung zugelassene Produkte: Perchlorethylen, Kohlenwasserstoffe<\/p>\n<p><span class=\"ginetex\"> 3 u s v W <\/span><\/p>\n","protected":false},"featured_media":31139,"template":"","meta":{"_acf_changed":false},"label":[],"product_brand":[],"product_cat":[1885,1987,2426,1884],"product_tag":[],"gamme":[1982],"matiere":[],"class_list":{"0":"post-47537","1":"product","2":"type-product","3":"status-publish","4":"has-post-thumbnail","6":"product_cat-der-tisch","7":"product_cat-flachs-und-mischlinge","8":"product_cat-tischdecke-nach-mas","9":"product_cat-tischwasche-nach-mas","10":"pa_couleur-marengo-de","11":"pa_couleur-natur","12":"pa_couleur-perle-de","13":"pa_couleur-weis","14":"pa_couleur-wild","15":"pa_dimensions-130x170-cm","16":"pa_dimensions-140x180-cm","17":"pa_finition-ecken-auf-gehrung-2-cm","18":"pa_finition-ecken-auf-gehrung-5-cm","19":"pa_finition-einfache-burlet","20":"pa_grammage-237-grs-m","21":"pa_matiere-45-leinen-55-polyester","22":"gamme-bozen","24":"first","25":"instock","26":"taxable","27":"shipping-taxable","28":"purchasable","29":"product-type-variable","30":"has-default-attributes"},"acf":[],"df_price":"","df_sale_price":"","df_regular_price":"","df_image_link":"https:\/\/www.linvosges-hotellerie.com\/wp-content\/uploads\/2020\/12\/linge-de-table-bolzano-45-pour-cent-lin-55-pour-cent-polyester-237-grs-m2-professionnel-restaurant-linvosges-hotellerie-300x300.jpg","_links":{"self":[{"href":"https:\/\/www.linvosges-hotellerie.com\/de\/wp-json\/wp\/v2\/product\/47537","targetHints":{"allow":["GET"]}}],"collection":[{"href":"https:\/\/www.linvosges-hotellerie.com\/de\/wp-json\/wp\/v2\/product"}],"about":[{"href":"https:\/\/www.linvosges-hotellerie.com\/de\/wp-json\/wp\/v2\/types\/product"}],"wp:featuredmedia":[{"embeddable":true,"href":"https:\/\/www.linvosges-hotellerie.com\/de\/wp-json\/wp\/v2\/media\/31139"}],"wp:attachment":[{"href":"https:\/\/www.linvosges-hotellerie.com\/de\/wp-json\/wp\/v2\/media?parent=47537"}],"wp:term":[{"taxonomy":"label","embeddable":true,"href":"https:\/\/www.linvosges-hotellerie.com\/de\/wp-json\/wp\/v2\/label?post=47537"},{"taxonomy":"product_brand","embeddable":true,"href":"https:\/\/www.linvosges-hotellerie.com\/de\/wp-json\/wp\/v2\/product_brand?post=47537"},{"taxonomy":"product_cat","embeddable":true,"href":"https:\/\/www.linvosges-hotellerie.com\/de\/wp-json\/wp\/v2\/product_cat?post=47537"},{"taxonomy":"product_tag","embeddable":true,"href":"https:\/\/www.linvosges-hotellerie.com\/de\/wp-json\/wp\/v2\/product_tag?post=47537"},{"taxonomy":"gamme","embeddable":true,"href":"https:\/\/www.linvosges-hotellerie.com\/de\/wp-json\/wp\/v2\/gamme?post=47537"},{"taxonomy":"matiere","embeddable":true,"href":"https:\/\/www.linvosges-hotellerie.com\/de\/wp-json\/wp\/v2\/matiere?post=47537"}],"curies":[{"name":"wp","href":"https:\/\/api.w.org\/{rel}","templated":true}]}}