{"id":48608,"date":"2020-12-16T05:46:18","date_gmt":"2020-12-16T04:46:18","guid":{"rendered":"https:\/\/www.linvosges-hotellerie.com\/unkategorisiert\/runde-beschichtete-tischdecke-lino\/"},"modified":"2020-12-16T05:46:18","modified_gmt":"2020-12-16T04:46:18","slug":"runde-beschichtete-tischdecke-lino","status":"publish","type":"product","link":"https:\/\/www.linvosges-hotellerie.com\/de\/der-tisch\/tischwasche-nach-mas\/runde-beschichtete-tischdecke-lino\/","title":{"rendered":"Runde beschichtete Tischdecke Lino"},"content":{"rendered":"<p>Eine weiche, pflegeleichte Beschichtung, die die Fasern des Mischgewebes f\u00fcr einen rustikalen Look sichtbar macht.<br \/>\nDiese Tischdecke ist ein sch\u00f6ner Kompromiss zwischen einer Stofftischdecke f\u00fcr einen weichen Fall und einem Wachstuch f\u00fcr eine einfache Pflege mit dem Schwamm.<\/p>\n<p>3 Oberfl\u00e4chen zur Auswahl :<br \/>\n&#8211; Einfacher Saum: 2 cm vom Rand entfernt f\u00fcr Tischdecken abgesteppt &#8211; traditionelles klassisches Finish<br \/>\n&#8211; Ecken auf Gehrung 2 cm: Die 2 cm langen S\u00e4ume werden mit einer 45\u00b0-Naht zusammengef\u00fcgt, um perfekte Spitzen zu erzielen &#8211; raffiniertes Finish<br \/>\n&#8211; Innenschr\u00e4gband: 18 mm Schr\u00e4gband, das auf der R\u00fcckseite unsichtbar angen\u00e4ht wird &#8211; diese Ausf\u00fchrung ist runden Tischdecken vorbehalten, um sich den Rundungen des Stoffes anzupassen.<\/p>\n","protected":false},"excerpt":{"rendered":"<p>Maschinenw\u00e4sche bei 30\u00b0.<br \/>\nChlor und Bleichmittel verboten<br \/>\nNicht maschinell trocknen<br \/>\nB\u00fcgeln bei einer Temperatur von bis zu 110\u00b0 ohne Dampf<br \/>\nF\u00fcr die chemische Reinigung zugelassene Produkte: Perchlorethylen, Kohlenwasserstoffe<\/p>\n<p><span class=\"ginetex\"> w o d n W <\/span><\/p>\n","protected":false},"featured_media":31605,"template":"","meta":{"_acf_changed":false},"label":[],"product_brand":[],"product_cat":[1885,2426,1884,2139],"product_tag":[],"gamme":[2130],"matiere":[],"class_list":{"0":"post-48608","1":"product","2":"type-product","3":"status-publish","4":"has-post-thumbnail","6":"product_cat-der-tisch","7":"product_cat-tischdecke-nach-mas","8":"product_cat-tischwasche-nach-mas","9":"product_cat-verputzen","10":"pa_couleur-anis-de","11":"pa_couleur-blau","12":"pa_couleur-bordeaux-de","13":"pa_couleur-grau","14":"pa_couleur-himbeere","15":"pa_couleur-lin-de","16":"pa_couleur-orange-de","17":"pa_couleur-perle-de","18":"pa_couleur-seil","19":"pa_dimensions-diametre-130","20":"pa_finition-innenschrage","21":"pa_grammage-190grs-m","22":"pa_matiere-55-leinen-45-baumwolle","23":"gamme-lino-de","25":"first","26":"outofstock","27":"taxable","28":"shipping-taxable","29":"purchasable","30":"product-type-variable","31":"has-default-attributes"},"acf":[],"df_price":"","df_sale_price":"","df_regular_price":"","df_image_link":"https:\/\/www.linvosges-hotellerie.com\/wp-content\/uploads\/2021\/01\/linge-de-table-lino-anis-professionnel-restaurant-linvosges-hotellerie-professionnel-restaurant-4-300x300.jpg","_links":{"self":[{"href":"https:\/\/www.linvosges-hotellerie.com\/de\/wp-json\/wp\/v2\/product\/48608","targetHints":{"allow":["GET"]}}],"collection":[{"href":"https:\/\/www.linvosges-hotellerie.com\/de\/wp-json\/wp\/v2\/product"}],"about":[{"href":"https:\/\/www.linvosges-hotellerie.com\/de\/wp-json\/wp\/v2\/types\/product"}],"wp:featuredmedia":[{"embeddable":true,"href":"https:\/\/www.linvosges-hotellerie.com\/de\/wp-json\/wp\/v2\/media\/31605"}],"wp:attachment":[{"href":"https:\/\/www.linvosges-hotellerie.com\/de\/wp-json\/wp\/v2\/media?parent=48608"}],"wp:term":[{"taxonomy":"label","embeddable":true,"href":"https:\/\/www.linvosges-hotellerie.com\/de\/wp-json\/wp\/v2\/label?post=48608"},{"taxonomy":"product_brand","embeddable":true,"href":"https:\/\/www.linvosges-hotellerie.com\/de\/wp-json\/wp\/v2\/product_brand?post=48608"},{"taxonomy":"product_cat","embeddable":true,"href":"https:\/\/www.linvosges-hotellerie.com\/de\/wp-json\/wp\/v2\/product_cat?post=48608"},{"taxonomy":"product_tag","embeddable":true,"href":"https:\/\/www.linvosges-hotellerie.com\/de\/wp-json\/wp\/v2\/product_tag?post=48608"},{"taxonomy":"gamme","embeddable":true,"href":"https:\/\/www.linvosges-hotellerie.com\/de\/wp-json\/wp\/v2\/gamme?post=48608"},{"taxonomy":"matiere","embeddable":true,"href":"https:\/\/www.linvosges-hotellerie.com\/de\/wp-json\/wp\/v2\/matiere?post=48608"}],"curies":[{"name":"wp","href":"https:\/\/api.w.org\/{rel}","templated":true}]}}