{"id":49290,"date":"2020-12-16T05:46:40","date_gmt":"2020-12-16T04:46:40","guid":{"rendered":"https:\/\/www.linvosges-hotellerie.com\/unkategorisiert\/rechteckige-tischdecke-dolce-coton-2\/"},"modified":"2020-12-16T05:46:40","modified_gmt":"2020-12-16T04:46:40","slug":"rechteckige-tischdecke-dolce-coton-2","status":"publish","type":"product","link":"https:\/\/www.linvosges-hotellerie.com\/de\/der-tisch\/tischwasche-nach-mas\/rechteckige-tischdecke-dolce-coton-2\/","title":{"rendered":"Rechteckige Tischdecke Dolce Coton"},"content":{"rendered":"<p>Ein Baumwoll-Topping, das die Struktur des Gewebes durchscheinen l\u00e4sst<br \/>\nBaumwolle ist ein edles Material, das von Natur aus komfortabel und strapazierf\u00e4hig ist und in Gourmet-Restaurants seinen Platz findet.<\/p>\n<p>4 Oberfl\u00e4chen zur Auswahl :<br \/>\n&#8211; Einfacher Saum: 2 cm von der Kante f\u00fcr Tischdecken und 1 cm f\u00fcr Servietten entfernt abgesteppt &#8211; traditionelles klassisches Finish<br \/>\n&#8211; Ecken auf Gehrung 2 cm: Die 2 cm langen S\u00e4ume werden mit einer 45\u00b0-Naht zusammengef\u00fcgt, um perfekte Spitzen zu erzielen &#8211; raffiniertes Finish<br \/>\n&#8211; Ecken auf Gehrung 5 cm: Die 5 cm langen S\u00e4ume werden mit einer 45\u00b0-Naht zusammengef\u00fcgt, um perfekte Spitzen zu erzielen &#8211; sehr raffiniertes Finish.<br \/>\n&#8211; Innenschr\u00e4gband: 18 mm Schr\u00e4gband, das auf der R\u00fcckseite unsichtbar angen\u00e4ht wird &#8211; diese Ausf\u00fchrung ist runden Tischdecken vorbehalten, um sich den Rundungen des Stoffes anzupassen.<\/p>\n","protected":false},"excerpt":{"rendered":"<p>Maschinenw\u00e4sche bei 60\u00b0.<br \/>\nChlor und Bleichmittel verboten<br \/>\nTrocknen im Tumbler bei 80\u00b0.<br \/>\nB\u00fcgeln bei einer Temperatur von maximal 200\u00b0 C<br \/>\nF\u00fcr die chemische Reinigung zugelassene Produkte: Perchlorethylen, Kohlenwasserstoffe<\/p>\n<p><span class=\"ginetex\"> 4 o a v W <\/span><\/p>\n","protected":false},"featured_media":31312,"template":"","meta":{"_acf_changed":false},"label":[],"product_brand":[],"product_cat":[1886,1885,2426,1884],"product_tag":[],"gamme":[2032],"matiere":[1525],"class_list":{"0":"post-49290","1":"product","2":"type-product","3":"status-publish","4":"has-post-thumbnail","6":"product_cat-baumwolle-de","7":"product_cat-der-tisch","8":"product_cat-tischdecke-nach-mas","9":"product_cat-tischwasche-nach-mas","10":"pa_couleur-asche","11":"pa_couleur-perle-de","12":"pa_couleur-pierre-de","13":"pa_dimensions-130x170-cm","14":"pa_dimensions-140x180-cm","15":"pa_finition-ecken-auf-gehrung-2-cm","16":"pa_finition-ecken-auf-gehrung-5-cm","17":"pa_finition-einfache-burlet","18":"pa_grammage-220grs-m","19":"pa_matiere-100-baumwolle","20":"gamme-dolce-cotton","21":"matiere-baumwolle","23":"first","24":"outofstock","25":"taxable","26":"shipping-taxable","27":"purchasable","28":"product-type-variable","29":"has-default-attributes"},"acf":[],"df_price":"","df_sale_price":"","df_regular_price":"","df_image_link":"https:\/\/www.linvosges-hotellerie.com\/wp-content\/uploads\/2020\/12\/linge-de-table-dolce-coton-coton-220-grs-m2-professionnel-restaurant-linvosges-hotellerie-300x300.jpg","_links":{"self":[{"href":"https:\/\/www.linvosges-hotellerie.com\/de\/wp-json\/wp\/v2\/product\/49290","targetHints":{"allow":["GET"]}}],"collection":[{"href":"https:\/\/www.linvosges-hotellerie.com\/de\/wp-json\/wp\/v2\/product"}],"about":[{"href":"https:\/\/www.linvosges-hotellerie.com\/de\/wp-json\/wp\/v2\/types\/product"}],"wp:featuredmedia":[{"embeddable":true,"href":"https:\/\/www.linvosges-hotellerie.com\/de\/wp-json\/wp\/v2\/media\/31312"}],"wp:attachment":[{"href":"https:\/\/www.linvosges-hotellerie.com\/de\/wp-json\/wp\/v2\/media?parent=49290"}],"wp:term":[{"taxonomy":"label","embeddable":true,"href":"https:\/\/www.linvosges-hotellerie.com\/de\/wp-json\/wp\/v2\/label?post=49290"},{"taxonomy":"product_brand","embeddable":true,"href":"https:\/\/www.linvosges-hotellerie.com\/de\/wp-json\/wp\/v2\/product_brand?post=49290"},{"taxonomy":"product_cat","embeddable":true,"href":"https:\/\/www.linvosges-hotellerie.com\/de\/wp-json\/wp\/v2\/product_cat?post=49290"},{"taxonomy":"product_tag","embeddable":true,"href":"https:\/\/www.linvosges-hotellerie.com\/de\/wp-json\/wp\/v2\/product_tag?post=49290"},{"taxonomy":"gamme","embeddable":true,"href":"https:\/\/www.linvosges-hotellerie.com\/de\/wp-json\/wp\/v2\/gamme?post=49290"},{"taxonomy":"matiere","embeddable":true,"href":"https:\/\/www.linvosges-hotellerie.com\/de\/wp-json\/wp\/v2\/matiere?post=49290"}],"curies":[{"name":"wp","href":"https:\/\/api.w.org\/{rel}","templated":true}]}}