{"id":50385,"date":"2020-12-16T02:33:00","date_gmt":"2020-12-16T01:33:00","guid":{"rendered":"https:\/\/www.linvosges-hotellerie.com\/unkategorisiert\/bettvorleger-aus-fell-kuscheltier\/"},"modified":"2020-12-16T02:33:00","modified_gmt":"2020-12-16T01:33:00","slug":"bettvorleger-aus-fell-kuscheltier","status":"publish","type":"product","link":"https:\/\/www.linvosges-hotellerie.com\/de\/outlet-alles-auf-50-reduziert\/bettvorleger-aus-fell-kuscheltier\/","title":{"rendered":"Bettvorleger aus Fell Kuscheltier"},"content":{"rendered":"<p>Ein Bettl\u00e4ufer aus ultraweichem Kunstpelz, der Ihren Hotelzimmern eine gem\u00fctliche Atmosph\u00e4re verleiht. Farblich abgestimmter Umschlag aus Velours<\/p>\n<p>Achtung: Begrenzte Best\u00e4nde<\/p>\n<p>*Wei\u00dfe Farbe ist ausverkauft<\/p>\n","protected":false},"excerpt":{"rendered":"<p>Maschinenw\u00e4sche bei 30\u00b0.<br \/>\nChlor und Bleichmittel verboten<br \/>\nW\u00e4schetrockner verboten<br \/>\nB\u00fcgeln bei einer Temperatur von bis zu 110\u00b0, ohne Dampf<br \/>\nF\u00fcr die chemische Reinigung zugelassene Produkte: Perchlorethylen, Kohlenwasserstoffe<\/p>\n<p><span class=\"ginetex\">  e o d n E  <\/span><\/p>\n","protected":false},"featured_media":50391,"template":"","meta":{"_acf_changed":false},"label":[],"product_brand":[],"product_cat":[1538],"product_tag":[],"gamme":[2453],"matiere":[1765],"class_list":{"0":"post-50385","1":"product","2":"type-product","3":"status-publish","4":"has-post-thumbnail","6":"product_cat-outlet-alles-auf-50-reduziert","7":"pa_couleur-dunkelgrau","8":"pa_couleur-turkis","9":"pa_dimensions-60-160-cm","10":"pa_dimensions-60-240-cm","11":"pa_grammage-745grs","12":"pa_matiere-100-polyester-de","13":"gamme-kuscheltier","14":"matiere-polyester-de","16":"first","17":"outofstock","18":"sale","19":"taxable","20":"shipping-taxable","21":"purchasable","22":"product-type-variable","23":"has-default-attributes"},"acf":[],"df_price":29.03,"df_sale_price":"","df_regular_price":29.03,"df_image_link":"https:\/\/www.linvosges-hotellerie.com\/wp-content\/uploads\/2020\/12\/Echarpe-de-lit-doudou-linvosges-hotellerie-web-300x300.jpg","_links":{"self":[{"href":"https:\/\/www.linvosges-hotellerie.com\/de\/wp-json\/wp\/v2\/product\/50385","targetHints":{"allow":["GET"]}}],"collection":[{"href":"https:\/\/www.linvosges-hotellerie.com\/de\/wp-json\/wp\/v2\/product"}],"about":[{"href":"https:\/\/www.linvosges-hotellerie.com\/de\/wp-json\/wp\/v2\/types\/product"}],"wp:featuredmedia":[{"embeddable":true,"href":"https:\/\/www.linvosges-hotellerie.com\/de\/wp-json\/wp\/v2\/media\/50391"}],"wp:attachment":[{"href":"https:\/\/www.linvosges-hotellerie.com\/de\/wp-json\/wp\/v2\/media?parent=50385"}],"wp:term":[{"taxonomy":"label","embeddable":true,"href":"https:\/\/www.linvosges-hotellerie.com\/de\/wp-json\/wp\/v2\/label?post=50385"},{"taxonomy":"product_brand","embeddable":true,"href":"https:\/\/www.linvosges-hotellerie.com\/de\/wp-json\/wp\/v2\/product_brand?post=50385"},{"taxonomy":"product_cat","embeddable":true,"href":"https:\/\/www.linvosges-hotellerie.com\/de\/wp-json\/wp\/v2\/product_cat?post=50385"},{"taxonomy":"product_tag","embeddable":true,"href":"https:\/\/www.linvosges-hotellerie.com\/de\/wp-json\/wp\/v2\/product_tag?post=50385"},{"taxonomy":"gamme","embeddable":true,"href":"https:\/\/www.linvosges-hotellerie.com\/de\/wp-json\/wp\/v2\/gamme?post=50385"},{"taxonomy":"matiere","embeddable":true,"href":"https:\/\/www.linvosges-hotellerie.com\/de\/wp-json\/wp\/v2\/matiere?post=50385"}],"curies":[{"name":"wp","href":"https:\/\/api.w.org\/{rel}","templated":true}]}}