{"id":51000,"date":"2020-12-16T02:33:05","date_gmt":"2020-12-16T01:33:05","guid":{"rendered":"https:\/\/www.linvosges-hotellerie.com\/unkategorisiert\/bettueberwurf-antilope-liso\/"},"modified":"2020-12-16T02:33:05","modified_gmt":"2020-12-16T01:33:05","slug":"bettueberwurf-antilope-liso","status":"publish","type":"product","link":"https:\/\/www.linvosges-hotellerie.com\/de\/outlet-alles-auf-50-reduziert\/bettueberwurf-antilope-liso\/","title":{"rendered":"Bett\u00fcberwurf Antilope Liso"},"content":{"rendered":"<p>Dieser Bett\u00fcberwurf ist in einer breiten Farbpalette erh\u00e4ltlich, so dass er sich in jedes Ambiente einf\u00fcgt. Aus doppelseitigem Wildleder in Pfirsichhautoptik. F\u00fcllung 100 g\/m2, breite Borte + kleine Karos + quadratische Ecken<\/p>\n","protected":false},"excerpt":{"rendered":"<p>Maschinenw\u00e4sche bei 40\u00b0 Feinw\u00e4sche<br \/>\nChlor und Bleichmittel verboten<br \/>\nTrocknen im Tumbler bei 60\u00b0.<br \/>\nB\u00fcgeln bei einer Temperatur von bis zu 110\u00b0, ohne Dampf<br \/>\nF\u00fcr die chemische Reinigung zugelassene Produkte: Perchlorethylen, Kohlenwasserstoffe<\/p>\n<p><span class=\"ginetex\">  9 o s n R  <\/span><\/p>\n","protected":false},"featured_media":51007,"template":"","meta":{"_acf_changed":false},"label":[],"product_brand":[],"product_cat":[1538],"product_tag":[],"gamme":[2494],"matiere":[1765],"class_list":{"0":"post-51000","1":"product","2":"type-product","3":"status-publish","4":"has-post-thumbnail","6":"product_cat-outlet-alles-auf-50-reduziert","7":"pa_couleur-anthrazit","8":"pa_couleur-blau","9":"pa_couleur-braun","10":"pa_couleur-dunkelgrau","11":"pa_couleur-ecru-de","12":"pa_couleur-elfenbein","13":"pa_couleur-grun","14":"pa_couleur-hellgrau","15":"pa_couleur-himbeere","16":"pa_couleur-land","17":"pa_couleur-rot","18":"pa_couleur-schokolade","19":"pa_couleur-taupe-de","20":"pa_couleur-wildleder","21":"pa_dimensions-180-260-cm","22":"pa_dimensions-230-260-cm","23":"pa_dimensions-245-260-cm","24":"pa_grammage-275grs-m","25":"pa_matiere-100-polyester-de","26":"gamme-liso-antilope","27":"matiere-polyester-de","29":"first","30":"outofstock","31":"sale","32":"taxable","33":"shipping-taxable","34":"purchasable","35":"product-type-variable","36":"has-default-attributes"},"acf":[],"df_price":35.87,"df_sale_price":"","df_regular_price":35.87,"df_image_link":"https:\/\/www.linvosges-hotellerie.com\/wp-content\/uploads\/2020\/12\/Couvre-lit-antilope-liso-linvosges-hotellerie-web-300x300.jpg","_links":{"self":[{"href":"https:\/\/www.linvosges-hotellerie.com\/de\/wp-json\/wp\/v2\/product\/51000","targetHints":{"allow":["GET"]}}],"collection":[{"href":"https:\/\/www.linvosges-hotellerie.com\/de\/wp-json\/wp\/v2\/product"}],"about":[{"href":"https:\/\/www.linvosges-hotellerie.com\/de\/wp-json\/wp\/v2\/types\/product"}],"wp:featuredmedia":[{"embeddable":true,"href":"https:\/\/www.linvosges-hotellerie.com\/de\/wp-json\/wp\/v2\/media\/51007"}],"wp:attachment":[{"href":"https:\/\/www.linvosges-hotellerie.com\/de\/wp-json\/wp\/v2\/media?parent=51000"}],"wp:term":[{"taxonomy":"label","embeddable":true,"href":"https:\/\/www.linvosges-hotellerie.com\/de\/wp-json\/wp\/v2\/label?post=51000"},{"taxonomy":"product_brand","embeddable":true,"href":"https:\/\/www.linvosges-hotellerie.com\/de\/wp-json\/wp\/v2\/product_brand?post=51000"},{"taxonomy":"product_cat","embeddable":true,"href":"https:\/\/www.linvosges-hotellerie.com\/de\/wp-json\/wp\/v2\/product_cat?post=51000"},{"taxonomy":"product_tag","embeddable":true,"href":"https:\/\/www.linvosges-hotellerie.com\/de\/wp-json\/wp\/v2\/product_tag?post=51000"},{"taxonomy":"gamme","embeddable":true,"href":"https:\/\/www.linvosges-hotellerie.com\/de\/wp-json\/wp\/v2\/gamme?post=51000"},{"taxonomy":"matiere","embeddable":true,"href":"https:\/\/www.linvosges-hotellerie.com\/de\/wp-json\/wp\/v2\/matiere?post=51000"}],"curies":[{"name":"wp","href":"https:\/\/api.w.org\/{rel}","templated":true}]}}