{"id":51123,"date":"2020-12-16T02:33:09","date_gmt":"2020-12-16T01:33:09","guid":{"rendered":"https:\/\/www.linvosges-hotellerie.com\/unkategorisiert\/bettueberwurf-etnico-8\/"},"modified":"2020-12-16T02:33:09","modified_gmt":"2020-12-16T01:33:09","slug":"bettueberwurf-etnico-8","status":"publish","type":"product","link":"https:\/\/www.linvosges-hotellerie.com\/de\/outlet-alles-auf-50-reduziert\/bettueberwurf-etnico-8\/","title":{"rendered":"Bett\u00fcberwurf Etnico 8"},"content":{"rendered":"<p>Das Ethno-Muster dieses Bett\u00fcberwurfs l\u00e4dt Ihre G\u00e4ste zu einer Reise ein. F\u00fcllung 150 g\/m2, abgerundete Ecken + Karosteppung 20 cm, Pfirsichhautfutter 100% Polyester<\/p>\n<p>Achtung: Begrenzte Best\u00e4nde<\/p>\n","protected":false},"excerpt":{"rendered":"<p>Maschinenw\u00e4sche bei 30\u00b0 Feinw\u00e4sche<br \/>\nChlor und Bleichmittel verboten<br \/>\nW\u00e4schetrockner verboten<br \/>\nB\u00fcgeln bei einer Temperatur von maximal 110\u00b0.<br \/>\nNicht chemisch reinigen<\/p>\n<p><span class=\"ginetex\"> e o d b U <\/span><\/p>\n","protected":false},"featured_media":51132,"template":"","meta":{"_acf_changed":false},"label":[],"product_brand":[],"product_cat":[1538],"product_tag":[],"gamme":[2523],"matiere":[1525,1637,1765],"class_list":{"0":"post-51123","1":"product","2":"type-product","3":"status-publish","4":"has-post-thumbnail","6":"product_cat-outlet-alles-auf-50-reduziert","7":"pa_couleur-blau","8":"pa_dimensions-180-260-cm","9":"pa_dimensions-230-260-cm","10":"pa_dimensions-250-260-cm","11":"pa_grammage-150grs-m","12":"pa_matiere-vorderseite-70-baumwolle-30-polyester-ruckseite-100-polyester-fullung-100-polyester","13":"gamme-etnico-8-de","14":"matiere-baumwolle","15":"matiere-polycotton","16":"matiere-polyester-de","18":"first","19":"outofstock","20":"sale","21":"taxable","22":"shipping-taxable","23":"purchasable","24":"product-type-variable","25":"has-default-attributes"},"acf":[],"df_price":24.12,"df_sale_price":"","df_regular_price":24.12,"df_image_link":"https:\/\/www.linvosges-hotellerie.com\/wp-content\/uploads\/2020\/12\/couvre-lit-matelasse-bleu-etnico-8-hotel-professionnel-linvosges-hotellerie-300x300.jpg","_links":{"self":[{"href":"https:\/\/www.linvosges-hotellerie.com\/de\/wp-json\/wp\/v2\/product\/51123","targetHints":{"allow":["GET"]}}],"collection":[{"href":"https:\/\/www.linvosges-hotellerie.com\/de\/wp-json\/wp\/v2\/product"}],"about":[{"href":"https:\/\/www.linvosges-hotellerie.com\/de\/wp-json\/wp\/v2\/types\/product"}],"wp:featuredmedia":[{"embeddable":true,"href":"https:\/\/www.linvosges-hotellerie.com\/de\/wp-json\/wp\/v2\/media\/51132"}],"wp:attachment":[{"href":"https:\/\/www.linvosges-hotellerie.com\/de\/wp-json\/wp\/v2\/media?parent=51123"}],"wp:term":[{"taxonomy":"label","embeddable":true,"href":"https:\/\/www.linvosges-hotellerie.com\/de\/wp-json\/wp\/v2\/label?post=51123"},{"taxonomy":"product_brand","embeddable":true,"href":"https:\/\/www.linvosges-hotellerie.com\/de\/wp-json\/wp\/v2\/product_brand?post=51123"},{"taxonomy":"product_cat","embeddable":true,"href":"https:\/\/www.linvosges-hotellerie.com\/de\/wp-json\/wp\/v2\/product_cat?post=51123"},{"taxonomy":"product_tag","embeddable":true,"href":"https:\/\/www.linvosges-hotellerie.com\/de\/wp-json\/wp\/v2\/product_tag?post=51123"},{"taxonomy":"gamme","embeddable":true,"href":"https:\/\/www.linvosges-hotellerie.com\/de\/wp-json\/wp\/v2\/gamme?post=51123"},{"taxonomy":"matiere","embeddable":true,"href":"https:\/\/www.linvosges-hotellerie.com\/de\/wp-json\/wp\/v2\/matiere?post=51123"}],"curies":[{"name":"wp","href":"https:\/\/api.w.org\/{rel}","templated":true}]}}