{"id":51270,"date":"2023-09-21T16:31:10","date_gmt":"2023-09-21T14:31:10","guid":{"rendered":"https:\/\/www.linvosges-hotellerie.com\/unkategorisiert\/polipro-bettueberwurf\/"},"modified":"2023-09-21T16:31:10","modified_gmt":"2023-09-21T14:31:10","slug":"polipro-bettueberwurf","status":"publish","type":"product","link":"https:\/\/www.linvosges-hotellerie.com\/de\/outlet-alles-auf-50-reduziert\/polipro-bettueberwurf\/","title":{"rendered":"Polipro Bett\u00fcberwurf"},"content":{"rendered":"<p>Die Jeans-Optik dieses Bett\u00fcberwurfs verleiht Ihrem Schlafzimmer einen Hauch von Phantasie. F\u00fcllung 150 g\/m2, abgerundete Ecken und 20 cm breite Karos. Gegen\u00fcber Pfirsichhaut.<\/p>\n<p>Achtung: Begrenzte Best\u00e4nde<\/p>\n","protected":false},"excerpt":{"rendered":"<p>Maschinenw\u00e4sche bei 40\u00b0.<br \/>\nVerbotene Geldw\u00e4sche<br \/>\nTrocknen im Tumbler nicht erlaubt<br \/>\nB\u00fcgeln verboten<br \/>\nF\u00fcr die chemische Reinigung zugelassene Produkte: Perchlorethylen, Kohlenwasserstoffe<\/p>\n<p>8 o d n W<\/p>\n","protected":false},"featured_media":51272,"template":"","meta":{"_acf_changed":false},"label":[],"product_brand":[],"product_cat":[1538],"product_tag":[],"gamme":[2554],"matiere":[1765],"class_list":{"0":"post-51270","1":"product","2":"type-product","3":"status-publish","4":"has-post-thumbnail","6":"product_cat-outlet-alles-auf-50-reduziert","7":"pa_couleur-dunkelgrau","8":"pa_dimensions-230-260-cm","9":"pa_grammage-150grs-m","10":"pa_matiere-100-polyester-de","11":"gamme-polipro-de","12":"matiere-polyester-de","14":"first","15":"outofstock","16":"taxable","17":"shipping-taxable","18":"purchasable","19":"product-type-variable","20":"has-default-attributes"},"acf":[],"df_price":36.15,"df_sale_price":"","df_regular_price":36.15,"df_image_link":"https:\/\/www.linvosges-hotellerie.com\/wp-content\/uploads\/2023\/09\/C.L-MATELASSE-POLIPRO-150G-GRIS-FONCE-230x260-8882804-300x300.png","_links":{"self":[{"href":"https:\/\/www.linvosges-hotellerie.com\/de\/wp-json\/wp\/v2\/product\/51270","targetHints":{"allow":["GET"]}}],"collection":[{"href":"https:\/\/www.linvosges-hotellerie.com\/de\/wp-json\/wp\/v2\/product"}],"about":[{"href":"https:\/\/www.linvosges-hotellerie.com\/de\/wp-json\/wp\/v2\/types\/product"}],"wp:featuredmedia":[{"embeddable":true,"href":"https:\/\/www.linvosges-hotellerie.com\/de\/wp-json\/wp\/v2\/media\/51272"}],"wp:attachment":[{"href":"https:\/\/www.linvosges-hotellerie.com\/de\/wp-json\/wp\/v2\/media?parent=51270"}],"wp:term":[{"taxonomy":"label","embeddable":true,"href":"https:\/\/www.linvosges-hotellerie.com\/de\/wp-json\/wp\/v2\/label?post=51270"},{"taxonomy":"product_brand","embeddable":true,"href":"https:\/\/www.linvosges-hotellerie.com\/de\/wp-json\/wp\/v2\/product_brand?post=51270"},{"taxonomy":"product_cat","embeddable":true,"href":"https:\/\/www.linvosges-hotellerie.com\/de\/wp-json\/wp\/v2\/product_cat?post=51270"},{"taxonomy":"product_tag","embeddable":true,"href":"https:\/\/www.linvosges-hotellerie.com\/de\/wp-json\/wp\/v2\/product_tag?post=51270"},{"taxonomy":"gamme","embeddable":true,"href":"https:\/\/www.linvosges-hotellerie.com\/de\/wp-json\/wp\/v2\/gamme?post=51270"},{"taxonomy":"matiere","embeddable":true,"href":"https:\/\/www.linvosges-hotellerie.com\/de\/wp-json\/wp\/v2\/matiere?post=51270"}],"curies":[{"name":"wp","href":"https:\/\/api.w.org\/{rel}","templated":true}]}}