{"id":51326,"date":"2023-12-05T16:38:55","date_gmt":"2023-12-05T15:38:55","guid":{"rendered":"https:\/\/www.linvosges-hotellerie.com\/unkategorisiert\/bettueberwurf-dax-2\/"},"modified":"2023-12-05T16:38:55","modified_gmt":"2023-12-05T15:38:55","slug":"bettueberwurf-dax-2","status":"publish","type":"product","link":"https:\/\/www.linvosges-hotellerie.com\/de\/outlet-alles-auf-50-reduziert\/bettueberwurf-dax-2\/","title":{"rendered":"Bett\u00fcberwurf Dax 2"},"content":{"rendered":"<p>Das Bayad\u00e8re-Muster dieses Bett\u00fcberwurfs verleiht Ihrem Schlafzimmer einen Hauch von Urlaub. F\u00fcllung 150 g\/m2, abgerundete Ecken und 20 cm breite Karos. Vorderseite Stoff mit Pfirsichhauteffekt in der Farbe Beige<\/p>\n<p>Achtung: Begrenzte Best\u00e4nde<\/p>\n","protected":false},"excerpt":{"rendered":"<p>Maschinenw\u00e4sche bei 40\u00b0.<br \/>\nVerbotene Geldw\u00e4sche<br \/>\nTrocknen im Tumbler nicht erlaubt<br \/>\nB\u00fcgeln verboten<br \/>\nF\u00fcr die chemische Reinigung zugelassene Produkte: Perchlorethylen, Kohlenwasserstoffe<\/p>\n<p>8 o d n W<\/p>\n","protected":false},"featured_media":51328,"template":"","meta":{"_acf_changed":false},"label":[],"product_brand":[],"product_cat":[1538],"product_tag":[],"gamme":[2571],"matiere":[1765],"class_list":{"0":"post-51326","1":"product","2":"type-product","3":"status-publish","4":"has-post-thumbnail","6":"product_cat-outlet-alles-auf-50-reduziert","7":"pa_couleur-rot","8":"pa_dimensions-180-260-cm","9":"pa_grammage-150grs-m","10":"pa_matiere-100-polyester-de","11":"gamme-dax-de","12":"matiere-polyester-de","14":"first","15":"outofstock","16":"sale","17":"taxable","18":"shipping-taxable","19":"purchasable","20":"product-type-variable"},"acf":[],"df_price":26.4,"df_sale_price":"","df_regular_price":26.4,"df_image_link":"https:\/\/www.linvosges-hotellerie.com\/wp-content\/uploads\/2023\/12\/dax-rouge-300x300.png","_links":{"self":[{"href":"https:\/\/www.linvosges-hotellerie.com\/de\/wp-json\/wp\/v2\/product\/51326","targetHints":{"allow":["GET"]}}],"collection":[{"href":"https:\/\/www.linvosges-hotellerie.com\/de\/wp-json\/wp\/v2\/product"}],"about":[{"href":"https:\/\/www.linvosges-hotellerie.com\/de\/wp-json\/wp\/v2\/types\/product"}],"wp:featuredmedia":[{"embeddable":true,"href":"https:\/\/www.linvosges-hotellerie.com\/de\/wp-json\/wp\/v2\/media\/51328"}],"wp:attachment":[{"href":"https:\/\/www.linvosges-hotellerie.com\/de\/wp-json\/wp\/v2\/media?parent=51326"}],"wp:term":[{"taxonomy":"label","embeddable":true,"href":"https:\/\/www.linvosges-hotellerie.com\/de\/wp-json\/wp\/v2\/label?post=51326"},{"taxonomy":"product_brand","embeddable":true,"href":"https:\/\/www.linvosges-hotellerie.com\/de\/wp-json\/wp\/v2\/product_brand?post=51326"},{"taxonomy":"product_cat","embeddable":true,"href":"https:\/\/www.linvosges-hotellerie.com\/de\/wp-json\/wp\/v2\/product_cat?post=51326"},{"taxonomy":"product_tag","embeddable":true,"href":"https:\/\/www.linvosges-hotellerie.com\/de\/wp-json\/wp\/v2\/product_tag?post=51326"},{"taxonomy":"gamme","embeddable":true,"href":"https:\/\/www.linvosges-hotellerie.com\/de\/wp-json\/wp\/v2\/gamme?post=51326"},{"taxonomy":"matiere","embeddable":true,"href":"https:\/\/www.linvosges-hotellerie.com\/de\/wp-json\/wp\/v2\/matiere?post=51326"}],"curies":[{"name":"wp","href":"https:\/\/api.w.org\/{rel}","templated":true}]}}