{"id":51513,"date":"2021-09-03T11:42:01","date_gmt":"2021-09-03T09:42:01","guid":{"rendered":"https:\/\/www.linvosges-hotellerie.com\/unkategorisiert\/bademantel-spa-und-pool-sweet-life\/"},"modified":"2026-05-10T00:14:03","modified_gmt":"2026-05-09T22:14:03","slug":"bademantel-spa-und-pool-sweet-life","status":"publish","type":"product","link":"https:\/\/www.linvosges-hotellerie.com\/de\/die-schwamme\/spa-und-swimmingpool\/bademantel-spa-und-pool-sweet-life\/","title":{"rendered":"Bademantel Spa und Pool Sweet life"},"content":{"rendered":"<p>Dieser Bademantel, der dem Wohlbefinden gewidmet ist, ist aus wei\u00dfem Mikrofaserfrottee gefertigt. Es ist nicht nur leicht, was die Kosten f\u00fcr die W\u00e4sche reduziert, sondern auch super saugf\u00e4hig. Das schnell trocknende Baumwoll-Polyester-Mischgewebe rundet die Vorz\u00fcge ab, um den professionellen Anspr\u00fcchen gerecht zu werden.<br \/>\nEr ist mit 2 Taschen, einem Halsband und einem G\u00fcrtel mit G\u00fcrtelschlaufen ausgestattet. Innen Frottee, au\u00dfen Mikrofaser<\/p>\n","protected":false},"excerpt":{"rendered":"<p>Maschinenw\u00e4sche bei 60\u00b0.<br \/>\nErlaubte Geldw\u00e4sche<br \/>\nTrocknen im Tumbler bei 60\u00b0.<br \/>\nB\u00fcgeln bei einer Temperatur von bis zu 110\u00b0 ohne Dampf<br \/>\nNicht chemisch reinigen<\/p>\n<p><span class=\"ginetex\">4 u s n U<\/span><\/p>\n","protected":false},"featured_media":32497,"template":"","meta":{"_acf_changed":false},"label":[],"product_brand":[],"product_cat":[2599,1586,1767],"product_tag":[],"gamme":[1764],"matiere":[1637],"class_list":{"0":"post-51513","1":"product","2":"type-product","3":"status-publish","4":"has-post-thumbnail","6":"product_cat-bademantel","7":"product_cat-die-schwamme","8":"product_cat-spa-und-swimmingpool","9":"pa_couleur-schokolade","10":"pa_couleur-weis","11":"pa_dimensions-l","12":"pa_dimensions-m","13":"pa_dimensions-s","14":"pa_dimensions-xl","15":"pa_dimensions-xxl","16":"pa_grammage-300grs-m","17":"pa_matiere-50-baumwolle-50-polyester","18":"gamme-suses-leben","19":"matiere-polycotton","21":"first","22":"instock","23":"taxable","24":"shipping-taxable","25":"purchasable","26":"product-type-variable","27":"has-default-attributes"},"acf":[],"df_price":31.37,"df_sale_price":"","df_regular_price":31.37,"df_image_link":"https:\/\/www.linvosges-hotellerie.com\/wp-content\/uploads\/2021\/09\/linge-de-bain-sweet-life-spa-hotel-professionnel-linvosges-hotellerie-300x300.jpg","_links":{"self":[{"href":"https:\/\/www.linvosges-hotellerie.com\/de\/wp-json\/wp\/v2\/product\/51513","targetHints":{"allow":["GET"]}}],"collection":[{"href":"https:\/\/www.linvosges-hotellerie.com\/de\/wp-json\/wp\/v2\/product"}],"about":[{"href":"https:\/\/www.linvosges-hotellerie.com\/de\/wp-json\/wp\/v2\/types\/product"}],"wp:featuredmedia":[{"embeddable":true,"href":"https:\/\/www.linvosges-hotellerie.com\/de\/wp-json\/wp\/v2\/media\/32497"}],"wp:attachment":[{"href":"https:\/\/www.linvosges-hotellerie.com\/de\/wp-json\/wp\/v2\/media?parent=51513"}],"wp:term":[{"taxonomy":"label","embeddable":true,"href":"https:\/\/www.linvosges-hotellerie.com\/de\/wp-json\/wp\/v2\/label?post=51513"},{"taxonomy":"product_brand","embeddable":true,"href":"https:\/\/www.linvosges-hotellerie.com\/de\/wp-json\/wp\/v2\/product_brand?post=51513"},{"taxonomy":"product_cat","embeddable":true,"href":"https:\/\/www.linvosges-hotellerie.com\/de\/wp-json\/wp\/v2\/product_cat?post=51513"},{"taxonomy":"product_tag","embeddable":true,"href":"https:\/\/www.linvosges-hotellerie.com\/de\/wp-json\/wp\/v2\/product_tag?post=51513"},{"taxonomy":"gamme","embeddable":true,"href":"https:\/\/www.linvosges-hotellerie.com\/de\/wp-json\/wp\/v2\/gamme?post=51513"},{"taxonomy":"matiere","embeddable":true,"href":"https:\/\/www.linvosges-hotellerie.com\/de\/wp-json\/wp\/v2\/matiere?post=51513"}],"curies":[{"name":"wp","href":"https:\/\/api.w.org\/{rel}","templated":true}]}}