{"id":51539,"date":"2024-01-29T15:30:58","date_gmt":"2024-01-29T14:30:58","guid":{"rendered":"https:\/\/www.linvosges-hotellerie.com\/unkategorisiert\/fuss-zylinder\/"},"modified":"2024-01-29T15:30:58","modified_gmt":"2024-01-29T14:30:58","slug":"fuss-zylinder","status":"publish","type":"product","link":"https:\/\/www.linvosges-hotellerie.com\/de\/bettwasche-de\/fusende-des-bettes\/fuss-zylinder\/","title":{"rendered":"Fu\u00df Zylinder"},"content":{"rendered":"<p>Holzfu\u00dfteil Zylinder<\/p>\n<p><strong>ST\u00c4RKEN :<\/strong><\/p>\n<ul>\n<li><strong>Komfort:<\/strong> gro\u00dfer Durchmesser, der eine gute Stabilit\u00e4t der Liegefl\u00e4che gew\u00e4hrleistet<\/li>\n<li><strong>Hygiene: <\/strong>f\u00f6rdert die Bel\u00fcftung des Bettes durch die Erh\u00f6hung der Fu\u00dfh\u00f6he.<\/li>\n<li><strong>Design:<\/strong> zylindrische Form aus Naturholz f\u00fcr einen authentischen Look<\/li>\n<li><strong>Kompatibilit\u00e4t:<\/strong> Gewindestange mit 8 mm Durchmesser (Standard), so dass die F\u00fc\u00dfe in die meisten Bettgestelle passen.<\/li>\n<\/ul>\n<p>&nbsp;<\/p>\n<ul>\n<li><strong>H\u00f6he :  <\/strong><\/li>\n<\/ul>\n<p>&#8211; 15cm hoch \/ 5.5cm breit<br \/>\n&#8211; 20cm hoch \/ 6cm breit<br \/>\n&#8211; 25cm hoch \/ 7cm breit<\/p>\n<ul>\n<li><strong>Farben: <\/strong>Naturholz<\/li>\n<\/ul>\n","protected":false},"excerpt":{"rendered":"<p><b>Die F\u00fc\u00dfe werden einzeln oder im 4er-Pack verkauft.<\/b><\/p>\n","protected":false},"featured_media":51541,"template":"","meta":{"_acf_changed":false},"label":[],"product_brand":[],"product_cat":[2370,2608],"product_tag":[],"gamme":[2606],"matiere":[],"class_list":{"0":"post-51539","1":"product","2":"type-product","3":"status-publish","4":"has-post-thumbnail","6":"product_cat-bettwasche-de","7":"product_cat-fusende-des-bettes","8":"pa_couleur-naturliches-holz","9":"gamme-zylinder","11":"first","12":"instock","13":"taxable","14":"shipping-taxable","15":"purchasable","16":"product-type-variable"},"acf":[],"df_price":"","df_sale_price":"","df_regular_price":"","df_image_link":"https:\/\/www.linvosges-hotellerie.com\/wp-content\/uploads\/2024\/01\/BOIS-CYLINDRIQUE-NATUREL-LOT-4-300x300.jpg","_links":{"self":[{"href":"https:\/\/www.linvosges-hotellerie.com\/de\/wp-json\/wp\/v2\/product\/51539","targetHints":{"allow":["GET"]}}],"collection":[{"href":"https:\/\/www.linvosges-hotellerie.com\/de\/wp-json\/wp\/v2\/product"}],"about":[{"href":"https:\/\/www.linvosges-hotellerie.com\/de\/wp-json\/wp\/v2\/types\/product"}],"wp:featuredmedia":[{"embeddable":true,"href":"https:\/\/www.linvosges-hotellerie.com\/de\/wp-json\/wp\/v2\/media\/51541"}],"wp:attachment":[{"href":"https:\/\/www.linvosges-hotellerie.com\/de\/wp-json\/wp\/v2\/media?parent=51539"}],"wp:term":[{"taxonomy":"label","embeddable":true,"href":"https:\/\/www.linvosges-hotellerie.com\/de\/wp-json\/wp\/v2\/label?post=51539"},{"taxonomy":"product_brand","embeddable":true,"href":"https:\/\/www.linvosges-hotellerie.com\/de\/wp-json\/wp\/v2\/product_brand?post=51539"},{"taxonomy":"product_cat","embeddable":true,"href":"https:\/\/www.linvosges-hotellerie.com\/de\/wp-json\/wp\/v2\/product_cat?post=51539"},{"taxonomy":"product_tag","embeddable":true,"href":"https:\/\/www.linvosges-hotellerie.com\/de\/wp-json\/wp\/v2\/product_tag?post=51539"},{"taxonomy":"gamme","embeddable":true,"href":"https:\/\/www.linvosges-hotellerie.com\/de\/wp-json\/wp\/v2\/gamme?post=51539"},{"taxonomy":"matiere","embeddable":true,"href":"https:\/\/www.linvosges-hotellerie.com\/de\/wp-json\/wp\/v2\/matiere?post=51539"}],"curies":[{"name":"wp","href":"https:\/\/api.w.org\/{rel}","templated":true}]}}