{"id":51610,"date":"2024-01-29T15:44:05","date_gmt":"2024-01-29T14:44:05","guid":{"rendered":"https:\/\/www.linvosges-hotellerie.com\/unkategorisiert\/fuss-kegel\/"},"modified":"2024-01-29T15:44:05","modified_gmt":"2024-01-29T14:44:05","slug":"fuss-kegel","status":"publish","type":"product","link":"https:\/\/www.linvosges-hotellerie.com\/de\/bettwasche-de\/fusende-des-bettes\/fuss-kegel\/","title":{"rendered":"Fu\u00df Kegel"},"content":{"rendered":"<p>Bettfu\u00df Rollkonus<\/p>\n<p><strong>ST\u00c4RKEN :<\/strong><\/p>\n<ul>\n<li><strong>Komfort:<\/strong> gute Liegestabilit\u00e4t<\/li>\n<li><strong>Hygiene: <\/strong>Die H\u00f6he von 15 cm beg\u00fcnstigt die Bel\u00fcftung der Bettw\u00e4sche durch die Erh\u00f6hung.<\/li>\n<li><strong>Design:<\/strong> spindelf\u00f6rmig, auf einer ungebremsten Rolle montiert (Option mit Bremse auf Anfrage)<\/li>\n<li><strong>Kompatibilit\u00e4t:<\/strong> Gewindestange mit 8 mm Durchmesser (Standard), so dass die F\u00fc\u00dfe in die meisten Bettgestelle passen.<\/li>\n<\/ul>\n<p>&nbsp;<\/p>\n<ul>\n<li><strong>H\u00f6he :  <\/strong><\/li>\n<\/ul>\n<p>&#8211; 15cm hoch \/ 7cm breit<\/p>\n<ul>\n<li><strong>Farben: <\/strong>Naturholz<\/li>\n<\/ul>\n","protected":false},"excerpt":{"rendered":"<p>F\u00fc\u00dfe werden einzeln verkauft<\/p>\n","protected":false},"featured_media":51612,"template":"","meta":{"_acf_changed":false},"label":[],"product_brand":[],"product_cat":[2370,2608],"product_tag":[],"gamme":[2623],"matiere":[],"class_list":{"0":"post-51610","1":"product","2":"type-product","3":"status-publish","4":"has-post-thumbnail","6":"product_cat-bettwasche-de","7":"product_cat-fusende-des-bettes","8":"pa_couleur-naturliches-holz","9":"gamme-kone","11":"first","12":"instock","13":"taxable","14":"shipping-taxable","15":"purchasable","16":"product-type-variable"},"acf":[],"df_price":"","df_sale_price":"","df_regular_price":"","df_image_link":"https:\/\/www.linvosges-hotellerie.com\/wp-content\/uploads\/2024\/01\/Pieds-a-roulette-fuseau-300x300.png","_links":{"self":[{"href":"https:\/\/www.linvosges-hotellerie.com\/de\/wp-json\/wp\/v2\/product\/51610","targetHints":{"allow":["GET"]}}],"collection":[{"href":"https:\/\/www.linvosges-hotellerie.com\/de\/wp-json\/wp\/v2\/product"}],"about":[{"href":"https:\/\/www.linvosges-hotellerie.com\/de\/wp-json\/wp\/v2\/types\/product"}],"wp:featuredmedia":[{"embeddable":true,"href":"https:\/\/www.linvosges-hotellerie.com\/de\/wp-json\/wp\/v2\/media\/51612"}],"wp:attachment":[{"href":"https:\/\/www.linvosges-hotellerie.com\/de\/wp-json\/wp\/v2\/media?parent=51610"}],"wp:term":[{"taxonomy":"label","embeddable":true,"href":"https:\/\/www.linvosges-hotellerie.com\/de\/wp-json\/wp\/v2\/label?post=51610"},{"taxonomy":"product_brand","embeddable":true,"href":"https:\/\/www.linvosges-hotellerie.com\/de\/wp-json\/wp\/v2\/product_brand?post=51610"},{"taxonomy":"product_cat","embeddable":true,"href":"https:\/\/www.linvosges-hotellerie.com\/de\/wp-json\/wp\/v2\/product_cat?post=51610"},{"taxonomy":"product_tag","embeddable":true,"href":"https:\/\/www.linvosges-hotellerie.com\/de\/wp-json\/wp\/v2\/product_tag?post=51610"},{"taxonomy":"gamme","embeddable":true,"href":"https:\/\/www.linvosges-hotellerie.com\/de\/wp-json\/wp\/v2\/gamme?post=51610"},{"taxonomy":"matiere","embeddable":true,"href":"https:\/\/www.linvosges-hotellerie.com\/de\/wp-json\/wp\/v2\/matiere?post=51610"}],"curies":[{"name":"wp","href":"https:\/\/api.w.org\/{rel}","templated":true}]}}