{"id":51627,"date":"2020-11-27T05:31:20","date_gmt":"2020-11-27T04:31:20","guid":{"rendered":"https:\/\/www.linvosges-hotellerie.com\/unkategorisiert\/seraphim-latzschuerze-aus-baumwolle\/"},"modified":"2020-11-27T05:31:20","modified_gmt":"2020-11-27T04:31:20","slug":"seraphim-latzschuerze-aus-baumwolle","status":"publish","type":"product","link":"https:\/\/www.linvosges-hotellerie.com\/de\/der-tisch\/buro\/tablier-de\/seraphim-latzschuerze-aus-baumwolle\/","title":{"rendered":"Seraphim Latzsch\u00fcrze aus Baumwolle"},"content":{"rendered":"<p>K\u00fcchensch\u00fcrze mit Latz aus reiner, dicker Baumwolle. Sch\u00fctzt vor Spritzern. Wird in der Taille mit Kordeln gebunden und passt sich den meisten K\u00f6rperformen an.<\/p>\n","protected":false},"excerpt":{"rendered":"<p>Maschinenw\u00e4sche bei 60\u00b0.<br \/>\nChlor und Bleichmittel verboten<br \/>\nTrocknen im Tumbler bei 60\u00b0.<br \/>\nB\u00fcgeln bei einer Temperatur von maximal 150\u00b0 C<br \/>\nNicht chemisch reinigen<br \/>\n<span class=\"ginetex\">  4 o s b U  <\/span><\/p>\n","protected":false},"featured_media":51632,"template":"","meta":{"_acf_changed":false},"label":[],"product_brand":[],"product_cat":[2634,1885,2635],"product_tag":[],"gamme":[2632],"matiere":[1525],"class_list":{"0":"post-51627","1":"product","2":"type-product","3":"status-publish","4":"has-post-thumbnail","6":"product_cat-buro","7":"product_cat-der-tisch","8":"product_cat-tablier-de","9":"pa_couleur-hydro-de","10":"pa_couleur-weis","11":"pa_dimensions-taille-unique","12":"pa_grammage-270grs-m","13":"pa_matiere-100-baumwolle","14":"gamme-seraphim","15":"matiere-baumwolle","17":"first","18":"instock","19":"taxable","20":"shipping-taxable","21":"purchasable","22":"product-type-variable","23":"has-default-attributes"},"acf":[],"df_price":6.98,"df_sale_price":"","df_regular_price":6.98,"df_image_link":"https:\/\/www.linvosges-hotellerie.com\/wp-content\/uploads\/2020\/12\/tablier-cuisine-a-bavette-seraphin-coton-270-grs-m2-professionnel-restaurant-linvosges-hotellerie-300x300.jpg","_links":{"self":[{"href":"https:\/\/www.linvosges-hotellerie.com\/de\/wp-json\/wp\/v2\/product\/51627","targetHints":{"allow":["GET"]}}],"collection":[{"href":"https:\/\/www.linvosges-hotellerie.com\/de\/wp-json\/wp\/v2\/product"}],"about":[{"href":"https:\/\/www.linvosges-hotellerie.com\/de\/wp-json\/wp\/v2\/types\/product"}],"wp:featuredmedia":[{"embeddable":true,"href":"https:\/\/www.linvosges-hotellerie.com\/de\/wp-json\/wp\/v2\/media\/51632"}],"wp:attachment":[{"href":"https:\/\/www.linvosges-hotellerie.com\/de\/wp-json\/wp\/v2\/media?parent=51627"}],"wp:term":[{"taxonomy":"label","embeddable":true,"href":"https:\/\/www.linvosges-hotellerie.com\/de\/wp-json\/wp\/v2\/label?post=51627"},{"taxonomy":"product_brand","embeddable":true,"href":"https:\/\/www.linvosges-hotellerie.com\/de\/wp-json\/wp\/v2\/product_brand?post=51627"},{"taxonomy":"product_cat","embeddable":true,"href":"https:\/\/www.linvosges-hotellerie.com\/de\/wp-json\/wp\/v2\/product_cat?post=51627"},{"taxonomy":"product_tag","embeddable":true,"href":"https:\/\/www.linvosges-hotellerie.com\/de\/wp-json\/wp\/v2\/product_tag?post=51627"},{"taxonomy":"gamme","embeddable":true,"href":"https:\/\/www.linvosges-hotellerie.com\/de\/wp-json\/wp\/v2\/gamme?post=51627"},{"taxonomy":"matiere","embeddable":true,"href":"https:\/\/www.linvosges-hotellerie.com\/de\/wp-json\/wp\/v2\/matiere?post=51627"}],"curies":[{"name":"wp","href":"https:\/\/api.w.org\/{rel}","templated":true}]}}