{"id":51708,"date":"2020-11-27T12:47:32","date_gmt":"2020-11-27T11:47:32","guid":{"rendered":"https:\/\/www.linvosges-hotellerie.com\/unkategorisiert\/kopfkissen-ente-natur-komfort\/"},"modified":"2020-11-27T12:47:32","modified_gmt":"2020-11-27T11:47:32","slug":"kopfkissen-ente-natur-komfort","status":"publish","type":"product","link":"https:\/\/www.linvosges-hotellerie.com\/de\/bettwasche-de\/kopfkissen-und-nackenrolle\/kopfkissen-ente-natur-komfort\/","title":{"rendered":"Kopfkissen Ente Natur Komfort"},"content":{"rendered":"<p>Un\u00fcbertroffene Qualit\u00e4t in der Tradition luxuri\u00f6ser Bettwaren. Gef\u00fcllt mit neuen Entendaunen und -federn. Mittlerer Komfort f\u00fcr die meisten Menschen. Wei\u00dfe Satinpaspelierung rundum<\/p>\n","protected":false},"excerpt":{"rendered":"<p>Maschinenw\u00e4sche bei 40\u00b0.<br \/>\nChlor und Bleichmittel verboten<br \/>\nW\u00e4schetrockner verboten<br \/>\nB\u00fcgeln verboten<br \/>\nNicht chemisch reinigen<br \/>\n<span class=\"ginetex\">  8 o d m U  <\/span><\/p>\n","protected":false},"featured_media":51713,"template":"","meta":{"_acf_changed":false},"label":[],"product_brand":[],"product_cat":[2370,2673],"product_tag":[],"gamme":[2674],"matiere":[1525,2676,2675],"class_list":{"0":"post-51708","1":"product","2":"type-product","3":"status-publish","4":"has-post-thumbnail","6":"product_cat-bettwasche-de","7":"product_cat-kopfkissen-und-nackenrolle","8":"pa_couleur-weis","9":"pa_dimensions-50-70-cm","10":"pa_dimensions-60-60-cm","11":"pa_dimensions-65-65-cm","12":"pa_grammage-850grs","13":"pa_grammage-900grs","14":"pa_matiere-fullung-neue-ente-30-daunen-70-federn-hulle-koper-aus-100-baumwolle","15":"gamme-naturlich-komfort","16":"matiere-baumwolle","17":"matiere-daunen","18":"matiere-federn","20":"first","21":"instock","22":"taxable","23":"shipping-taxable","24":"purchasable","25":"product-type-variable","26":"has-default-attributes"},"acf":[],"df_price":34.5,"df_sale_price":"","df_regular_price":34.5,"df_image_link":"https:\/\/www.linvosges-hotellerie.com\/wp-content\/uploads\/2020\/12\/oreiller-canard-naturel-confort-hotel-professionnel-linvosges-hotellerie-300x300.jpg","_links":{"self":[{"href":"https:\/\/www.linvosges-hotellerie.com\/de\/wp-json\/wp\/v2\/product\/51708","targetHints":{"allow":["GET"]}}],"collection":[{"href":"https:\/\/www.linvosges-hotellerie.com\/de\/wp-json\/wp\/v2\/product"}],"about":[{"href":"https:\/\/www.linvosges-hotellerie.com\/de\/wp-json\/wp\/v2\/types\/product"}],"wp:featuredmedia":[{"embeddable":true,"href":"https:\/\/www.linvosges-hotellerie.com\/de\/wp-json\/wp\/v2\/media\/51713"}],"wp:attachment":[{"href":"https:\/\/www.linvosges-hotellerie.com\/de\/wp-json\/wp\/v2\/media?parent=51708"}],"wp:term":[{"taxonomy":"label","embeddable":true,"href":"https:\/\/www.linvosges-hotellerie.com\/de\/wp-json\/wp\/v2\/label?post=51708"},{"taxonomy":"product_brand","embeddable":true,"href":"https:\/\/www.linvosges-hotellerie.com\/de\/wp-json\/wp\/v2\/product_brand?post=51708"},{"taxonomy":"product_cat","embeddable":true,"href":"https:\/\/www.linvosges-hotellerie.com\/de\/wp-json\/wp\/v2\/product_cat?post=51708"},{"taxonomy":"product_tag","embeddable":true,"href":"https:\/\/www.linvosges-hotellerie.com\/de\/wp-json\/wp\/v2\/product_tag?post=51708"},{"taxonomy":"gamme","embeddable":true,"href":"https:\/\/www.linvosges-hotellerie.com\/de\/wp-json\/wp\/v2\/gamme?post=51708"},{"taxonomy":"matiere","embeddable":true,"href":"https:\/\/www.linvosges-hotellerie.com\/de\/wp-json\/wp\/v2\/matiere?post=51708"}],"curies":[{"name":"wp","href":"https:\/\/api.w.org\/{rel}","templated":true}]}}